{"id":170,"date":"2024-03-21T16:55:16","date_gmt":"2024-03-21T15:55:16","guid":{"rendered":"https:\/\/ldv.sace.fr\/?page_id=170"},"modified":"2024-04-10T09:35:45","modified_gmt":"2024-04-10T07:35:45","slug":"comptes-rendus","status":"publish","type":"page","link":"https:\/\/ldv.sace.fr\/index.php\/commune\/conseil-municipal\/comptes-rendus\/","title":{"rendered":"Comptes rendus"},"content":{"rendered":"\n<h2 class=\"wp-block-heading has-text-align-center\"><strong>Ann\u00e9e 2023<\/strong><\/h2>\n\n\n\n<h4 class=\"wp-block-heading has-text-align-center\"><a href=\"https:\/\/ldv.sace.fr\/wp-content\/uploads\/2024\/04\/Proces-verbal-CM-08.11.2023-pour-REGISTRE-2.pdf\" target=\"_blank\" rel=\"noreferrer noopener\">Proc\u00e8s-verbal s\u00e9ance 08.11.2023<\/a><\/h4>\n\n\n\n<h4 class=\"wp-block-heading has-text-align-center\"><a href=\"https:\/\/ldv.sace.fr\/wp-content\/uploads\/2024\/04\/Proces-verbal-CM-17.10.2023-pour-REGISTRE.pdf\" target=\"_blank\" rel=\"noreferrer noopener\">Proc\u00e8s-verbal s\u00e9ance 17.10.2023<\/a><\/h4>\n\n\n\n<h4 class=\"wp-block-heading has-text-align-center\"><a href=\"https:\/\/ldv.sace.fr\/wp-content\/uploads\/2024\/04\/Proces-verbal-CM-19.09.2023-pour-REGISTRE.pdf\" target=\"_blank\" rel=\"noreferrer noopener\">Proc\u00e8s-verbal CM 19\/09\/2023<\/a><\/h4>\n\n\n\n<h4 class=\"wp-block-heading has-text-align-center\"><a href=\"https:\/\/www.sace.fr\/wp-content\/uploads\/2023\/10\/Proces-verbal-seance-12.07.2023.pdf\" target=\"_blank\" rel=\"noreferrer noopener\">Proc\u00e8s-verbal s\u00e9ance <\/a><a href=\"https:\/\/ldv.sace.fr\/wp-content\/uploads\/2024\/04\/Proces-verbal-seance-12.07.2023.pdf\" target=\"_blank\" rel=\"noreferrer noopener\">12.07.2023<\/a><\/h4>\n\n\n\n<h4 class=\"wp-block-heading has-text-align-center\"><a href=\"https:\/\/ldv.sace.fr\/wp-content\/uploads\/2024\/04\/Proces-verbal-seance-29.06.2023.pdf\" target=\"_blank\" rel=\"noreferrer noopener\">Proc\u00e8s-verbal s\u00e9ance 29.06.2023<\/a><\/h4>\n\n\n\n<h4 class=\"wp-block-heading has-text-align-center\"><a href=\"https:\/\/ldv.sace.fr\/wp-content\/uploads\/2024\/04\/Proces-verbal-seance-22.06.2023.pdf\" target=\"_blank\" rel=\"noreferrer noopener\">Proc\u00e8s-verbal s\u00e9ance 22.06.2023<\/a><\/h4>\n\n\n\n<h4 class=\"wp-block-heading has-text-align-center\"><a href=\"https:\/\/ldv.sace.fr\/wp-content\/uploads\/2024\/04\/Proces-verbal-seance-09.05.2023.pdf\" target=\"_blank\" rel=\"noreferrer noopener\">Proc\u00e8s-verbal s\u00e9ance 09.05.2023<\/a><\/h4>\n\n\n\n<h4 class=\"wp-block-heading has-text-align-center\"><a href=\"https:\/\/ldv.sace.fr\/wp-content\/uploads\/2024\/04\/Proces-verbal-seance-11.04.2023.pdf\" target=\"_blank\" rel=\"noreferrer noopener\">Proc\u00e8s-verbal s\u00e9ance 11.04.2023<\/a><\/h4>\n\n\n\n<h4 class=\"wp-block-heading has-text-align-center\"><a href=\"https:\/\/ldv.sace.fr\/wp-content\/uploads\/2024\/04\/Proces-verbal-seance-21.03.2023.pdf\" target=\"_blank\" rel=\"noreferrer noopener\">Proc\u00e8s-verbal s\u00e9ance 21.03.2023<\/a><\/h4>\n\n\n\n<h4 class=\"wp-block-heading has-text-align-center\"><a href=\"https:\/\/www.sace.fr\/wp-content\/uploads\/2023\/10\/Proces-verbal-seance-01.03.2023.pdf\" target=\"_blank\" rel=\"noreferrer noopener\">Proc\u00e8s-verbal s\u00e9ance <\/a><a href=\"https:\/\/ldv.sace.fr\/wp-content\/uploads\/2024\/04\/Proces-verbal-seance-01.03.2023.pdf\" target=\"_blank\" rel=\"noreferrer noopener\">01.03.2023<\/a><\/h4>\n\n\n\n<h4 class=\"wp-block-heading has-text-align-center\"><a href=\"https:\/\/www.sace.fr\/wp-content\/uploads\/2023\/10\/Proces-verbal-seance-25.01.2023.pdf\" target=\"_blank\" rel=\"noreferrer noopener\">Proc\u00e8s-verbal s\u00e9ance <\/a><a href=\"https:\/\/ldv.sace.fr\/wp-content\/uploads\/2024\/04\/Proces-verbal-seance-25.01.2023.pdf\" target=\"_blank\" rel=\"noreferrer noopener\">25.01.2023<\/a><\/h4>\n\n\n\n<h2 class=\"wp-block-heading has-text-align-center\"><strong>Ann\u00e9e 2022<\/strong><\/h2>\n\n\n\n<h4 class=\"wp-block-heading has-text-align-center\"><a href=\"https:\/\/ldv.sace.fr\/wp-content\/uploads\/2024\/04\/Compte-rendu-CM-12.12.2022-pour-AFFICHAGE-2.pdf\" target=\"_blank\" rel=\"noreferrer noopener\">Compte-rendu CM 12.12.2022<\/a><\/h4>\n\n\n\n<h4 class=\"wp-block-heading has-text-align-center\"><a href=\"https:\/\/www.sace.fr\/wp-content\/uploads\/2023\/01\/Compte-rendu-CM-15.11.2022-pour-AFFICHAGE.pdf\" target=\"_blank\" rel=\"noreferrer noopener\">Compte-rendu CM 15.11.2022<\/a><\/h4>\n\n\n\n<h4 class=\"wp-block-heading has-text-align-center\"><a href=\"https:\/\/www.sace.fr\/wp-content\/uploads\/2023\/01\/Compte-rendu-CM-17.10.2022-pour-AFFICHAGE.pdf\" target=\"_blank\" rel=\"noreferrer noopener\">Compte-rendu CM 17.10.2022<\/a><\/h4>\n\n\n\n<h4 class=\"wp-block-heading has-text-align-center\"><a href=\"https:\/\/www.sace.fr\/wp-content\/uploads\/2022\/12\/Compte-rendu-CM-08.09.2022-pour-AFFICHAGE.pdf\" target=\"_blank\" rel=\"noreferrer noopener\">Compte-rendu CM du 08.09.2022<\/a><\/h4>\n\n\n\n<h4 class=\"wp-block-heading has-text-align-center\"><a href=\"https:\/\/www.sace.fr\/wp-content\/uploads\/2022\/09\/Compte-rendu-CM-20.06.2022-pour-AFFICHAGE.pdf\" target=\"_blank\" rel=\"noreferrer noopener\">Compte-rendu CM du 20.06.2022<\/a><\/h4>\n\n\n\n<h4 class=\"wp-block-heading has-text-align-center\"><a href=\"https:\/\/www.sace.fr\/wp-content\/uploads\/2022\/09\/Compte-rendu-CM-16.05.2022-pour-AFFICHAGE.pdf\" target=\"_blank\" rel=\"noreferrer noopener\">Compte-rendu CM du 16.05.2022<\/a><\/h4>\n\n\n\n<h4 class=\"wp-block-heading has-text-align-center\"><a href=\"https:\/\/www.sace.fr\/wp-content\/uploads\/2022\/09\/Compte-rendu-CM-05.04.2022-pour-AFFICHAGE.pdf\" target=\"_blank\" rel=\"noreferrer noopener\">Compte-rendu CM du 05.04.2022<\/a><\/h4>\n\n\n\n<h4 class=\"wp-block-heading has-text-align-center\"><a href=\"https:\/\/www.sace.fr\/wp-content\/uploads\/2022\/09\/Compte-rendu-CM-28.02.2022-pour-AFFICHAGE.pdf\" target=\"_blank\" rel=\"noreferrer noopener\">Compte-rendu CM du 28.02.2022<\/a><\/h4>\n\n\n\n<h4 class=\"wp-block-heading has-text-align-center\"><a href=\"https:\/\/www.sace.fr\/wp-content\/uploads\/2022\/02\/Compte-rendu-CM-25.01.2022-pour-AFFICHAGE.pdf\" target=\"_blank\" rel=\"noreferrer noopener\">Compte rendu CM 25.01.2022<\/a><\/h4>\n\n\n\n<h2 class=\"wp-block-heading has-text-align-center\"><strong>Ann\u00e9e 2021<\/strong><\/h2>\n\n\n\n<h4 class=\"wp-block-heading has-text-align-center\"><a href=\"https:\/\/www.sace.fr\/wp-content\/uploads\/2022\/02\/Compte-rendu-CM-17.11.2021-pour-AFFICHAGE.pdf\" target=\"_blank\" rel=\"noreferrer noopener\">Compte rendu CM 17.11.2021<\/a><\/h4>\n\n\n\n<h4 class=\"wp-block-heading has-text-align-center\"><a href=\"https:\/\/www.sace.fr\/wp-content\/uploads\/2021\/11\/Compte-rendu-CM-12.10.2021-pour-AFFICHAGE.pdf\" target=\"_blank\" rel=\"noreferrer noopener\">Compte-rendu CM 12.10.2021<\/a><\/h4>\n\n\n\n<h4 class=\"wp-block-heading has-text-align-center\"><a href=\"https:\/\/www.sace.fr\/wp-content\/uploads\/2021\/10\/Compte-rendu-CM-08.09.2021-pour-AFFICHAGE.pdf\" target=\"_blank\" rel=\"noreferrer noopener\">Compte rendu CM 08.09.2021<\/a><\/h4>\n\n\n\n<h4 class=\"wp-block-heading has-text-align-center\"><a href=\"https:\/\/www.sace.fr\/wp-content\/uploads\/2021\/10\/Compte-rendu-CM-06.07.2021-pour-AFFICHAGE.pdf\" target=\"_blank\" rel=\"noreferrer noopener\">Compte rendu CM 06.07.2021<\/a><\/h4>\n\n\n\n<h4 class=\"wp-block-heading has-text-align-center\"><a href=\"https:\/\/www.sace.fr\/wp-content\/uploads\/2021\/10\/Compte-rendu-CM-28.05.2021-pour-AFFICHAGE.pdf\" target=\"_blank\" rel=\"noreferrer noopener\">Compte rendu CM 28.05.2021<\/a><\/h4>\n\n\n\n<h4 class=\"wp-block-heading has-text-align-center\"><a href=\"https:\/\/www.sace.fr\/wp-content\/uploads\/2021\/10\/Compte-rendu-CM-23.04.2021-pour-AFFICHAGE.pdf\" target=\"_blank\" rel=\"noreferrer noopener\">Compte rendu CM 23.04.2021<\/a><\/h4>\n\n\n\n<h4 class=\"wp-block-heading has-text-align-center\"><a href=\"https:\/\/www.sace.fr\/wp-content\/uploads\/2021\/10\/Compte-rendu-CM-29.03.2021-pour-AFFICHAGE.pdf\" target=\"_blank\" rel=\"noreferrer noopener\">Compte rendu CM 29.03.2021<\/a><\/h4>\n\n\n\n<h4 class=\"wp-block-heading has-text-align-center\"><a href=\"https:\/\/www.sace.fr\/wp-content\/uploads\/2021\/10\/Compte-rendu-CM-15.03.2021-pour-AFFICHAGE.pdf\" target=\"_blank\" rel=\"noreferrer noopener\">Compte rendu CM 15.03.2021<\/a><\/h4>\n\n\n\n<h4 class=\"wp-block-heading has-text-align-center\"><a href=\"https:\/\/www.sace.fr\/wp-content\/uploads\/2021\/10\/Compte-rendu-CM-16.02.2021-pour-AFFICHAGE.pdf\" target=\"_blank\" rel=\"noreferrer noopener\">Compte-rendu CM 16.02.2021<\/a><\/h4>\n\n\n\n<h4 class=\"wp-block-heading has-text-align-center\"><a href=\"https:\/\/www.sace.fr\/wp-content\/uploads\/2021\/02\/Compte-rendu-CM-19.01.2021-pour-AFFICHAGE.pdf\" target=\"_blank\" rel=\"noreferrer noopener\">Compte rendu CM 19.01.2021<\/a><\/h4>\n\n\n\n<h2 class=\"wp-block-heading has-text-align-center\"><strong>Ann\u00e9e 2020<\/strong><\/h2>\n\n\n\n<h4 class=\"wp-block-heading has-text-align-center\"><a href=\"https:\/\/ldv.sace.fr\/wp-content\/uploads\/2024\/04\/Compte-rendu-CM-01.12.2020-pour-AFFICHAGE-1.pdf\" target=\"_blank\" rel=\"noreferrer noopener\">Compte rendu CM 01.12.2020<\/a><\/h4>\n\n\n\n<h4 class=\"wp-block-heading has-text-align-center\"><a href=\"https:\/\/ldv.sace.fr\/wp-content\/uploads\/2024\/04\/Compte-rendu-CM-13.10.2020-pour-REGISTRE-1.pdf\" data-type=\"link\" data-id=\"https:\/\/ldv.sace.fr\/wp-content\/uploads\/2024\/04\/Compte-rendu-CM-13.10.2020-pour-REGISTRE-1.pdf\">Compte rendu CM 13.10.2020<\/a><\/h4>\n\n\n\n<h4 class=\"wp-block-heading has-text-align-center\"><a href=\"https:\/\/ldv.sace.fr\/wp-content\/uploads\/2024\/04\/Compte-rendu-CM-08.09.2020-pour-AFFICHAGE.pdf\" target=\"_blank\" rel=\"noreferrer noopener\">Compte-rendu du 08.09.2020<\/a><\/h4>\n\n\n\n<h4 class=\"wp-block-heading has-text-align-center\"><a href=\"https:\/\/ldv.sace.fr\/wp-content\/uploads\/2024\/04\/SACE-Compte-rendu-conseil-municipal-26.05.2020.pdf\" target=\"_blank\" rel=\"noreferrer noopener\">Compte-rendu CM 26.05.2020<\/a><\/h4>\n\n\n\n<h4 class=\"wp-block-heading has-text-align-center\"><a href=\"https:\/\/ldv.sace.fr\/wp-content\/uploads\/2024\/04\/Compte-rendu-CM-13.10.2020-pour-REGISTRE-3.pdf\" target=\"_blank\" rel=\"noreferrer noopener\">Compte-rendu CM 13.03.2020<\/a><\/h4>\n","protected":false},"excerpt":{"rendered":"<p>Ann\u00e9e 2023 Proc\u00e8s-verbal s\u00e9ance 08.11.2023 Proc\u00e8s-verbal s\u00e9ance 17.10.2023 Proc\u00e8s-verbal CM 19\/09\/2023 Proc\u00e8s-verbal s\u00e9ance 12.07.2023 Proc\u00e8s-verbal s\u00e9ance 29.06.2023 Proc\u00e8s-verbal s\u00e9ance 22.06.2023 Proc\u00e8s-verbal s\u00e9ance 09.05.2023 Proc\u00e8s-verbal s\u00e9ance 11.04.2023 Proc\u00e8s-verbal s\u00e9ance 21.03.2023 Proc\u00e8s-verbal [&hellip;]<\/p>\n","protected":false},"author":1,"featured_media":0,"parent":188,"menu_order":0,"comment_status":"closed","ping_status":"closed","template":"","meta":{"_EventAllDay":false,"_EventTimezone":"","_EventStartDate":"","_EventEndDate":"","_EventStartDateUTC":"","_EventEndDateUTC":"","_EventShowMap":false,"_EventShowMapLink":false,"_EventURL":"","_EventCost":"","_EventCostDescription":"","_EventCurrencySymbol":"","_EventCurrencyCode":"","_EventCurrencyPosition":"","_EventDateTimeSeparator":"","_EventTimeRangeSeparator":"","_EventOrganizerID":[],"_EventVenueID":[],"_OrganizerEmail":"","_OrganizerPhone":"","_OrganizerWebsite":"","_VenueAddress":"","_VenueCity":"","_VenueCountry":"","_VenueProvince":"","_VenueState":"","_VenueZip":"","_VenuePhone":"","_VenueURL":"","_VenueStateProvince":"","_VenueLat":"","_VenueLng":"","_VenueShowMap":false,"_VenueShowMapLink":false,"footnotes":""},"class_list":["post-170","page","type-page","status-publish","hentry"],"_links":{"self":[{"href":"https:\/\/ldv.sace.fr\/index.php\/wp-json\/wp\/v2\/pages\/170","targetHints":{"allow":["GET"]}}],"collection":[{"href":"https:\/\/ldv.sace.fr\/index.php\/wp-json\/wp\/v2\/pages"}],"about":[{"href":"https:\/\/ldv.sace.fr\/index.php\/wp-json\/wp\/v2\/types\/page"}],"author":[{"embeddable":true,"href":"https:\/\/ldv.sace.fr\/index.php\/wp-json\/wp\/v2\/users\/1"}],"replies":[{"embeddable":true,"href":"https:\/\/ldv.sace.fr\/index.php\/wp-json\/wp\/v2\/comments?post=170"}],"version-history":[{"count":14,"href":"https:\/\/ldv.sace.fr\/index.php\/wp-json\/wp\/v2\/pages\/170\/revisions"}],"predecessor-version":[{"id":574,"href":"https:\/\/ldv.sace.fr\/index.php\/wp-json\/wp\/v2\/pages\/170\/revisions\/574"}],"up":[{"embeddable":true,"href":"https:\/\/ldv.sace.fr\/index.php\/wp-json\/wp\/v2\/pages\/188"}],"wp:attachment":[{"href":"https:\/\/ldv.sace.fr\/index.php\/wp-json\/wp\/v2\/media?parent=170"}],"curies":[{"name":"wp","href":"https:\/\/api.w.org\/{rel}","templated":true}]}}