{"id":172,"date":"2024-03-20T16:24:07","date_gmt":"2024-03-20T15:24:07","guid":{"rendered":"https:\/\/ldv.sace.fr\/?page_id=172"},"modified":"2025-06-24T15:25:20","modified_gmt":"2025-06-24T13:25:20","slug":"bulletin-municipal","status":"publish","type":"page","link":"https:\/\/ldv.sace.fr\/index.php\/commune\/bulletin-municipal\/","title":{"rendered":"Bulletin municipal"},"content":{"rendered":"\n<p>Le bulletin municipal est publi\u00e9 en g\u00e9n\u00e9ral une fois par an. Voici les derni\u00e8res parutions :<\/p>\n\n\n\n<p class=\"has-text-align-center\"><a href=\"https:\/\/ldv.sace.fr\/wp-content\/uploads\/2025\/06\/SACE-2025.pdf\" target=\"_blank\" rel=\"noreferrer noopener\">Bulletin municipal 2025<\/a><\/p>\n\n\n\n<p class=\"has-text-align-center\"><a href=\"https:\/\/ldv.sace.fr\/wp-content\/uploads\/2025\/06\/SACE-2024.pdf\" target=\"_blank\" rel=\"noreferrer noopener\">Bulletin municipal 2024<\/a><\/p>\n\n\n\n<p class=\"has-text-align-center\"><a href=\"https:\/\/ldv.sace.fr\/wp-content\/uploads\/2025\/06\/SACE-2023_compressed.pdf\" target=\"_blank\" rel=\"noreferrer noopener\">Bulletin municipal 2023<\/a><\/p>\n\n\n\n<p class=\"has-text-align-center\"><a href=\"https:\/\/www.sace.fr\/wp-content\/uploads\/2022\/01\/SACE-2018.pdf\" target=\"_blank\" rel=\"noreferrer noopener\">Bulletin <\/a><a href=\"https:\/\/ldv.sace.fr\/wp-content\/uploads\/2025\/06\/SACE-2022_compressed.pdf\" target=\"_blank\" rel=\"noreferrer noopener\">municipal<\/a><a href=\"https:\/\/www.sace.fr\/wp-content\/uploads\/2022\/01\/SACE-2018.pdf\" target=\"_blank\" rel=\"noreferrer noopener\"> 2022<\/a><\/p>\n\n\n\n<p class=\"has-text-align-center\"><a href=\"https:\/\/ldv.sace.fr\/wp-content\/uploads\/2024\/04\/SACE-2021_reduit.pdf\">Bulletin municipal 2021<\/a><\/p>\n","protected":false},"excerpt":{"rendered":"<p>Le bulletin municipal est publi\u00e9 en g\u00e9n\u00e9ral une fois par an. Voici les derni\u00e8res parutions : Bulletin municipal 2025 Bulletin municipal 2024 Bulletin municipal 2023 Bulletin municipal 2022 Bulletin municipal [&hellip;]<\/p>\n","protected":false},"author":1,"featured_media":0,"parent":24,"menu_order":0,"comment_status":"closed","ping_status":"closed","template":"","meta":{"_EventAllDay":false,"_EventTimezone":"","_EventStartDate":"","_EventEndDate":"","_EventStartDateUTC":"","_EventEndDateUTC":"","_EventShowMap":false,"_EventShowMapLink":false,"_EventURL":"","_EventCost":"","_EventCostDescription":"","_EventCurrencySymbol":"","_EventCurrencyCode":"","_EventCurrencyPosition":"","_EventDateTimeSeparator":"","_EventTimeRangeSeparator":"","_EventOrganizerID":[],"_EventVenueID":[],"_OrganizerEmail":"","_OrganizerPhone":"","_OrganizerWebsite":"","_VenueAddress":"","_VenueCity":"","_VenueCountry":"","_VenueProvince":"","_VenueState":"","_VenueZip":"","_VenuePhone":"","_VenueURL":"","_VenueStateProvince":"","_VenueLat":"","_VenueLng":"","_VenueShowMap":false,"_VenueShowMapLink":false,"footnotes":""},"class_list":["post-172","page","type-page","status-publish","hentry"],"_links":{"self":[{"href":"https:\/\/ldv.sace.fr\/index.php\/wp-json\/wp\/v2\/pages\/172","targetHints":{"allow":["GET"]}}],"collection":[{"href":"https:\/\/ldv.sace.fr\/index.php\/wp-json\/wp\/v2\/pages"}],"about":[{"href":"https:\/\/ldv.sace.fr\/index.php\/wp-json\/wp\/v2\/types\/page"}],"author":[{"embeddable":true,"href":"https:\/\/ldv.sace.fr\/index.php\/wp-json\/wp\/v2\/users\/1"}],"replies":[{"embeddable":true,"href":"https:\/\/ldv.sace.fr\/index.php\/wp-json\/wp\/v2\/comments?post=172"}],"version-history":[{"count":8,"href":"https:\/\/ldv.sace.fr\/index.php\/wp-json\/wp\/v2\/pages\/172\/revisions"}],"predecessor-version":[{"id":836,"href":"https:\/\/ldv.sace.fr\/index.php\/wp-json\/wp\/v2\/pages\/172\/revisions\/836"}],"up":[{"embeddable":true,"href":"https:\/\/ldv.sace.fr\/index.php\/wp-json\/wp\/v2\/pages\/24"}],"wp:attachment":[{"href":"https:\/\/ldv.sace.fr\/index.php\/wp-json\/wp\/v2\/media?parent=172"}],"curies":[{"name":"wp","href":"https:\/\/api.w.org\/{rel}","templated":true}]}}