{"id":2,"date":"2024-01-31T08:47:42","date_gmt":"2024-01-31T07:47:42","guid":{"rendered":"https:\/\/ldv.sace.fr\/?page_id=2"},"modified":"2025-06-24T14:36:25","modified_gmt":"2025-06-24T12:36:25","slug":"page-d-exemple","status":"publish","type":"page","link":"https:\/\/ldv.sace.fr\/index.php\/commune\/page-d-exemple\/","title":{"rendered":"Pr\u00e9sentation de la commune"},"content":{"rendered":"\n<h2 class=\"wp-block-heading\">Sac\u00e9, un lien entre ville et campagne<\/h2>\n\n\n\n<p style=\"padding-right:0;padding-left:0\">C\u00f4t\u00e9 ville, la commune de Sac\u00e9 est id\u00e9alement situ\u00e9e \u00e0 mi-chemin entre Laval et Mayenne, il faut \u00e0 peine 10 minutes pour arriver \u00e0 l\u2019entr\u00e9e de chaque ville (rond-point du Zoom \u00e0 Laval et zone commerciale Hyper U \u00e0 Mayenne).<br><br>C\u00f4t\u00e9 campagne, le chemin de halage et la Mayenne bordent la commune, la guinguette de Montflours et la halte fluviale de Montgiroux sont \u00e0 quelques kilom\u00e8tres. De nombreux chemins de randonn\u00e9es sillonnent la campagne, et permettent de d\u00e9couvrir un bocage pr\u00e9serv\u00e9.<br><br>Cette situation privil\u00e9gi\u00e9e a incit\u00e9 un grand nombre de jeunes m\u00e9nages \u00e0 venir s\u2019installer \u00e0 Sac\u00e9, la commune est ainsi pass\u00e9e de 300 \u00e0 500 habitants sur les 20 derni\u00e8res ann\u00e9es. L\u2019\u00e9cole (reconstruite en 2003) est le poumon du village, il y a eu jusqu\u2019\u00e0 90 enfants scolaris\u00e9s.<br><br>La proximit\u00e9 de nombreux petits bourgs (Martign\u00e9, Andouill\u00e9, Louvern\u00e9) permet d\u2019acc\u00e9der rapidement \u00e0 tous les commerces et les services du quotidien, et la pr\u00e9sence de nombreux producteurs locaux et bios \u00e0 Sac\u00e9 et Montflours (l\u00e9gumes, fromages, pain, bi\u00e8re, poulets, etc.) permet de s\u2019approvisionner au plus pr\u00e8s.<br><\/p>\n\n\n\n<h2 class=\"wp-block-heading\">D\u00e9mographie<\/h2>\n\n\n\n<h2 class=\"wp-block-heading\">Commune : Sac\u00e9 (53195)<\/h2>\n\n\n\n<figure class=\"wp-block-table\"><table><thead><tr><th>&nbsp;<\/th><th>1968<\/th><th>1975<\/th><th>1982<\/th><th>1990<\/th><th>1999<\/th><th>2008<\/th><th>2012<\/th><th>2017<\/th><\/tr><\/thead><tbody><tr><th>Population<\/th><td>274<\/td><td>251<\/td><td>239<\/td><td>318<\/td><td>320<\/td><td>436<\/td><td>469<\/td><td>499<\/td><\/tr><\/tbody><\/table><\/figure>\n\n\n\n<p>Source : Insee<\/p>\n\n\n\n<h2 class=\"wp-block-heading\">Un peu d\u2019histoire\u2026<\/h2>\n\n\n\n<p><em>Sac\u00e9 se situait sur la voie romaine allant de Jublains \u00e0\u00a0Rennes : sur la commune un camp fortifi\u00e9 bordant la Mayenne en\u00a0d\u00e9fendait le gu\u00e9.<br>Pendant la guerre de 10 ans, les paroissiens enl\u00e8vent des sceaux et des sauvegardes aux anglais de Mayenne.<br>La premi\u00e8re trace d\u2019\u00e9cole fut l\u2019\u0153uvre de Jean Houli\u00e8re, chapelain qui en 1594 donna 2 maisons pour \u00abmesse et instruire les enfants \u00bb.<br>Plusieurs \u00e9pid\u00e9mies marqu\u00e8rent la commune notamment de chol\u00e9ra en 1628, 1640. Le lieu dit \u00ab la Daumerie \u00bb servit alors de cimeti\u00e8re.<br>La commune fut tr\u00e8s fortement marqu\u00e9e par la r\u00e9volution. Dans la nuit du 2 novembre 1799, les chouans forc\u00e8rent le presbyt\u00e8re et molest\u00e8rent le cur\u00e9.<\/em><\/p>\n\n\n\n<p><em>L\u2019\u00e9glise romane dans sa forme actuelle fut l\u2019\u0153uvre d\u2019un abb\u00e9 : l\u2019ancienne \u00e9glise fut d\u00e9molie vers 1863, son c\u0153ur \u00e9tait du XIIIeme. L\u2019\u00e9glise recouvre de tr\u00e8s belles sculptures. Les saints patrons du village sont Saint Hyppolite et Saint Laurent.<\/em><\/p>\n\n\n\n<p><em>La population fut maximum en 1851 avec 885 habitants ( 52 fermes). En 1900, ann\u00e9e de l\u2019exposition universelle, la commune comptait 471 habitants.<\/em><\/p>\n","protected":false},"excerpt":{"rendered":"<p>Sac\u00e9, un lien entre ville et campagne C\u00f4t\u00e9 ville, la commune de Sac\u00e9 est id\u00e9alement situ\u00e9e \u00e0 mi-chemin entre Laval et Mayenne, il faut \u00e0 peine 10 minutes pour arriver [&hellip;]<\/p>\n","protected":false},"author":1,"featured_media":0,"parent":24,"menu_order":0,"comment_status":"closed","ping_status":"closed","template":"","meta":{"_EventAllDay":false,"_EventTimezone":"","_EventStartDate":"","_EventEndDate":"","_EventStartDateUTC":"","_EventEndDateUTC":"","_EventShowMap":false,"_EventShowMapLink":false,"_EventURL":"","_EventCost":"","_EventCostDescription":"","_EventCurrencySymbol":"","_EventCurrencyCode":"","_EventCurrencyPosition":"","_EventDateTimeSeparator":"","_EventTimeRangeSeparator":"","_EventOrganizerID":[],"_EventVenueID":[],"_OrganizerEmail":"","_OrganizerPhone":"","_OrganizerWebsite":"","_VenueAddress":"","_VenueCity":"","_VenueCountry":"","_VenueProvince":"","_VenueState":"","_VenueZip":"","_VenuePhone":"","_VenueURL":"","_VenueStateProvince":"","_VenueLat":"","_VenueLng":"","_VenueShowMap":false,"_VenueShowMapLink":false,"footnotes":""},"class_list":["post-2","page","type-page","status-publish","hentry"],"_links":{"self":[{"href":"https:\/\/ldv.sace.fr\/index.php\/wp-json\/wp\/v2\/pages\/2","targetHints":{"allow":["GET"]}}],"collection":[{"href":"https:\/\/ldv.sace.fr\/index.php\/wp-json\/wp\/v2\/pages"}],"about":[{"href":"https:\/\/ldv.sace.fr\/index.php\/wp-json\/wp\/v2\/types\/page"}],"author":[{"embeddable":true,"href":"https:\/\/ldv.sace.fr\/index.php\/wp-json\/wp\/v2\/users\/1"}],"replies":[{"embeddable":true,"href":"https:\/\/ldv.sace.fr\/index.php\/wp-json\/wp\/v2\/comments?post=2"}],"version-history":[{"count":4,"href":"https:\/\/ldv.sace.fr\/index.php\/wp-json\/wp\/v2\/pages\/2\/revisions"}],"predecessor-version":[{"id":816,"href":"https:\/\/ldv.sace.fr\/index.php\/wp-json\/wp\/v2\/pages\/2\/revisions\/816"}],"up":[{"embeddable":true,"href":"https:\/\/ldv.sace.fr\/index.php\/wp-json\/wp\/v2\/pages\/24"}],"wp:attachment":[{"href":"https:\/\/ldv.sace.fr\/index.php\/wp-json\/wp\/v2\/media?parent=2"}],"curies":[{"name":"wp","href":"https:\/\/api.w.org\/{rel}","templated":true}]}}