{"id":246,"date":"2024-03-27T08:26:57","date_gmt":"2024-03-27T07:26:57","guid":{"rendered":"https:\/\/ldv.sace.fr\/?page_id=246"},"modified":"2025-06-24T16:04:20","modified_gmt":"2025-06-24T14:04:20","slug":"ecole-primaire-emile-zola","status":"publish","type":"page","link":"https:\/\/ldv.sace.fr\/index.php\/la-vie-communale\/jeunesse\/ecole-primaire-emile-zola\/","title":{"rendered":"\u00c9cole primaire \u00c9mile Zola"},"content":{"rendered":"\n<p>L\u2019\u00e9cole Emile Zola de Sac\u00e9 compte actuellement 3 classes et 56 \u00e9l\u00e8ves :<br>\u2013 Emmanuelle Eveilleaux a en charge les maternelles<br>\u2013 Damien Clavreul accueille les CP\/CE1\/CE2<br>\u2013 la directrice Audrey Courtin enseigne aux CM1\/CM2<\/p>\n\n\n\n<p>L\u2019inscription des enfants est possible d\u00e8s l\u2019ann\u00e9e de leurs 3 ans. Leur entr\u00e9e peut avoir lieu en janvier (sous conditions : date de naissance, places disponibles, propret\u00e9\u2026) sinon leur entr\u00e9e a lieu en septembre. Pour tous renseignements, contacter la directrice de l\u2019\u00e9cole (02.43.58.07.39 ou par mail : ce.0530379z@ac-nantes.fr) ou la mairie.<\/p>\n\n\n\n<p>Apr\u00e8s avoir fr\u00f4l\u00e9 la fermeture de l\u2019\u00e9cole \u00e0 la fin des ann\u00e9es 1990, la municipalit\u00e9 a profit\u00e9 des lotissements du Roc et de la Croix pour accueillir de nouvelles familles. Une nouvelle \u00e9cole a \u00e9t\u00e9 reconstruite en 2003 avec 3 classes, puis une 4e classe a \u00e9t\u00e9 ajout\u00e9e de 2010 \u00e0 2021 avec un effectif maximal de 92 \u00e9l\u00e8ves.<\/p>\n\n\n\n<p>Les classes sont \u00e9quip\u00e9es en mat\u00e9riel num\u00e9rique (\u00e9cran tactile et classes mobiles pour les 2 classes \u00e9l\u00e9mentaires, ainsi que quelques ordinateurs fixes dans chaque classe) pour permettre les meilleures conditions possibles d\u2019enseignement.<\/p>\n\n\n\n<p>L\u2019\u00e9quipe enseignante propose chaque ann\u00e9e de nombreuses sorties et activit\u00e9s culturelles (cin\u00e9ma, mus\u00e9es, Croq\u2019les mots, spectacles, etc.) ou de d\u00e9couvertes (espaces naturels,&nbsp; fermes p\u00e9dagogiques, etc.).<\/p>\n\n\n\n<figure class=\"wp-block-image size-full\"><img loading=\"lazy\" decoding=\"async\" width=\"2560\" height=\"1920\" src=\"https:\/\/ldv.sace.fr\/wp-content\/uploads\/2025\/06\/ecole1-scaled.jpg\" alt=\"\" class=\"wp-image-844\" srcset=\"https:\/\/ldv.sace.fr\/wp-content\/uploads\/2025\/06\/ecole1-scaled.jpg 2560w, https:\/\/ldv.sace.fr\/wp-content\/uploads\/2025\/06\/ecole1-300x225.jpg 300w, https:\/\/ldv.sace.fr\/wp-content\/uploads\/2025\/06\/ecole1-1024x768.jpg 1024w, https:\/\/ldv.sace.fr\/wp-content\/uploads\/2025\/06\/ecole1-768x576.jpg 768w, https:\/\/ldv.sace.fr\/wp-content\/uploads\/2025\/06\/ecole1-1536x1152.jpg 1536w, https:\/\/ldv.sace.fr\/wp-content\/uploads\/2025\/06\/ecole1-2048x1536.jpg 2048w\" sizes=\"auto, (max-width: 2560px) 100vw, 2560px\" \/><\/figure>\n\n\n\n<p class=\"has-text-align-center\"><em>L&rsquo;ann\u00e9e 2024 \/ 2025 aura \u00e9t\u00e9 marqu\u00e9e par une sortie en septembre 2024 aux jeux paralympiques de Paris, <br>pour assister \u00e0 des \u00e9preuves de para-cano\u00eb.<\/em><\/p>\n","protected":false},"excerpt":{"rendered":"<p>L\u2019\u00e9cole Emile Zola de Sac\u00e9 compte actuellement 3 classes et 56 \u00e9l\u00e8ves :\u2013 Emmanuelle Eveilleaux a en charge les maternelles\u2013 Damien Clavreul accueille les CP\/CE1\/CE2\u2013 la directrice Audrey Courtin enseigne [&hellip;]<\/p>\n","protected":false},"author":1,"featured_media":0,"parent":255,"menu_order":2,"comment_status":"closed","ping_status":"closed","template":"","meta":{"_EventAllDay":false,"_EventTimezone":"","_EventStartDate":"","_EventEndDate":"","_EventStartDateUTC":"","_EventEndDateUTC":"","_EventShowMap":false,"_EventShowMapLink":false,"_EventURL":"","_EventCost":"","_EventCostDescription":"","_EventCurrencySymbol":"","_EventCurrencyCode":"","_EventCurrencyPosition":"","_EventDateTimeSeparator":"","_EventTimeRangeSeparator":"","_EventOrganizerID":[],"_EventVenueID":[],"_OrganizerEmail":"","_OrganizerPhone":"","_OrganizerWebsite":"","_VenueAddress":"","_VenueCity":"","_VenueCountry":"","_VenueProvince":"","_VenueState":"","_VenueZip":"","_VenuePhone":"","_VenueURL":"","_VenueStateProvince":"","_VenueLat":"","_VenueLng":"","_VenueShowMap":false,"_VenueShowMapLink":false,"footnotes":""},"class_list":["post-246","page","type-page","status-publish","hentry"],"_links":{"self":[{"href":"https:\/\/ldv.sace.fr\/index.php\/wp-json\/wp\/v2\/pages\/246","targetHints":{"allow":["GET"]}}],"collection":[{"href":"https:\/\/ldv.sace.fr\/index.php\/wp-json\/wp\/v2\/pages"}],"about":[{"href":"https:\/\/ldv.sace.fr\/index.php\/wp-json\/wp\/v2\/types\/page"}],"author":[{"embeddable":true,"href":"https:\/\/ldv.sace.fr\/index.php\/wp-json\/wp\/v2\/users\/1"}],"replies":[{"embeddable":true,"href":"https:\/\/ldv.sace.fr\/index.php\/wp-json\/wp\/v2\/comments?post=246"}],"version-history":[{"count":7,"href":"https:\/\/ldv.sace.fr\/index.php\/wp-json\/wp\/v2\/pages\/246\/revisions"}],"predecessor-version":[{"id":845,"href":"https:\/\/ldv.sace.fr\/index.php\/wp-json\/wp\/v2\/pages\/246\/revisions\/845"}],"up":[{"embeddable":true,"href":"https:\/\/ldv.sace.fr\/index.php\/wp-json\/wp\/v2\/pages\/255"}],"wp:attachment":[{"href":"https:\/\/ldv.sace.fr\/index.php\/wp-json\/wp\/v2\/media?parent=246"}],"curies":[{"name":"wp","href":"https:\/\/api.w.org\/{rel}","templated":true}]}}