{"id":253,"date":"2024-03-27T08:38:02","date_gmt":"2024-03-27T07:38:02","guid":{"rendered":"https:\/\/ldv.sace.fr\/?page_id=253"},"modified":"2025-06-24T16:06:27","modified_gmt":"2025-06-24T14:06:27","slug":"cantine-scolaire","status":"publish","type":"page","link":"https:\/\/ldv.sace.fr\/index.php\/la-vie-communale\/jeunesse\/cantine-scolaire\/","title":{"rendered":"Cantine scolaire"},"content":{"rendered":"\n<p>La municipalit\u00e9 propose un restaurant scolaire pour permettre l\u2019accueil des enfants de mani\u00e8re optimale.<\/p>\n\n\n\n<p>Depuis la rentr\u00e9e 2023, les repas sont pr\u00e9par\u00e9s au coll\u00e8ge d\u2019Andouill\u00e9, avec une majorit\u00e9 de produits locaux et une part croissante de produits sous label de qualit\u00e9 ou de produits bios, dans le respect de la loi EGALIM. Ils sont cuisin\u00e9s le matin m\u00eame, et ramen\u00e9s en \u00ab\u00a0liaison chaude\u00a0\u00bb \u00e0 Sac\u00e9.<\/p>\n\n\n\n<h4 class=\"wp-block-heading\"><em>Tarif<\/em><\/h4>\n\n\n\n<p>Le prix du repas par enfant a \u00e9t\u00e9 fix\u00e9 \u00e0 4,15 \u20ac pour l\u2019ann\u00e9e scolaire 2024\/2025.<\/p>\n\n\n\n<h4 class=\"wp-block-heading\"><em>Inscription<\/em><\/h4>\n\n\n\n<p>Les inscriptions aux services p\u00e9riscolaires doivent s\u2019effectuer sur l\u2019espace famille. Un compte famille doit \u00eatre cr\u00e9\u00e9 au pr\u00e9alable.<\/p>\n\n\n\n<p>Les inscriptions doivent s\u2019effectuer&nbsp;<strong>48 heures avant<\/strong>&nbsp;(sans compter le samedi et le dimanche). Par exemple, pour une inscription \u00e0 la cantine le lundi, vous devez inscrire votre enfant au plus tard le mercredi.<\/p>\n\n\n\n<h4 class=\"wp-block-heading\"><em>Menu de la cantine scolaire<\/em><\/h4>\n\n\n\n<p>Voici les derniers menus annonc\u00e9s par le chef du coll\u00e8ge d\u2019Andouill\u00e9 :<\/p>\n","protected":false},"excerpt":{"rendered":"<p>La municipalit\u00e9 propose un restaurant scolaire pour permettre l\u2019accueil des enfants de mani\u00e8re optimale. Depuis la rentr\u00e9e 2023, les repas sont pr\u00e9par\u00e9s au coll\u00e8ge d\u2019Andouill\u00e9, avec une majorit\u00e9 de produits [&hellip;]<\/p>\n","protected":false},"author":1,"featured_media":0,"parent":255,"menu_order":0,"comment_status":"closed","ping_status":"closed","template":"","meta":{"_EventAllDay":false,"_EventTimezone":"","_EventStartDate":"","_EventEndDate":"","_EventStartDateUTC":"","_EventEndDateUTC":"","_EventShowMap":false,"_EventShowMapLink":false,"_EventURL":"","_EventCost":"","_EventCostDescription":"","_EventCurrencySymbol":"","_EventCurrencyCode":"","_EventCurrencyPosition":"","_EventDateTimeSeparator":"","_EventTimeRangeSeparator":"","_EventOrganizerID":[],"_EventVenueID":[],"_OrganizerEmail":"","_OrganizerPhone":"","_OrganizerWebsite":"","_VenueAddress":"","_VenueCity":"","_VenueCountry":"","_VenueProvince":"","_VenueState":"","_VenueZip":"","_VenuePhone":"","_VenueURL":"","_VenueStateProvince":"","_VenueLat":"","_VenueLng":"","_VenueShowMap":false,"_VenueShowMapLink":false,"footnotes":""},"class_list":["post-253","page","type-page","status-publish","hentry"],"_links":{"self":[{"href":"https:\/\/ldv.sace.fr\/index.php\/wp-json\/wp\/v2\/pages\/253","targetHints":{"allow":["GET"]}}],"collection":[{"href":"https:\/\/ldv.sace.fr\/index.php\/wp-json\/wp\/v2\/pages"}],"about":[{"href":"https:\/\/ldv.sace.fr\/index.php\/wp-json\/wp\/v2\/types\/page"}],"author":[{"embeddable":true,"href":"https:\/\/ldv.sace.fr\/index.php\/wp-json\/wp\/v2\/users\/1"}],"replies":[{"embeddable":true,"href":"https:\/\/ldv.sace.fr\/index.php\/wp-json\/wp\/v2\/comments?post=253"}],"version-history":[{"count":2,"href":"https:\/\/ldv.sace.fr\/index.php\/wp-json\/wp\/v2\/pages\/253\/revisions"}],"predecessor-version":[{"id":847,"href":"https:\/\/ldv.sace.fr\/index.php\/wp-json\/wp\/v2\/pages\/253\/revisions\/847"}],"up":[{"embeddable":true,"href":"https:\/\/ldv.sace.fr\/index.php\/wp-json\/wp\/v2\/pages\/255"}],"wp:attachment":[{"href":"https:\/\/ldv.sace.fr\/index.php\/wp-json\/wp\/v2\/media?parent=253"}],"curies":[{"name":"wp","href":"https:\/\/api.w.org\/{rel}","templated":true}]}}