{"id":257,"date":"2024-03-27T08:44:28","date_gmt":"2024-03-27T07:44:28","guid":{"rendered":"https:\/\/ldv.sace.fr\/?page_id=257"},"modified":"2025-06-24T16:07:39","modified_gmt":"2025-06-24T14:07:39","slug":"garderie","status":"publish","type":"page","link":"https:\/\/ldv.sace.fr\/index.php\/la-vie-communale\/jeunesse\/garderie\/","title":{"rendered":"Garderie"},"content":{"rendered":"\n<p>En compl\u00e9ment du temps scolaire, la commune propose un accueil p\u00e9riscolaire de garderie. Il fonctionne aux horaires suivants :<br>\u2013 le matin de 07 h 30 \u00e0 08 h 50<br>\u2013 le soir de 16 h 30 \u00e0 18 h 45<\/p>\n\n\n\n<p>Les tarifs seront \u00e9tablis en fonction de votre quotient familial (\u00e0 demander \u00e0 la CAF ou MSA). Voici les tarifs pour l\u2019ann\u00e9e 2024\/2025 :<\/p>\n\n\n\n<h5 class=\"wp-block-heading\"><em><strong>Tarif pour l\u2019accueil p\u00e9riscolaire&nbsp; matin ou soir<\/strong><\/em><\/h5>\n\n\n\n<p>Tranche 1 (QF &lt; 750 \u20ac) : 1,10 \u20ac<br>Tranche 2 (QF entre 751 \u20ac et 1 200 \u20ac) : 1,70 \u20ac<br>Tranche 3 (QF &gt; 1 200 \u20ac) : 1,90 \u20ac<\/p>\n\n\n\n<h5 class=\"wp-block-heading\"><\/h5>\n","protected":false},"excerpt":{"rendered":"<p>En compl\u00e9ment du temps scolaire, la commune propose un accueil p\u00e9riscolaire de garderie. Il fonctionne aux horaires suivants :\u2013 le matin de 07 h 30 \u00e0 08 h 50\u2013 le [&hellip;]<\/p>\n","protected":false},"author":1,"featured_media":0,"parent":255,"menu_order":0,"comment_status":"closed","ping_status":"closed","template":"","meta":{"_EventAllDay":false,"_EventTimezone":"","_EventStartDate":"","_EventEndDate":"","_EventStartDateUTC":"","_EventEndDateUTC":"","_EventShowMap":false,"_EventShowMapLink":false,"_EventURL":"","_EventCost":"","_EventCostDescription":"","_EventCurrencySymbol":"","_EventCurrencyCode":"","_EventCurrencyPosition":"","_EventDateTimeSeparator":"","_EventTimeRangeSeparator":"","_EventOrganizerID":[],"_EventVenueID":[],"_OrganizerEmail":"","_OrganizerPhone":"","_OrganizerWebsite":"","_VenueAddress":"","_VenueCity":"","_VenueCountry":"","_VenueProvince":"","_VenueState":"","_VenueZip":"","_VenuePhone":"","_VenueURL":"","_VenueStateProvince":"","_VenueLat":"","_VenueLng":"","_VenueShowMap":false,"_VenueShowMapLink":false,"footnotes":""},"class_list":["post-257","page","type-page","status-publish","hentry"],"_links":{"self":[{"href":"https:\/\/ldv.sace.fr\/index.php\/wp-json\/wp\/v2\/pages\/257","targetHints":{"allow":["GET"]}}],"collection":[{"href":"https:\/\/ldv.sace.fr\/index.php\/wp-json\/wp\/v2\/pages"}],"about":[{"href":"https:\/\/ldv.sace.fr\/index.php\/wp-json\/wp\/v2\/types\/page"}],"author":[{"embeddable":true,"href":"https:\/\/ldv.sace.fr\/index.php\/wp-json\/wp\/v2\/users\/1"}],"replies":[{"embeddable":true,"href":"https:\/\/ldv.sace.fr\/index.php\/wp-json\/wp\/v2\/comments?post=257"}],"version-history":[{"count":2,"href":"https:\/\/ldv.sace.fr\/index.php\/wp-json\/wp\/v2\/pages\/257\/revisions"}],"predecessor-version":[{"id":848,"href":"https:\/\/ldv.sace.fr\/index.php\/wp-json\/wp\/v2\/pages\/257\/revisions\/848"}],"up":[{"embeddable":true,"href":"https:\/\/ldv.sace.fr\/index.php\/wp-json\/wp\/v2\/pages\/255"}],"wp:attachment":[{"href":"https:\/\/ldv.sace.fr\/index.php\/wp-json\/wp\/v2\/media?parent=257"}],"curies":[{"name":"wp","href":"https:\/\/api.w.org\/{rel}","templated":true}]}}