{"id":261,"date":"2024-03-27T08:51:57","date_gmt":"2024-03-27T07:51:57","guid":{"rendered":"https:\/\/ldv.sace.fr\/?page_id=261"},"modified":"2025-06-24T16:19:20","modified_gmt":"2025-06-24T14:19:20","slug":"association-de-parents-deleves-arthur-rimbaud","status":"publish","type":"page","link":"https:\/\/ldv.sace.fr\/index.php\/la-vie-communale\/jeunesse\/association-de-parents-deleves-arthur-rimbaud\/","title":{"rendered":"Association de parents d&rsquo;\u00e9l\u00e8ves Arthur Rimbaud"},"content":{"rendered":"\n<p>Depuis la rentr\u00e9e scolaire, l&rsquo;Association des Parents d&rsquo;\u00c9l\u00e8ves (APE) de Sac\u00e9 a eu le plaisir de proposer plusieurs \u00e9v\u00e9nements conviviaux, qui ont rencontr\u00e9 un franc succ\u00e8s gr\u00e2ce \u00e0 votre mobilisation.<\/p>\n\n\n\n<p>Le march\u00e9 de No\u00ebl a \u00e9merveill\u00e9 petits et grands : de nombreux artisans locaux \u00e9taient pr\u00e9sents et le petit train, tr\u00e8s appr\u00e9ci\u00e9, a fait rire bien des voyageurs ! Les enfants ont enchant\u00e9 l&rsquo;assembl\u00e9e avec un spectacle en chanson, et le P\u00e8re No\u00ebl, plein d&rsquo;\u00e9nergie et de bonne humeur, a distribu\u00e9 sourires et chocolats. La soir\u00e9e repas du 15 mars nous a permis de nous retrouver autour d&rsquo;un repas chaleureux, dans une ambiance festive et conviviale.<\/p>\n\n\n\n<p>Et ce n&rsquo;est pas termin\u00e9 ! L&rsquo;APE vous donne rendez-vous le 21 juin pour la kermesse de l&rsquo;\u00e9cole : une journ\u00e9e de jeux et de la bonne humeur, pour c\u00e9l\u00e9brer ensemble la fin de l&rsquo;ann\u00e9e scolaire.<\/p>\n\n\n\n<p>Les b\u00e9n\u00e9fices recueillis par ces \u00e9v\u00e8nements, tout comme la vente de fromages et sapins, servent \u00e0 financer de nouveaux supports p\u00e9dagogiques pour l&rsquo;\u00e9cole, les sorties scolaires, et, nous l&rsquo;esp\u00e9rons prochainement, une nouvelle structure de jeux pour l&rsquo;\u00e9cole. Nous tenons \u00e0 remercier vivement tous les b\u00e9n\u00e9voles et tous les visiteurs qui, par leur engagement et leur soutien, permettent la r\u00e9ussite de ces \u00e9v\u00e9nements.<\/p>\n\n\n\n<figure class=\"wp-block-image size-full\"><img loading=\"lazy\" decoding=\"async\" width=\"2048\" height=\"1536\" src=\"https:\/\/ldv.sace.fr\/wp-content\/uploads\/2025\/06\/APE1.jpeg\" alt=\"\" class=\"wp-image-850\" srcset=\"https:\/\/ldv.sace.fr\/wp-content\/uploads\/2025\/06\/APE1.jpeg 2048w, https:\/\/ldv.sace.fr\/wp-content\/uploads\/2025\/06\/APE1-300x225.jpeg 300w, https:\/\/ldv.sace.fr\/wp-content\/uploads\/2025\/06\/APE1-1024x768.jpeg 1024w, https:\/\/ldv.sace.fr\/wp-content\/uploads\/2025\/06\/APE1-768x576.jpeg 768w, https:\/\/ldv.sace.fr\/wp-content\/uploads\/2025\/06\/APE1-1536x1152.jpeg 1536w\" sizes=\"auto, (max-width: 2048px) 100vw, 2048px\" \/><\/figure>\n","protected":false},"excerpt":{"rendered":"<p>Depuis la rentr\u00e9e scolaire, l&rsquo;Association des Parents d&rsquo;\u00c9l\u00e8ves (APE) de Sac\u00e9 a eu le plaisir de proposer plusieurs \u00e9v\u00e9nements conviviaux, qui ont rencontr\u00e9 un franc succ\u00e8s gr\u00e2ce \u00e0 votre mobilisation. [&hellip;]<\/p>\n","protected":false},"author":1,"featured_media":0,"parent":255,"menu_order":0,"comment_status":"closed","ping_status":"closed","template":"","meta":{"_EventAllDay":false,"_EventTimezone":"","_EventStartDate":"","_EventEndDate":"","_EventStartDateUTC":"","_EventEndDateUTC":"","_EventShowMap":false,"_EventShowMapLink":false,"_EventURL":"","_EventCost":"","_EventCostDescription":"","_EventCurrencySymbol":"","_EventCurrencyCode":"","_EventCurrencyPosition":"","_EventDateTimeSeparator":"","_EventTimeRangeSeparator":"","_EventOrganizerID":[],"_EventVenueID":[],"_OrganizerEmail":"","_OrganizerPhone":"","_OrganizerWebsite":"","_VenueAddress":"","_VenueCity":"","_VenueCountry":"","_VenueProvince":"","_VenueState":"","_VenueZip":"","_VenuePhone":"","_VenueURL":"","_VenueStateProvince":"","_VenueLat":"","_VenueLng":"","_VenueShowMap":false,"_VenueShowMapLink":false,"footnotes":""},"class_list":["post-261","page","type-page","status-publish","hentry"],"_links":{"self":[{"href":"https:\/\/ldv.sace.fr\/index.php\/wp-json\/wp\/v2\/pages\/261","targetHints":{"allow":["GET"]}}],"collection":[{"href":"https:\/\/ldv.sace.fr\/index.php\/wp-json\/wp\/v2\/pages"}],"about":[{"href":"https:\/\/ldv.sace.fr\/index.php\/wp-json\/wp\/v2\/types\/page"}],"author":[{"embeddable":true,"href":"https:\/\/ldv.sace.fr\/index.php\/wp-json\/wp\/v2\/users\/1"}],"replies":[{"embeddable":true,"href":"https:\/\/ldv.sace.fr\/index.php\/wp-json\/wp\/v2\/comments?post=261"}],"version-history":[{"count":4,"href":"https:\/\/ldv.sace.fr\/index.php\/wp-json\/wp\/v2\/pages\/261\/revisions"}],"predecessor-version":[{"id":853,"href":"https:\/\/ldv.sace.fr\/index.php\/wp-json\/wp\/v2\/pages\/261\/revisions\/853"}],"up":[{"embeddable":true,"href":"https:\/\/ldv.sace.fr\/index.php\/wp-json\/wp\/v2\/pages\/255"}],"wp:attachment":[{"href":"https:\/\/ldv.sace.fr\/index.php\/wp-json\/wp\/v2\/media?parent=261"}],"curies":[{"name":"wp","href":"https:\/\/api.w.org\/{rel}","templated":true}]}}