{"id":264,"date":"2024-03-27T08:54:35","date_gmt":"2024-03-27T07:54:35","guid":{"rendered":"https:\/\/ldv.sace.fr\/?page_id=264"},"modified":"2025-06-24T16:45:00","modified_gmt":"2025-06-24T14:45:00","slug":"delegues-parents-deleves","status":"publish","type":"page","link":"https:\/\/ldv.sace.fr\/index.php\/la-vie-communale\/jeunesse\/delegues-parents-deleves\/","title":{"rendered":"D\u00e9l\u00e9gu\u00e9s parents d&rsquo;\u00e9l\u00e8ves"},"content":{"rendered":"\n<p>Les d\u00e9l\u00e9gu\u00e9s de parents d\u2019\u00e9l\u00e8ves sont \u00e9lus chaque ann\u00e9e apr\u00e8s la rentr\u00e9e scolaire. Ils repr\u00e9sentent les parents lors des conseils d\u2019\u00e9cole.<\/p>\n\n\n\n<p>Ils sont joignables collectivement sur le mail : delegues.parents@sace.fr<\/p>\n\n\n\n<p>Pour l\u2019ann\u00e9e 2024\/2025, les d\u00e9l\u00e9gu\u00e9s sont Mmes Pancher, Sineau et Bonsens, et Mme Helbert est suppl\u00e9ante.<\/p>\n","protected":false},"excerpt":{"rendered":"<p>Les d\u00e9l\u00e9gu\u00e9s de parents d\u2019\u00e9l\u00e8ves sont \u00e9lus chaque ann\u00e9e apr\u00e8s la rentr\u00e9e scolaire. Ils repr\u00e9sentent les parents lors des conseils d\u2019\u00e9cole. Ils sont joignables collectivement sur le mail : delegues.parents@sace.fr [&hellip;]<\/p>\n","protected":false},"author":1,"featured_media":0,"parent":255,"menu_order":0,"comment_status":"closed","ping_status":"closed","template":"","meta":{"_EventAllDay":false,"_EventTimezone":"","_EventStartDate":"","_EventEndDate":"","_EventStartDateUTC":"","_EventEndDateUTC":"","_EventShowMap":false,"_EventShowMapLink":false,"_EventURL":"","_EventCost":"","_EventCostDescription":"","_EventCurrencySymbol":"","_EventCurrencyCode":"","_EventCurrencyPosition":"","_EventDateTimeSeparator":"","_EventTimeRangeSeparator":"","_EventOrganizerID":[],"_EventVenueID":[],"_OrganizerEmail":"","_OrganizerPhone":"","_OrganizerWebsite":"","_VenueAddress":"","_VenueCity":"","_VenueCountry":"","_VenueProvince":"","_VenueState":"","_VenueZip":"","_VenuePhone":"","_VenueURL":"","_VenueStateProvince":"","_VenueLat":"","_VenueLng":"","_VenueShowMap":false,"_VenueShowMapLink":false,"footnotes":""},"class_list":["post-264","page","type-page","status-publish","hentry"],"_links":{"self":[{"href":"https:\/\/ldv.sace.fr\/index.php\/wp-json\/wp\/v2\/pages\/264","targetHints":{"allow":["GET"]}}],"collection":[{"href":"https:\/\/ldv.sace.fr\/index.php\/wp-json\/wp\/v2\/pages"}],"about":[{"href":"https:\/\/ldv.sace.fr\/index.php\/wp-json\/wp\/v2\/types\/page"}],"author":[{"embeddable":true,"href":"https:\/\/ldv.sace.fr\/index.php\/wp-json\/wp\/v2\/users\/1"}],"replies":[{"embeddable":true,"href":"https:\/\/ldv.sace.fr\/index.php\/wp-json\/wp\/v2\/comments?post=264"}],"version-history":[{"count":2,"href":"https:\/\/ldv.sace.fr\/index.php\/wp-json\/wp\/v2\/pages\/264\/revisions"}],"predecessor-version":[{"id":856,"href":"https:\/\/ldv.sace.fr\/index.php\/wp-json\/wp\/v2\/pages\/264\/revisions\/856"}],"up":[{"embeddable":true,"href":"https:\/\/ldv.sace.fr\/index.php\/wp-json\/wp\/v2\/pages\/255"}],"wp:attachment":[{"href":"https:\/\/ldv.sace.fr\/index.php\/wp-json\/wp\/v2\/media?parent=264"}],"curies":[{"name":"wp","href":"https:\/\/api.w.org\/{rel}","templated":true}]}}