{"id":266,"date":"2024-03-27T08:57:20","date_gmt":"2024-03-27T07:57:20","guid":{"rendered":"https:\/\/ldv.sace.fr\/?page_id=266"},"modified":"2025-06-24T16:45:31","modified_gmt":"2025-06-24T14:45:31","slug":"foyer-des-jeunes","status":"publish","type":"page","link":"https:\/\/ldv.sace.fr\/index.php\/la-vie-communale\/jeunesse\/foyer-des-jeunes\/","title":{"rendered":"Foyer des jeunes"},"content":{"rendered":"\n<p>Le foyer des jeunes est un lieu convivial, ouvert \u00e0 tous les coll\u00e9giens et lyc\u00e9ens de Sac\u00e9. Il est situ\u00e9 au-dessus du bar associatif.&nbsp; Ils b\u00e9n\u00e9ficient d\u2019un espace de rencontre et de jeux (jeux de soci\u00e9t\u00e9, baby-foot, billard).<\/p>\n\n\n\n<p>Les jeunes qui fr\u00e9quentent le foyer sont sous la responsabilit\u00e9 des parents qui assurent l\u2019ouverture et la fermeture du lieu. Les membres du bar ne sont pas responsables du foyer.<\/p>\n\n\n\n<figure class=\"wp-block-image size-full is-resized\"><img loading=\"lazy\" decoding=\"async\" width=\"768\" height=\"582\" src=\"https:\/\/ldv.sace.fr\/wp-content\/uploads\/2024\/04\/foyer-768x582-1.png\" alt=\"\" class=\"wp-image-424\" style=\"width:467px;height:auto\" srcset=\"https:\/\/ldv.sace.fr\/wp-content\/uploads\/2024\/04\/foyer-768x582-1.png 768w, https:\/\/ldv.sace.fr\/wp-content\/uploads\/2024\/04\/foyer-768x582-1-300x227.png 300w\" sizes=\"auto, (max-width: 768px) 100vw, 768px\" \/><\/figure>\n\n\n\n<p><strong>Le foyer est ouvert le premier vendredi de chaque mois, de 19h \u00e0 22h :<br><\/strong>\u2013 le cr\u00e9neau de 19h \u00e0 20h est r\u00e9serv\u00e9 aux jeunes qui sont entr\u00e9s en 6<sup>e<\/sup>&nbsp;cette ann\u00e9e<br>\u2013 le cr\u00e9neau de 20h \u00e0 20h30 est ouvert \u00e0 tous<br>\u2013 le cr\u00e9neau de 20h30 \u00e0 22h est d\u00e9di\u00e9 aux jeunes de la 5<sup>e<\/sup>&nbsp;au lyc\u00e9e.<\/p>\n\n\n\n<p>Des ouvertures sont accord\u00e9es, sur demande, aux lyc\u00e9ens seulement, le dimanche apr\u00e8s-midi sur un cr\u00e9neau horaire maximal de 14h \u00e0 18h.<\/p>\n","protected":false},"excerpt":{"rendered":"<p>Le foyer des jeunes est un lieu convivial, ouvert \u00e0 tous les coll\u00e9giens et lyc\u00e9ens de Sac\u00e9. Il est situ\u00e9 au-dessus du bar associatif.&nbsp; Ils b\u00e9n\u00e9ficient d\u2019un espace de rencontre [&hellip;]<\/p>\n","protected":false},"author":1,"featured_media":0,"parent":255,"menu_order":0,"comment_status":"closed","ping_status":"closed","template":"","meta":{"_EventAllDay":false,"_EventTimezone":"","_EventStartDate":"","_EventEndDate":"","_EventStartDateUTC":"","_EventEndDateUTC":"","_EventShowMap":false,"_EventShowMapLink":false,"_EventURL":"","_EventCost":"","_EventCostDescription":"","_EventCurrencySymbol":"","_EventCurrencyCode":"","_EventCurrencyPosition":"","_EventDateTimeSeparator":"","_EventTimeRangeSeparator":"","_EventOrganizerID":[],"_EventVenueID":[],"_OrganizerEmail":"","_OrganizerPhone":"","_OrganizerWebsite":"","_VenueAddress":"","_VenueCity":"","_VenueCountry":"","_VenueProvince":"","_VenueState":"","_VenueZip":"","_VenuePhone":"","_VenueURL":"","_VenueStateProvince":"","_VenueLat":"","_VenueLng":"","_VenueShowMap":false,"_VenueShowMapLink":false,"footnotes":""},"class_list":["post-266","page","type-page","status-publish","hentry"],"_links":{"self":[{"href":"https:\/\/ldv.sace.fr\/index.php\/wp-json\/wp\/v2\/pages\/266","targetHints":{"allow":["GET"]}}],"collection":[{"href":"https:\/\/ldv.sace.fr\/index.php\/wp-json\/wp\/v2\/pages"}],"about":[{"href":"https:\/\/ldv.sace.fr\/index.php\/wp-json\/wp\/v2\/types\/page"}],"author":[{"embeddable":true,"href":"https:\/\/ldv.sace.fr\/index.php\/wp-json\/wp\/v2\/users\/1"}],"replies":[{"embeddable":true,"href":"https:\/\/ldv.sace.fr\/index.php\/wp-json\/wp\/v2\/comments?post=266"}],"version-history":[{"count":3,"href":"https:\/\/ldv.sace.fr\/index.php\/wp-json\/wp\/v2\/pages\/266\/revisions"}],"predecessor-version":[{"id":857,"href":"https:\/\/ldv.sace.fr\/index.php\/wp-json\/wp\/v2\/pages\/266\/revisions\/857"}],"up":[{"embeddable":true,"href":"https:\/\/ldv.sace.fr\/index.php\/wp-json\/wp\/v2\/pages\/255"}],"wp:attachment":[{"href":"https:\/\/ldv.sace.fr\/index.php\/wp-json\/wp\/v2\/media?parent=266"}],"curies":[{"name":"wp","href":"https:\/\/api.w.org\/{rel}","templated":true}]}}