{"id":277,"date":"2024-03-27T09:09:14","date_gmt":"2024-03-27T08:09:14","guid":{"rendered":"https:\/\/ldv.sace.fr\/?page_id=277"},"modified":"2024-03-27T09:13:06","modified_gmt":"2024-03-27T08:13:06","slug":"adoscom","status":"publish","type":"page","link":"https:\/\/ldv.sace.fr\/index.php\/la-vie-communale\/jeunesse\/adoscom\/","title":{"rendered":"Ados&rsquo;Com"},"content":{"rendered":"\n<h2 class=\"wp-block-heading\">Ados\u2019Com, qu\u2019est-ce que c\u2019est ?<\/h2>\n\n\n\n<p>Ados\u2019Com est le service animation pour les jeunes (de la 6e \u00e0 leurs 17 ans) qui se d\u00e9place dans les communes de Mayenne Communaut\u00e9. Afin de b\u00e9n\u00e9ficier d\u2019un pilotage coh\u00e9rent, c\u2019est Mayenne Communaut\u00e9 qui assure l\u2019organisation.<\/p>\n\n\n\n<p>Deux formules pendant les vacances scolaires :<\/p>\n\n\n\n<p>\u2013 Une formule \u00ab&nbsp;activit\u00e9s itin\u00e9rantes&nbsp;\u00bb : les animateurs s\u2019invitent dans les communes le temps d\u2019un apr\u00e8s-midi ou d\u2019une soir\u00e9e pour proposer des activit\u00e9s vari\u00e9es. Les jeunes s\u2019inscrivent \u00e0 l\u2019activit\u00e9.<\/p>\n\n\n\n<p>\u2013 Une formule stage : les animateurs proposent des activit\u00e9s autour d\u2019un th\u00e8me g\u00e9n\u00e9ral. Les jeunes s\u2019inscrivent \u00e0 la semaine enti\u00e8re.<\/p>\n\n\n\n<p>Ados\u2019com, c\u2019est aussi une activit\u00e9 propos\u00e9e tous les mercredis apr\u00e8s-midis pendant les p\u00e9riodes scolaires.<\/p>\n\n\n\n<h2 class=\"wp-block-heading\">Qui peut y acc\u00e9der ?<\/h2>\n\n\n\n<p>Les activit\u00e9s sont accessibles \u00e0 tous les jeunes habitants des communes adh\u00e9rentes. Les adolescents peuvent participer \u00e0 une ou plusieurs activit\u00e9s de leur choix quelle que soit la commune dans laquelle l\u2019animation est pr\u00e9vue. Les parents doivent cependant les emmener.<\/p>\n\n\n\n<p>Transports exceptionnels&nbsp;:&nbsp;Certaines activit\u00e9s n\u00e9cessitent un d\u00e9placement en car ou en minibus. Dans les deux cas, la pr\u00e9cision vous est not\u00e9e dans le descriptif de l\u2019activit\u00e9.<\/p>\n\n\n\n<h2 class=\"wp-block-heading\">Paiement et tarifs<\/h2>\n\n\n\n<p>Une cotisation annuelle de 10 \u20ac permet de participer \u00e0 toutes les activit\u00e9s propos\u00e9es par le service Ados\u2019com durant l\u2019ann\u00e9e civile. Une participation suppl\u00e9mentaire est demand\u00e9e lorsque le repas est pris en charge par le service ou lorsqu\u2019une sortie avec prestation ext\u00e9rieure est programm\u00e9e. Ce suppl\u00e9ment est pr\u00e9cis\u00e9 sur chaque programme.<\/p>\n\n\n\n<p>Afin de garantir un acc\u00e8s \u00e0 tous, Ados\u2019com en partenariat avec la Caf vous propose une tarification modul\u00e9e en fonction de votre Quotient Familial (QF)&nbsp;:<br>\u2013 T1&nbsp;: tarif pour les QF &lt; 800 \u20ac<br>\u2013 T2&nbsp;: tarif pour les QF entre 800 \u20ac et 1200 \u20ac<br>\u2013 T3&nbsp;: tarif pour les QF &gt; ou \u00e9gal \u00e0 1200 \u20ac<br>Pour b\u00e9n\u00e9ficier du tarif 1 ou 2, vous devrez fournir une attestation de votre QF que la CAF ou la MSA vous aura fournie.<\/p>\n\n\n\n<h2 class=\"wp-block-heading\">Pour s\u2019inscrire<\/h2>\n\n\n\n<p>Si c\u2019est ta premi\u00e8re inscription \u00e0 Ados\u2019Com de l\u2019ann\u00e9e :<br>Il faut retourner les documents suivants au service Ados\u2019Com de Mayenne Communaut\u00e9&nbsp; :<br>\u2013 le dossier d\u2019inscription compl\u00e9t\u00e9<br>\u2013 le r\u00e8glement int\u00e9rieur lu et sign\u00e9<br>\u2013 le r\u00e8glement des 10 \u20ac de cotisation annuelle valable pour l\u2019ann\u00e9e civile.<\/p>\n\n\n\n<p>Retrouvez toutes les informations Ados\u2019Com&nbsp;:<\/p>\n\n\n\n<p>* Sur le site de Mayenne communaut\u00e9<\/p>\n\n\n\n<figure class=\"wp-block-embed is-type-wp-embed is-provider-mayenne-communaut wp-block-embed-mayenne-communaut\"><div class=\"wp-block-embed__wrapper\">\n<blockquote class=\"wp-embedded-content\" data-secret=\"IqyT42ks3K\"><a href=\"https:\/\/www.mayenne-communaute.net\/a-votre-service\/enfance-jeunesse\/adoscom\/\">Ados&rsquo;Com<\/a><\/blockquote><iframe loading=\"lazy\" class=\"wp-embedded-content\" sandbox=\"allow-scripts\" security=\"restricted\" style=\"position: absolute; clip: rect(1px, 1px, 1px, 1px);\" title=\"\u00ab\u00a0Ados&rsquo;Com\u00a0\u00bb &#8212; Mayenne Communaut\u00e9\" src=\"https:\/\/www.mayenne-communaute.net\/a-votre-service\/enfance-jeunesse\/adoscom\/embed\/#?secret=IqyT42ks3K\" data-secret=\"IqyT42ks3K\" width=\"500\" height=\"282\" frameborder=\"0\" marginwidth=\"0\" marginheight=\"0\" scrolling=\"no\"><\/iframe>\n<\/div><\/figure>\n\n\n\n<p><em>* En \u00e9crivant \u00e0 Benoit Grandin,Directeur Ados\u2019Com<\/em><\/p>\n\n\n\n<p><em><a href=\"mailto:benoit.grandin@mayennecommunaute.fr\">benoit.grandin@mayennecommunaute.fr<\/a><\/em><\/p>\n\n\n\n<p>* En envoyant un mail au secr\u00e9tariat de la mairie de Sac\u00e9<\/p>\n\n\n\n<p><a href=\"mailto:mairie@sace.fr\">mairie@sace.fr<\/a><\/p>\n","protected":false},"excerpt":{"rendered":"<p>Ados\u2019Com, qu\u2019est-ce que c\u2019est ? Ados\u2019Com est le service animation pour les jeunes (de la 6e \u00e0 leurs 17 ans) qui se d\u00e9place dans les communes de Mayenne Communaut\u00e9. Afin [&hellip;]<\/p>\n","protected":false},"author":1,"featured_media":0,"parent":255,"menu_order":0,"comment_status":"closed","ping_status":"closed","template":"","meta":{"_EventAllDay":false,"_EventTimezone":"","_EventStartDate":"","_EventEndDate":"","_EventStartDateUTC":"","_EventEndDateUTC":"","_EventShowMap":false,"_EventShowMapLink":false,"_EventURL":"","_EventCost":"","_EventCostDescription":"","_EventCurrencySymbol":"","_EventCurrencyCode":"","_EventCurrencyPosition":"","_EventDateTimeSeparator":"","_EventTimeRangeSeparator":"","_EventOrganizerID":[],"_EventVenueID":[],"_OrganizerEmail":"","_OrganizerPhone":"","_OrganizerWebsite":"","_VenueAddress":"","_VenueCity":"","_VenueCountry":"","_VenueProvince":"","_VenueState":"","_VenueZip":"","_VenuePhone":"","_VenueURL":"","_VenueStateProvince":"","_VenueLat":"","_VenueLng":"","_VenueShowMap":false,"_VenueShowMapLink":false,"footnotes":""},"class_list":["post-277","page","type-page","status-publish","hentry"],"_links":{"self":[{"href":"https:\/\/ldv.sace.fr\/index.php\/wp-json\/wp\/v2\/pages\/277","targetHints":{"allow":["GET"]}}],"collection":[{"href":"https:\/\/ldv.sace.fr\/index.php\/wp-json\/wp\/v2\/pages"}],"about":[{"href":"https:\/\/ldv.sace.fr\/index.php\/wp-json\/wp\/v2\/types\/page"}],"author":[{"embeddable":true,"href":"https:\/\/ldv.sace.fr\/index.php\/wp-json\/wp\/v2\/users\/1"}],"replies":[{"embeddable":true,"href":"https:\/\/ldv.sace.fr\/index.php\/wp-json\/wp\/v2\/comments?post=277"}],"version-history":[{"count":1,"href":"https:\/\/ldv.sace.fr\/index.php\/wp-json\/wp\/v2\/pages\/277\/revisions"}],"predecessor-version":[{"id":278,"href":"https:\/\/ldv.sace.fr\/index.php\/wp-json\/wp\/v2\/pages\/277\/revisions\/278"}],"up":[{"embeddable":true,"href":"https:\/\/ldv.sace.fr\/index.php\/wp-json\/wp\/v2\/pages\/255"}],"wp:attachment":[{"href":"https:\/\/ldv.sace.fr\/index.php\/wp-json\/wp\/v2\/media?parent=277"}],"curies":[{"name":"wp","href":"https:\/\/api.w.org\/{rel}","templated":true}]}}