{"id":281,"date":"2024-03-27T09:18:38","date_gmt":"2024-03-27T08:18:38","guid":{"rendered":"https:\/\/ldv.sace.fr\/?page_id=281"},"modified":"2024-04-02T16:15:28","modified_gmt":"2024-04-02T14:15:28","slug":"point-lecture","status":"publish","type":"page","link":"https:\/\/ldv.sace.fr\/index.php\/la-vie-communale\/culture-associations\/point-lecture\/","title":{"rendered":"Point lecture"},"content":{"rendered":"\n<p>Notre biblioth\u00e8que de proximit\u00e9 fait partie du r\u00e9seau de lecture de Mayenne Communaut\u00e9, pilot\u00e9 par la m\u00e9diath\u00e8que Jean-Loup Trassard \u00e0 Mayenne.<\/p>\n\n\n\n<figure class=\"wp-block-image size-full is-resized\"><img loading=\"lazy\" decoding=\"async\" width=\"768\" height=\"576\" src=\"https:\/\/ldv.sace.fr\/wp-content\/uploads\/2024\/04\/P1000151-768x576-1.jpg\" alt=\"\" class=\"wp-image-430\" style=\"width:409px;height:auto\" srcset=\"https:\/\/ldv.sace.fr\/wp-content\/uploads\/2024\/04\/P1000151-768x576-1.jpg 768w, https:\/\/ldv.sace.fr\/wp-content\/uploads\/2024\/04\/P1000151-768x576-1-300x225.jpg 300w\" sizes=\"auto, (max-width: 768px) 100vw, 768px\" \/><\/figure>\n\n\n\n<p>Apr\u00e8s inscription, votre carte vous permet d\u2019emprunter jusqu\u2019\u00e0 5 livres pour une dur\u00e9e de 3 semaines, dans n\u2019importe quel point de lecture du r\u00e9seau. Vous avez \u00e9galement la possibilit\u00e9 de r\u00e9server vos ouvrages, directement sur le site de la m\u00e9diath\u00e8que et les r\u00e9cup\u00e9rer au point lecture de Sac\u00e9.<\/p>\n\n\n\n<p>En vous inscrivant au service de la ludoth\u00e8que \u00ab&nbsp;Les d\u00e9s en bulles&nbsp;\u00bb, vous pourrez aussi emprunter des jeux de soci\u00e9t\u00e9, pour une dur\u00e9e de trois semaines.<\/p>\n\n\n\n<p>Le Point lecture, situ\u00e9 14 place de l\u2019\u00c9glise, est ouvert au public :<\/p>\n\n\n\n<p><em><strong>Les vendredis de<\/strong><\/em>&nbsp;:<\/p>\n\n\n\n<p>\u21d216 h 30 \u00e0 19 h 00 (p\u00e9riode scolaire)<\/p>\n\n\n\n<p><strong>Vendredi 04 novembre 2022<\/strong>&nbsp;de 10 h 30 \u00e0 12 h 00 : visionnage de courts-m\u00e9trages,<\/p>\n\n\n\n<p><strong>Vendredi 24 f\u00e9vrier 2023<\/strong>&nbsp;de 16 h 00 \u00e0 18 h 00 : s\u00e9ance de lecture et jeux \u00ab&nbsp;en attendant Croq&nbsp;\u00bb,<\/p>\n\n\n\n<p><strong>Vendredi 30 juin 2023&nbsp;&nbsp;<\/strong>: \u00ab&nbsp;les histoires se font la malle&nbsp;\u00bb,<\/p>\n\n\n\n<p><strong>Les samedis de 10 h 30 \u00e0 12 h 00<\/strong>&nbsp;:<\/p>\n\n\n\n<p>\u21d2Samedi 15 octobre 2022 : animation lecture,<\/p>\n\n\n\n<p>\u21d2Samedi 10 d\u00e9cembre 2022 : animation lecture,<\/p>\n\n\n\n<p>\u21d2Samedi 07 janvier 2023,<\/p>\n\n\n\n<p>\u21d2Samedi 04 f\u00e9vrier 2023 : animation lecture,<\/p>\n\n\n\n<p>\u21d2Samedi 18 mars 2023 : animation lecture,<\/p>\n\n\n\n<p>\u21d2Samedi 13 mai 2023 : animation lecture,<\/p>\n\n\n\n<p>\u21d2Samedi 10 juin 2023 : animation lecture.<\/p>\n","protected":false},"excerpt":{"rendered":"<p>Notre biblioth\u00e8que de proximit\u00e9 fait partie du r\u00e9seau de lecture de Mayenne Communaut\u00e9, pilot\u00e9 par la m\u00e9diath\u00e8que Jean-Loup Trassard \u00e0 Mayenne. Apr\u00e8s inscription, votre carte vous permet d\u2019emprunter jusqu\u2019\u00e0 5 [&hellip;]<\/p>\n","protected":false},"author":1,"featured_media":0,"parent":279,"menu_order":0,"comment_status":"closed","ping_status":"closed","template":"","meta":{"_EventAllDay":false,"_EventTimezone":"","_EventStartDate":"","_EventEndDate":"","_EventStartDateUTC":"","_EventEndDateUTC":"","_EventShowMap":false,"_EventShowMapLink":false,"_EventURL":"","_EventCost":"","_EventCostDescription":"","_EventCurrencySymbol":"","_EventCurrencyCode":"","_EventCurrencyPosition":"","_EventDateTimeSeparator":"","_EventTimeRangeSeparator":"","_EventOrganizerID":[],"_EventVenueID":[],"_OrganizerEmail":"","_OrganizerPhone":"","_OrganizerWebsite":"","_VenueAddress":"","_VenueCity":"","_VenueCountry":"","_VenueProvince":"","_VenueState":"","_VenueZip":"","_VenuePhone":"","_VenueURL":"","_VenueStateProvince":"","_VenueLat":"","_VenueLng":"","_VenueShowMap":false,"_VenueShowMapLink":false,"footnotes":""},"class_list":["post-281","page","type-page","status-publish","hentry"],"_links":{"self":[{"href":"https:\/\/ldv.sace.fr\/index.php\/wp-json\/wp\/v2\/pages\/281","targetHints":{"allow":["GET"]}}],"collection":[{"href":"https:\/\/ldv.sace.fr\/index.php\/wp-json\/wp\/v2\/pages"}],"about":[{"href":"https:\/\/ldv.sace.fr\/index.php\/wp-json\/wp\/v2\/types\/page"}],"author":[{"embeddable":true,"href":"https:\/\/ldv.sace.fr\/index.php\/wp-json\/wp\/v2\/users\/1"}],"replies":[{"embeddable":true,"href":"https:\/\/ldv.sace.fr\/index.php\/wp-json\/wp\/v2\/comments?post=281"}],"version-history":[{"count":2,"href":"https:\/\/ldv.sace.fr\/index.php\/wp-json\/wp\/v2\/pages\/281\/revisions"}],"predecessor-version":[{"id":431,"href":"https:\/\/ldv.sace.fr\/index.php\/wp-json\/wp\/v2\/pages\/281\/revisions\/431"}],"up":[{"embeddable":true,"href":"https:\/\/ldv.sace.fr\/index.php\/wp-json\/wp\/v2\/pages\/279"}],"wp:attachment":[{"href":"https:\/\/ldv.sace.fr\/index.php\/wp-json\/wp\/v2\/media?parent=281"}],"curies":[{"name":"wp","href":"https:\/\/api.w.org\/{rel}","templated":true}]}}