{"id":283,"date":"2024-03-27T09:23:33","date_gmt":"2024-03-27T08:23:33","guid":{"rendered":"https:\/\/ldv.sace.fr\/?page_id=283"},"modified":"2024-04-02T16:20:49","modified_gmt":"2024-04-02T14:20:49","slug":"comite-danimation","status":"publish","type":"page","link":"https:\/\/ldv.sace.fr\/index.php\/la-vie-communale\/culture-associations\/comite-danimation\/","title":{"rendered":"Comit\u00e9 d&rsquo;animation"},"content":{"rendered":"\n<p>Le comit\u00e9 d\u2019animation a pour objectif de faciliter et d\u2019entretenir des contacts entre les habitants et de dynamiser la commune.&nbsp;Pour cela des manifestations sont organis\u00e9es&nbsp;:<br>\u2013&nbsp;5 heures cyclo et pour une premi\u00e8re cette ann\u00e9e une boucle VTT y est ajout\u00e9e<br>\u2013 vide-grenier<br>\u2013&nbsp;buffet champ\u00eatre.<\/p>\n\n\n\n<p>La tradition du comit\u00e9 depuis plus de 30 ans est d\u2019offrir le repas aux a\u00een\u00e9s de plus de 60 ans.&nbsp;Il est important de perp\u00e9tuer ce qui a \u00e9t\u00e9 mis en place par les cr\u00e9ateurs de l\u2019association.<\/p>\n\n\n\n<p><em><strong><font color=\"874899\">Composition du bureau depuis le 31 mars 2023<br><\/font><\/strong><\/em>Pr\u00e9sident\u2026\u2026\u2026\u2026\u2026\u2026\u2026\u2026\u2026Alain DAMON,<br>Vice-Pr\u00e9sident\u2026\u2026\u2026\u2026\u2026.Eric BONZAMI,<br>Tr\u00e9sori\u00e8re\u2026\u2026\u2026\u2026\u2026\u2026\u2026\u2026.Marie-Anne COCHON ,<br>Secr\u00e9taire\u2026\u2026\u2026\u2026\u2026\u2026\u2026\u2026.Sylvie TEREAU Secr\u00e9taire,<br>Vice-tr\u00e9sorier\u2026\u2026\u2026\u2026\u2026..Dominique COCHON.<br><br><em><font color=\"BBCF29\">Membres&nbsp;<\/font><\/em>: Yolande FAUBOURG, Alix FAUBOURG, Philippe DERENNE Franck DELHOMEL, Bernard SABIN, Brigitte LEBOSSE, Micka\u00ebl PAUMARD, Yolande CROISSANT, Marcel CROISSANT et Sandrine BONZAMI<\/p>\n\n\n\n<figure class=\"wp-block-image size-large is-resized\"><img loading=\"lazy\" decoding=\"async\" width=\"724\" height=\"1024\" src=\"https:\/\/ldv.sace.fr\/wp-content\/uploads\/2024\/04\/COMITE-DANIMATION-724x1024.jpg\" alt=\"\" class=\"wp-image-432\" style=\"width:616px;height:auto\" srcset=\"https:\/\/ldv.sace.fr\/wp-content\/uploads\/2024\/04\/COMITE-DANIMATION-724x1024.jpg 724w, https:\/\/ldv.sace.fr\/wp-content\/uploads\/2024\/04\/COMITE-DANIMATION-212x300.jpg 212w, https:\/\/ldv.sace.fr\/wp-content\/uploads\/2024\/04\/COMITE-DANIMATION-768x1086.jpg 768w, https:\/\/ldv.sace.fr\/wp-content\/uploads\/2024\/04\/COMITE-DANIMATION-1086x1536.jpg 1086w, https:\/\/ldv.sace.fr\/wp-content\/uploads\/2024\/04\/COMITE-DANIMATION.jpg 1240w\" sizes=\"auto, (max-width: 724px) 100vw, 724px\" \/><\/figure>\n\n\n\n<p><em><strong><font color=\"874899\">Repas des a\u00een\u00e9s 2016<\/font><\/strong><\/em><\/p>\n\n\n\n<figure class=\"wp-block-image size-large\"><img loading=\"lazy\" decoding=\"async\" width=\"1024\" height=\"768\" src=\"https:\/\/ldv.sace.fr\/wp-content\/uploads\/2024\/04\/repas-aine-2016-006-1024x768.jpg\" alt=\"\" class=\"wp-image-433\" srcset=\"https:\/\/ldv.sace.fr\/wp-content\/uploads\/2024\/04\/repas-aine-2016-006-1024x768.jpg 1024w, https:\/\/ldv.sace.fr\/wp-content\/uploads\/2024\/04\/repas-aine-2016-006-300x225.jpg 300w, https:\/\/ldv.sace.fr\/wp-content\/uploads\/2024\/04\/repas-aine-2016-006-768x576.jpg 768w, https:\/\/ldv.sace.fr\/wp-content\/uploads\/2024\/04\/repas-aine-2016-006-1536x1152.jpg 1536w, https:\/\/ldv.sace.fr\/wp-content\/uploads\/2024\/04\/repas-aine-2016-006.jpg 2048w\" sizes=\"auto, (max-width: 1024px) 100vw, 1024px\" \/><\/figure>\n\n\n\n<p><em><strong><font color=\"874899\">T\u00e9l\u00e9thon 2016 \u2013 1\u00e8re ann\u00e9e<\/font><\/strong><\/em><\/p>\n\n\n\n<figure class=\"wp-block-image size-large\"><img loading=\"lazy\" decoding=\"async\" width=\"1024\" height=\"768\" src=\"https:\/\/ldv.sace.fr\/wp-content\/uploads\/2024\/04\/telethon-029-1024x768.jpg\" alt=\"\" class=\"wp-image-435\" srcset=\"https:\/\/ldv.sace.fr\/wp-content\/uploads\/2024\/04\/telethon-029-1024x768.jpg 1024w, https:\/\/ldv.sace.fr\/wp-content\/uploads\/2024\/04\/telethon-029-300x225.jpg 300w, https:\/\/ldv.sace.fr\/wp-content\/uploads\/2024\/04\/telethon-029-768x576.jpg 768w, https:\/\/ldv.sace.fr\/wp-content\/uploads\/2024\/04\/telethon-029-1536x1152.jpg 1536w, https:\/\/ldv.sace.fr\/wp-content\/uploads\/2024\/04\/telethon-029.jpg 2048w\" sizes=\"auto, (max-width: 1024px) 100vw, 1024px\" \/><\/figure>\n","protected":false},"excerpt":{"rendered":"<p>Le comit\u00e9 d\u2019animation a pour objectif de faciliter et d\u2019entretenir des contacts entre les habitants et de dynamiser la commune.&nbsp;Pour cela des manifestations sont organis\u00e9es&nbsp;:\u2013&nbsp;5 heures cyclo et pour une [&hellip;]<\/p>\n","protected":false},"author":1,"featured_media":0,"parent":279,"menu_order":0,"comment_status":"closed","ping_status":"closed","template":"","meta":{"_EventAllDay":false,"_EventTimezone":"","_EventStartDate":"","_EventEndDate":"","_EventStartDateUTC":"","_EventEndDateUTC":"","_EventShowMap":false,"_EventShowMapLink":false,"_EventURL":"","_EventCost":"","_EventCostDescription":"","_EventCurrencySymbol":"","_EventCurrencyCode":"","_EventCurrencyPosition":"","_EventDateTimeSeparator":"","_EventTimeRangeSeparator":"","_EventOrganizerID":[],"_EventVenueID":[],"_OrganizerEmail":"","_OrganizerPhone":"","_OrganizerWebsite":"","_VenueAddress":"","_VenueCity":"","_VenueCountry":"","_VenueProvince":"","_VenueState":"","_VenueZip":"","_VenuePhone":"","_VenueURL":"","_VenueStateProvince":"","_VenueLat":"","_VenueLng":"","_VenueShowMap":false,"_VenueShowMapLink":false,"footnotes":""},"class_list":["post-283","page","type-page","status-publish","hentry"],"_links":{"self":[{"href":"https:\/\/ldv.sace.fr\/index.php\/wp-json\/wp\/v2\/pages\/283","targetHints":{"allow":["GET"]}}],"collection":[{"href":"https:\/\/ldv.sace.fr\/index.php\/wp-json\/wp\/v2\/pages"}],"about":[{"href":"https:\/\/ldv.sace.fr\/index.php\/wp-json\/wp\/v2\/types\/page"}],"author":[{"embeddable":true,"href":"https:\/\/ldv.sace.fr\/index.php\/wp-json\/wp\/v2\/users\/1"}],"replies":[{"embeddable":true,"href":"https:\/\/ldv.sace.fr\/index.php\/wp-json\/wp\/v2\/comments?post=283"}],"version-history":[{"count":7,"href":"https:\/\/ldv.sace.fr\/index.php\/wp-json\/wp\/v2\/pages\/283\/revisions"}],"predecessor-version":[{"id":438,"href":"https:\/\/ldv.sace.fr\/index.php\/wp-json\/wp\/v2\/pages\/283\/revisions\/438"}],"up":[{"embeddable":true,"href":"https:\/\/ldv.sace.fr\/index.php\/wp-json\/wp\/v2\/pages\/279"}],"wp:attachment":[{"href":"https:\/\/ldv.sace.fr\/index.php\/wp-json\/wp\/v2\/media?parent=283"}],"curies":[{"name":"wp","href":"https:\/\/api.w.org\/{rel}","templated":true}]}}