{"id":292,"date":"2024-03-27T09:39:05","date_gmt":"2024-03-27T08:39:05","guid":{"rendered":"https:\/\/ldv.sace.fr\/?page_id=292"},"modified":"2024-04-02T16:14:26","modified_gmt":"2024-04-02T14:14:26","slug":"association-la-detente","status":"publish","type":"page","link":"https:\/\/ldv.sace.fr\/index.php\/la-vie-communale\/culture-associations\/association-la-detente\/","title":{"rendered":"Association la d\u00e9tente"},"content":{"rendered":"\n<p>L\u2019association \u00ab&nbsp;La D\u00e9tente&nbsp;\u00bb g\u00e8re la licence IV du bar et vous propose plusieurs animations et concerts, tout au long de l\u2019ann\u00e9e. Sous la responsabilit\u00e9 de l\u2019un de ses membres, le bar vous accueille chaque vendredi soir.<\/p>\n\n\n\n<figure class=\"wp-block-image size-large is-resized\"><img loading=\"lazy\" decoding=\"async\" width=\"768\" height=\"576\" src=\"https:\/\/ldv.sace.fr\/wp-content\/uploads\/2024\/04\/DETENTE1-768x576-1.jpg\" alt=\"\" class=\"wp-image-426\" style=\"width:396px;height:auto\" srcset=\"https:\/\/ldv.sace.fr\/wp-content\/uploads\/2024\/04\/DETENTE1-768x576-1.jpg 768w, https:\/\/ldv.sace.fr\/wp-content\/uploads\/2024\/04\/DETENTE1-768x576-1-300x225.jpg 300w\" sizes=\"auto, (max-width: 768px) 100vw, 768px\" \/><\/figure>\n\n\n\n<p>Depuis la rentr\u00e9e de Septembre, nous avons d\u00e9j\u00e0 pu organiser deux concerts (Prince Ringard et Mornin\u2019Glory) ainsi qu\u2019un march\u00e9 de cr\u00e9ateurs et d\u2019artisans locaux.<\/p>\n\n\n\n<p>Le bar associatif est un lieu de rencontres et d\u2019\u00e9changes, ouvert \u00e0 tous.<\/p>\n\n\n\n<p>Vous serez inform\u00e9s de nos activit\u00e9s en consultant le panneau d\u2019information, \u00e0 l\u2019entr\u00e9e du bar. Rejoignez-nous, pour profiter des animations ou simplement pour prendre un verre entre amis, tout en mangeant une pizza du V\u00e9n\u00e9to.<\/p>\n\n\n\n<figure class=\"wp-block-image size-full is-resized\"><img loading=\"lazy\" decoding=\"async\" width=\"768\" height=\"576\" src=\"https:\/\/ldv.sace.fr\/wp-content\/uploads\/2024\/04\/Sace-25A.-Bar-Asso.-09.2016-P.M.-209-768x576-1.jpg\" alt=\"\" class=\"wp-image-428\" style=\"width:408px;height:auto\" srcset=\"https:\/\/ldv.sace.fr\/wp-content\/uploads\/2024\/04\/Sace-25A.-Bar-Asso.-09.2016-P.M.-209-768x576-1.jpg 768w, https:\/\/ldv.sace.fr\/wp-content\/uploads\/2024\/04\/Sace-25A.-Bar-Asso.-09.2016-P.M.-209-768x576-1-300x225.jpg 300w\" sizes=\"auto, (max-width: 768px) 100vw, 768px\" \/><\/figure>\n\n\n\n<p>Au plaisir de vous retrouver,<\/p>\n\n\n\n<p>Cordialement,<\/p>\n\n\n\n<p>J\u00e9r\u00f4me Cormier, Pr\u00e9sident de l\u2019association \u00ab&nbsp;La D\u00e9tente&nbsp;\u00bb<\/p>\n","protected":false},"excerpt":{"rendered":"<p>L\u2019association \u00ab&nbsp;La D\u00e9tente&nbsp;\u00bb g\u00e8re la licence IV du bar et vous propose plusieurs animations et concerts, tout au long de l\u2019ann\u00e9e. Sous la responsabilit\u00e9 de l\u2019un de ses membres, le [&hellip;]<\/p>\n","protected":false},"author":1,"featured_media":0,"parent":279,"menu_order":0,"comment_status":"closed","ping_status":"closed","template":"","meta":{"_EventAllDay":false,"_EventTimezone":"","_EventStartDate":"","_EventEndDate":"","_EventStartDateUTC":"","_EventEndDateUTC":"","_EventShowMap":false,"_EventShowMapLink":false,"_EventURL":"","_EventCost":"","_EventCostDescription":"","_EventCurrencySymbol":"","_EventCurrencyCode":"","_EventCurrencyPosition":"","_EventDateTimeSeparator":"","_EventTimeRangeSeparator":"","_EventOrganizerID":[],"_EventVenueID":[],"_OrganizerEmail":"","_OrganizerPhone":"","_OrganizerWebsite":"","_VenueAddress":"","_VenueCity":"","_VenueCountry":"","_VenueProvince":"","_VenueState":"","_VenueZip":"","_VenuePhone":"","_VenueURL":"","_VenueStateProvince":"","_VenueLat":"","_VenueLng":"","_VenueShowMap":false,"_VenueShowMapLink":false,"footnotes":""},"class_list":["post-292","page","type-page","status-publish","hentry"],"_links":{"self":[{"href":"https:\/\/ldv.sace.fr\/index.php\/wp-json\/wp\/v2\/pages\/292","targetHints":{"allow":["GET"]}}],"collection":[{"href":"https:\/\/ldv.sace.fr\/index.php\/wp-json\/wp\/v2\/pages"}],"about":[{"href":"https:\/\/ldv.sace.fr\/index.php\/wp-json\/wp\/v2\/types\/page"}],"author":[{"embeddable":true,"href":"https:\/\/ldv.sace.fr\/index.php\/wp-json\/wp\/v2\/users\/1"}],"replies":[{"embeddable":true,"href":"https:\/\/ldv.sace.fr\/index.php\/wp-json\/wp\/v2\/comments?post=292"}],"version-history":[{"count":2,"href":"https:\/\/ldv.sace.fr\/index.php\/wp-json\/wp\/v2\/pages\/292\/revisions"}],"predecessor-version":[{"id":429,"href":"https:\/\/ldv.sace.fr\/index.php\/wp-json\/wp\/v2\/pages\/292\/revisions\/429"}],"up":[{"embeddable":true,"href":"https:\/\/ldv.sace.fr\/index.php\/wp-json\/wp\/v2\/pages\/279"}],"wp:attachment":[{"href":"https:\/\/ldv.sace.fr\/index.php\/wp-json\/wp\/v2\/media?parent=292"}],"curies":[{"name":"wp","href":"https:\/\/api.w.org\/{rel}","templated":true}]}}