{"id":298,"date":"2024-03-27T09:49:39","date_gmt":"2024-03-27T08:49:39","guid":{"rendered":"https:\/\/ldv.sace.fr\/?page_id=298"},"modified":"2024-06-06T18:21:45","modified_gmt":"2024-06-06T16:21:45","slug":"carte-didentite","status":"publish","type":"page","link":"https:\/\/ldv.sace.fr\/index.php\/en-pratique\/demarches-administratives\/carte-didentite\/","title":{"rendered":"Carte d&rsquo;identit\u00e9"},"content":{"rendered":"\n<figure class=\"wp-block-image aligncenter\"><a href=\"https:\/\/www.sace.fr\/wp-content\/uploads\/2014\/07\/2023_03_13_DDT_cartographie_34_communes_DR.jpg\" target=\"_blank\" rel=\"noreferrer noopener\"><img decoding=\"async\" src=\"https:\/\/www.sace.fr\/wp-content\/uploads\/2014\/07\/2023_03_13_DDT_cartographie_34_communes_DR-212x300.jpg\" alt=\"\" class=\"wp-image-17427\"\/><\/a><\/figure>\n\n\n\n<h5 class=\"wp-block-heading\"><\/h5>\n\n\n\n<p><strong>Depuis le 1er mars 2017<\/strong>, les demandes de carte nationale d\u2019identit\u00e9 (CNI) doivent \u00eatre d\u00e9pos\u00e9es aupr\u00e8s des communes \u00e9quip\u00e9es d\u2019un dispositif de prise d\u2019empreintes digitales. Voici la liste des mairies \u00e9quip\u00e9es en Mayenne :<\/p>\n\n\n\n<ol class=\"wp-block-list\">\n<li>Ambri\u00e8res-Les-Vall\u00e9es,<\/li>\n\n\n\n<li>Bonchamp-l\u00e8s-Laval,<\/li>\n\n\n\n<li>Champ\u00e9on,<\/li>\n\n\n\n<li>Champg\u00e9n\u00e9teux,<\/li>\n\n\n\n<li>Chang\u00e9,<\/li>\n\n\n\n<li>Ch\u00e2teau-Gontier-sur-Mayenne<\/li>\n\n\n\n<li>Commer<\/li>\n\n\n\n<li>Coss\u00e9-le-Vivien,<\/li>\n\n\n\n<li>Craon,<\/li>\n\n\n\n<li>Ern\u00e9e,<\/li>\n\n\n\n<li>Entrammes,<\/li>\n\n\n\n<li>Evron,<\/li>\n\n\n\n<li>Fougerolles-du-Plessis,<\/li>\n\n\n\n<li>Gorron,<\/li>\n\n\n\n<li>Javron-les-Chapelles,<\/li>\n\n\n\n<li>Landivy,<\/li>\n\n\n\n<li>Lassay-les-Ch\u00e2teaux,<\/li>\n\n\n\n<li>Laval,<\/li>\n\n\n\n<li>Le Horps,<\/li>\n\n\n\n<li>Martign\u00e9-sur-Mayenne<\/li>\n\n\n\n<li>Mayenne,<\/li>\n\n\n\n<li>Meslay du Maine,<\/li>\n\n\n\n<li>Pr\u00e9-en-Pail,<\/li>\n\n\n\n<li>Renaz\u00e9,<\/li>\n\n\n\n<li>Saint-Mars sur la Futaie,<\/li>\n\n\n\n<li>Saint-Berthevin,<\/li>\n\n\n\n<li>Saint Denis d\u2019Anjou,<\/li>\n\n\n\n<li>Saint Georges Buttavent,<\/li>\n\n\n\n<li>Saint Ou\u00ebn des Toits,<\/li>\n\n\n\n<li>Saint Pierre la Cour,<\/li>\n\n\n\n<li>Villaines-la-Juhel,<\/li>\n\n\n\n<li>Vimartin sur Orthe.<\/li>\n<\/ol>\n\n\n\n<h2 class=\"wp-block-heading\">Carte Nationale d\u2019Identit\u00e9<\/h2>\n\n\n\n<h3 class=\"wp-block-heading\"><strong>Toutes les informations utiles pour obtenir ou renouveler sa carte nationale d\u2019identit\u00e9.<\/strong><\/h3>\n\n\n\n<p>Pour demander une carte d\u2019identit\u00e9,&nbsp;les pi\u00e8ces justificatives n\u00e9cessaires&nbsp;d\u00e9pendent de la situation : majeur ou mineur, premi\u00e8re demande ou renouvellement,\u2026<\/p>\n\n\n\n<p>Le d\u00e9lai pour obtenir sa carte d\u2019identit\u00e9 \u00e0 partir du d\u00e9p\u00f4t&nbsp;d\u2019un dossier complet est&nbsp;de 2 mois maximum.<\/p>\n\n\n\n<h4 class=\"wp-block-heading\"><strong>Pour une personne majeure<\/strong>&nbsp;:<\/h4>\n\n\n\n<p class=\"is-style-default\"><em><strong>La&nbsp;pr\u00e9sence du demandeur est obligatoire&nbsp;lors du d\u00e9p\u00f4t du dossier et lors du retrait de la carte d\u2019identit\u00e9.&nbsp;La carte d\u2019identit\u00e9 d\u2019une personne majeure est valable&nbsp;15 ans.<\/strong><\/em><\/p>\n\n\n\n<h3 class=\"wp-block-heading\"><strong>Renouvellement simplifi\u00e9 de carte nationale d\u2019identit\u00e9<\/strong>&nbsp;:<\/h3>\n\n\n\n<p><em><strong>Si vous poss\u00e9dez une carte d\u2019identit\u00e9 p\u00e9rim\u00e9e depuis moins de 5 ans, ou que vous poss\u00e9dez un passeport valide ou p\u00e9rim\u00e9 depuis moins de 2 ans (moins de 5 ans pour les&nbsp;<a href=\"https:\/\/www.service-public.fr\/particuliers\/vosdroits\/F11603\" target=\"_blank\" rel=\"noreferrer noopener\">passeports s\u00e9curis\u00e9s<\/a>), seuls les documents suivants sont n\u00e9cessaires :<\/strong><\/em><\/p>\n\n\n\n<ol class=\"wp-block-list\">\n<li>Remplir le formulaire de demande, disponible sur le&nbsp;<a href=\"https:\/\/passeport.ants.gouv.fr\/Services-associes\/Realiser-une-pre-demande-de-carte-nationale-d-identite-CNI\" target=\"_blank\" rel=\"noreferrer noopener\">site de l\u2019Agence Nationale des Titres S\u00e9curis\u00e9s<\/a>&nbsp;(inscription n\u00e9cessaire) ou en format papier \u00e0 la mairie.<\/li>\n\n\n\n<li>Votre ancienne carte nationale d\u2019identit\u00e9&nbsp;(et votre passeport, original + photocopie de la page relative \u00e0 l\u2019identit\u00e9, si votre carte est p\u00e9rim\u00e9e depuis plus de 5 ans). La carte vous sera rendue mais vous devrez imp\u00e9rativement nous la restituer lors du retrait de la nouvelle.<\/li>\n\n\n\n<li>1 photo d\u2019identit\u00e9 couleur&nbsp;de moins de 3&nbsp;mois,&nbsp;non d\u00e9coup\u00e9e et sans pliure,&nbsp;prise de face, yeux ouverts, bouche ferm\u00e9e, visage d\u00e9gag\u00e9, t\u00eate nue, sans ombre port\u00e9e, sans&nbsp;lunettes,&nbsp;sur fond clair et uni (non blanc), de format&nbsp;3,5cm X 4,5cm. La taille du visage doit&nbsp;imp\u00e9rativement&nbsp;\u00eatre comprise entre 3,2cm et 3,6cm.&nbsp;Photos num\u00e9riques personnelles non accept\u00e9es.<\/li>\n\n\n\n<li>1 justificatif de domicile&nbsp;en original (ou impression internet) dat\u00e9 de moins de 3 mois&nbsp;\u00e0 vos noms et pr\u00e9noms (facture d\u2019eau, d\u2019\u00e9lectricit\u00e9, de gaz ou de t\u00e9l\u00e9phone fixe ou mobile,&nbsp;avis d\u2019imposition ou de non-imposition sur les revenus ou sur l\u2019habitation). Si vous \u00eates h\u00e9berg\u00e9(e) chez quelqu\u2019un&nbsp;OU&nbsp;si vous \u00eates majeur(e) et que vous habitez chez vos parents, fournir un justificatif au nom de l\u2019h\u00e9bergeant, l\u2019original&nbsp;de la pi\u00e8ce d\u2019identit\u00e9 de l\u2019h\u00e9bergeant et une attestation sur l\u2019honneur dat\u00e9e et sign\u00e9e par celui-ci mentionnant son adresse et indiquant que vous r\u00e9sidez depuis plus de trois mois \u00e0 son domicile.<\/li>\n\n\n\n<li>Si votre situation d\u2019\u00e9tat civil a chang\u00e9 depuis votre pr\u00e9c\u00e9dente carte d\u2019identit\u00e9 (mariage, veuvage\u2026) ou si vous d\u00e9sirez qu\u2019un nom d\u2019usage soit mentionn\u00e9 sur votre nouvelle carte, fournir les justificatifs n\u00e9cessaires (acte de naissance avec mention du mariage ou acte de mariage, acte de d\u00e9c\u00e8s du conjoint\u2026). Pour les personnes divorc\u00e9es d\u00e9sirant garder leur nom d\u2019\u00e9pouse\/d\u2019\u00e9poux, fournir le jugement de divorce OU, si l\u2019autorisation n\u2019est pas mentionn\u00e9e dans le jugement, une autorisation \u00e9crite de l\u2019ex-\u00e9poux\/\u00e9pouse.<\/li>\n<\/ol>\n\n\n\n<h3 class=\"wp-block-heading\"><strong><u>1re demande, carte perdue, vol\u00e9e ou p\u00e9rim\u00e9e depuis plus de 5 ans<\/u>\u00a0:\u00a0<\/strong><\/h3>\n\n\n\n<h4 class=\"wp-block-heading\"><em>Les documents suivants sont n\u00e9cessaires :<\/em><\/h4>\n\n\n\n<ol class=\"wp-block-list\">\n<li>Remplir le formulaire de demande, disponible sur le&nbsp;<a href=\"https:\/\/passeport.ants.gouv.fr\/Services-associes\/Realiser-une-pre-demande-de-carte-nationale-d-identite-CNI\" target=\"_blank\" rel=\"noreferrer noopener\">site de l\u2019Agence Nationale des Titres S\u00e9curis\u00e9s<\/a>&nbsp;(inscription n\u00e9cessaire) ou en format papier \u00e0 la mairie.<\/li>\n\n\n\n<li>Un justificatif de votre identit\u00e9 :\n<ul class=\"wp-block-list\">\n<li>Si vous n\u2019avez jamais eu de carte d\u2019identit\u00e9 :&nbsp;vous devrez fournir un document officiel avec photo (passeport m\u00eame p\u00e9rim\u00e9, permis de conduire, permis de chasser, carte professionnelle, carte Vitale 2, carte d\u2019\u00e9tudiant\u2026) \u2013&nbsp;original + photocopie.<\/li>\n\n\n\n<li>En cas de vol de votre pr\u00e9c\u00e9dente carte&nbsp;: vous devrez fournir une&nbsp;d\u00e9claration de vol&nbsp;que vous remplirez aupr\u00e8s des services de police nationale ou de gendarmerie ainsi qu\u2019un&nbsp;document officiel avec photo&nbsp;et&nbsp;25 euros en timbres fiscaux&nbsp;(disponible sur ce&nbsp;<a href=\"https:\/\/timbres.impots.gouv.fr\/\" target=\"_blank\" rel=\"noreferrer noopener\">site<\/a>, dans certains bureaux de tabac ou au centre des Finances Publiques).<\/li>\n\n\n\n<li>En cas de perte de votre pr\u00e9c\u00e9dente carte :&nbsp;vous devrez remplir une&nbsp;d\u00e9claration de perte&nbsp;que nous vous remettrons apr\u00e8s le d\u00e9p\u00f4t de votre dossier complet et fournir un&nbsp;document officiel avec photo&nbsp;et&nbsp;25 euros en timbres fiscaux&nbsp;(disponible sur ce&nbsp;<a href=\"https:\/\/timbres.impots.gouv.fr\/\" target=\"_blank\" rel=\"noreferrer noopener\">site<\/a>, dans certains bureaux de tabac ou au centre des Finances Publiques).1 photo d\u2019identit\u00e9&nbsp;de moins de 6 mois,&nbsp;non d\u00e9coup\u00e9e et sans pliure,&nbsp;prise de face, yeux ouverts, bouche ferm\u00e9e, visage d\u00e9gag\u00e9, t\u00eate nue, sans ombre port\u00e9e, sans lunettes, sur fond clair et uni (non blanc), de format&nbsp;3,5cm X 4,5cm. La taille du visage doit&nbsp;imp\u00e9rativement&nbsp;\u00eatre comprise entre 3,2cm et 3,6cm.&nbsp;Photos num\u00e9riques personnelles non accept\u00e9es.<\/li>\n<\/ul>\n<\/li>\n\n\n\n<li>1 justificatif de domicile en original (ou impression internet) dat\u00e9 de moins de 3 mois \u00e0 vos noms et pr\u00e9noms (facture d\u2019eau, d\u2019\u00e9lectricit\u00e9, de gaz ou de t\u00e9l\u00e9phone fixe ou mobile, avis d\u2019imposition ou de non-imposition sur les revenus ou sur l\u2019habitation).Si vous \u00eates h\u00e9berg\u00e9(e) chez quelqu\u2019un&nbsp;OU&nbsp;si vous \u00eates majeur(e) et que vous habitez chez vos parents, fournir un justificatif au nom de l\u2019h\u00e9bergeant, l\u2019original&nbsp;de la pi\u00e8ce d\u2019identit\u00e9 de l\u2019h\u00e9bergeant et une attestation sur l\u2019honneur dat\u00e9e et sign\u00e9e par celui-ci mentionnant son adresse et indiquant que vous r\u00e9sidez depuis plus de trois mois \u00e0 son domicile.<\/li>\n\n\n\n<li>Si votre mairie de naissance n\u2019est pas adh\u00e9rente au dispositif de d\u00e9mat\u00e9rialisation de l\u2019\u00e9tat civil d\u00e9nomm\u00e9 COMEDEC&nbsp;(<a href=\"https:\/\/ants.gouv.fr\/Les-solutions\/COMEDEC\/Villes-adherentes-a-la-dematerialisation\" target=\"_blank\" rel=\"noreferrer noopener\">voir communes concern\u00e9es<\/a>),&nbsp;fournir \u00e9galement un extrait d\u2019acte de naissance&nbsp;\u00e0 jour, datant de moins de 3 mois,&nbsp;comportant les&nbsp;date et lieu de naissance de vos parents&nbsp;\u00e0 demander par courrier \u00e0 la mairie de votre lieu de naissance ou par&nbsp;<a href=\"https:\/\/www.service-public.fr\/particuliers\/vosdroits\/F1427\" target=\"_blank\" rel=\"noreferrer noopener\">internet<\/a>.Si vous n\u2019\u00eates pas n\u00e9(e) en France d\u2019au moins un parent n\u00e9 en France ou si votre acte de naissance ne fait pas mention que vous \u00eates de nationalit\u00e9 fran\u00e7aise,&nbsp;fournir \u00e9galement un&nbsp;<a href=\"https:\/\/www.service-public.fr\/particuliers\/vosdroits\/F18713\" target=\"_blank\" rel=\"noreferrer noopener\">justificatif de nationalit\u00e9 fran\u00e7aise<\/a>.<\/li>\n\n\n\n<li>Pour les personnes divorc\u00e9es d\u00e9sirant garder leur nom d\u2019\u00e9pouse\/d\u2019\u00e9poux, fournir le jugement de divorce OU, si l\u2019autorisation n\u2019est pas mentionn\u00e9e dans le jugement, une autorisation \u00e9crite de l\u2019ex-\u00e9poux\/\u00e9pouse.Pour les personnes veuves&nbsp;d\u00e9sirant la mention du veuvage, fournir un acte de d\u00e9c\u00e8s du conjoint.<\/li>\n<\/ol>\n\n\n\n<h3 class=\"wp-block-heading\"><\/h3>\n\n\n\n<h4 class=\"wp-block-heading\"><strong>Pour une personne mineure<\/strong><strong>&nbsp;:<\/strong><\/h4>\n\n\n\n<h4 class=\"wp-block-heading\"><em>La pr\u00e9sence du titulaire de l\u2019autorit\u00e9 parentale est obligatoire&nbsp;tant lors du d\u00e9p\u00f4t de la demande que du retrait de la carte.&nbsp;La pr\u00e9sence du mineur est obligatoire au d\u00e9p\u00f4t du dossier. La carte d\u2019identit\u00e9 d\u2019un enfant mineur est valable&nbsp;10 ans.<\/em><\/h4>\n\n\n\n<h3 class=\"wp-block-heading\"><strong><u>Renouvellement simplifi\u00e9 de carte nationale d\u2019identit\u00e9<\/u>&nbsp;:<\/strong><\/h3>\n\n\n\n<h4 class=\"wp-block-heading\">&nbsp;<em>Si votre enfant poss\u00e8de une carte d\u2019identit\u00e9 p\u00e9rim\u00e9e depuis moins de 5 ans, ou un passeport valide ou p\u00e9rim\u00e9 depuis moins de 5 ans, seuls les documents suivants sont n\u00e9cessaires :<\/em><\/h4>\n\n\n\n<ol class=\"wp-block-list\">\n<li>Remplir le formulaire de demande, disponible sur le\u00a0<a href=\"https:\/\/passeport.ants.gouv.fr\/Services-associes\/Realiser-une-pre-demande-de-carte-nationale-d-identite-CNI\" target=\"_blank\" rel=\"noreferrer noopener\">site de l\u2019Agence Nationale\u00a0 des Titres S\u00e9curis\u00e9s<\/a>\u00a0(inscription n\u00e9cessaire) ou en format papier dans les mairies de proximit\u00e9 ou \u00e0 l\u2019h\u00f4tel de ville.<\/li>\n\n\n\n<li>Son ancienne carte nationale d\u2019identit\u00e9\u00a0(et son passeport, en original + photocopie de la page relative \u00e0 l\u2019identit\u00e9, si sa carte est p\u00e9rim\u00e9e\u00a0depuis plus\u00a0 de 5 ans).\u00a0La carte vous sera rendue mais vous devrez imp\u00e9rativement nous la restituer lors du retrait de la nouvelle.<\/li>\n\n\n\n<li>Une photo d\u2019identit\u00e9, de moins de 3\u00a0mois, non d\u00e9coup\u00e9e et sans pliure, prise de face, yeux ouverts, bouche ferm\u00e9e, visage d\u00e9gag\u00e9, t\u00eate nue, sans ombre port\u00e9e, sans lunettes, sur fond clair et uni (non blanc), de format 3,5cm X 4,5cm. La taille du visage doit imp\u00e9rativement \u00eatre comprise entre 3,2cm et 3,6cm.\u00a0Photos num\u00e9riques personnelles ou scolaires non accept\u00e9es.<\/li>\n\n\n\n<li>Un justificatif de domicile en original (ou impression internet) dat\u00e9 de moins de 3 mois,\u00a0au nom du ou des parents chez le(s)quel(s) l\u2019enfant r\u00e9side\u00a0(facture d\u2019eau, d\u2019\u00e9lectricit\u00e9, de gaz ou de t\u00e9l\u00e9phone fixe ou mobile, avis d\u2019imposition ou de non-imposition sur les revenus ou sur l\u2019habitation).<br>Pour les enfants de parents divorc\u00e9s ou s\u00e9par\u00e9s r\u00e9sidant de mani\u00e8re altern\u00e9e chez leurs deux parents\u00a0:\u00a0fournir un justificatif de domicile de moins de 3 mois\u00a0au nom de chacun des parents ainsi que le document du tribunal pour la garde altern\u00e9e.<br>Si le parent est h\u00e9berg\u00e9 avec son enfant chez quelqu\u2019un\u00a0OU\u00a0s\u2019il est majeur et qu\u2019il habite chez ses parents, fournir un justificatif au nom de l\u2019h\u00e9bergeant, l\u2019original\u00a0de la pi\u00e8ce d\u2019identit\u00e9 de l\u2019h\u00e9bergeant et une attestation sur l\u2019honneur dat\u00e9e et sign\u00e9e par celui-ci mentionnant son adresse et indiquant que le parent et l\u2019enfant r\u00e9sident depuis plus de trois mois \u00e0 son domicile.<\/li>\n\n\n\n<li>La pi\u00e8ce d\u2019identit\u00e9 originale, en cours de validit\u00e9 du parent d\u00e9posant le dossier\u00a0(carte d\u2019identit\u00e9, passeport ou titre de s\u00e9jour).<\/li>\n\n\n\n<li>Le cas \u00e9ch\u00e9ant, toutes les d\u00e9cisions de justice rendues concernant l\u2019autorit\u00e9 parentale et la r\u00e9sidence de l\u2019enfant\u00a0(jugement(s) de divorce ou de s\u00e9paration accompagn\u00e9(s) le cas \u00e9ch\u00e9ant de la convention conclue entre les parents, ordonnance de s\u00e9paration du tribunal si la proc\u00e9dure est en cours, tutelle, d\u00e9l\u00e9gation d\u2019autorit\u00e9 parentale\u2026).<\/li>\n\n\n\n<li>En cas de demande d\u2019apposition, en nom d\u2019usage, du nom des p\u00e8re et m\u00e8re,\u00a0fournir un\u00a0accord \u00e9crit, dat\u00e9 et sign\u00e9, du parent ne d\u00e9posant pas le dossier\u00a0accompagn\u00e9 de\u00a0la photocopie de sa pi\u00e8ce d\u2019identit\u00e9.<\/li>\n<\/ol>\n\n\n\n<h3 class=\"wp-block-heading\"><strong><u>1re demande, carte perdue, vol\u00e9e ou p\u00e9rim\u00e9e depuis plus de 5 ans\u00a0<\/u>:<\/strong><\/h3>\n\n\n\n<h4 class=\"wp-block-heading\"><em>Les documents suivants sont&nbsp;n\u00e9cessaires :<\/em><\/h4>\n\n\n\n<ol class=\"wp-block-list\">\n<li>Remplir le formulaire de demande, disponible sur le&nbsp;<a href=\"https:\/\/passeport.ants.gouv.fr\/Services-associes\/Realiser-une-pre-demande-de-carte-nationale-d-identite-CNI\" target=\"_blank\" rel=\"noreferrer noopener\">site de l\u2019Agence Nationale des Titres S\u00e9curis\u00e9s<\/a>&nbsp;(inscription n\u00e9cessaire) ou en format papier dans les mairies de proximit\u00e9 ou \u00e0 l\u2019h\u00f4tel de ville.<\/li>\n\n\n\n<li>1 justificatif de son identit\u00e9&nbsp;:<br>S\u2019il n\u2019a jamais eu de carte d\u2019identit\u00e9 :&nbsp;fournir, si possible, un document officiel avec photo (passeport p\u00e9rim\u00e9 depuis plus de 5 ans ou carte d\u2019\u00e9tudiant) \u2013 original + photocopie de la page relative \u00e0 l\u2019identit\u00e9.<br>En cas de vol de sa pr\u00e9c\u00e9dente carte&nbsp;: vous devrez fournir une&nbsp;d\u00e9claration de vol&nbsp;que vous remplirez aupr\u00e8s des services de police nationale ou de gendarmerie ainsi qu\u2019un&nbsp;document officiel avec photo&nbsp;et&nbsp;25 euros en timbres fiscaux&nbsp;(disponible sur ce&nbsp;<a href=\"https:\/\/timbres.impots.gouv.fr\/\" target=\"_blank\" rel=\"noreferrer noopener\">site<\/a>, dans certains bureaux de tabac ou au centre des Finances Publiques).<br>En cas de perte de sa pr\u00e9c\u00e9dente carte :&nbsp;vous devrez remplir une&nbsp;d\u00e9claration de perte&nbsp;que nous vous remettrons apr\u00e8s le d\u00e9p\u00f4t de votre dossier complet et fournir un&nbsp;document officiel avec photo&nbsp;et&nbsp;25 euros en timbres fiscaux&nbsp;(disponible sur ce&nbsp;<a href=\"https:\/\/timbres.impots.gouv.fr\/\" target=\"_blank\" rel=\"noreferrer noopener\">site<\/a>, dans certains bureaux de tabac ou au centre des Finances Publiques).<\/li>\n\n\n\n<li>Si la mairie de naissance de l\u2019enfant n\u2019est pas adh\u00e9rente au dispositif de d\u00e9mat\u00e9rialisation de l\u2019\u00e9tat civil d\u00e9nomm\u00e9 COMEDEC (<a href=\"https:\/\/ants.gouv.fr\/Les-solutions\/COMEDEC\/Villes-adherentes-a-la-dematerialisation\" target=\"_blank\" rel=\"noreferrer noopener\">voir communes concern\u00e9es<\/a>), fournir&nbsp;\u00e9galement une copie int\u00e9grale de l\u2019acte de naissance de l\u2019enfant,&nbsp;\u00e0 jour, datant de moins de 3 mois,&nbsp;comportant les&nbsp;date et lieu de naissance de ses parents&nbsp;\u00e0 demander par courrier \u00e0 la mairie de votre lieu de naissance ou par&nbsp;<a href=\"https:\/\/www.service-public.fr\/particuliers\/vosdroits\/F1427\" target=\"_blank\" rel=\"noreferrer noopener\">internet<\/a>.Si l\u2019enfant n\u2019est pas n\u00e9(e) en France d\u2019au moins un parent n\u00e9 en France ou si son acte de naissance ne fait pas mention de sa nationalit\u00e9 fran\u00e7aise, fournir \u00e9galement un&nbsp;<a href=\"https:\/\/www.service-public.fr\/particuliers\/vosdroits\/F18713\" target=\"_blank\" rel=\"noreferrer noopener\">justificatif de sa nationalit\u00e9 fran\u00e7aise<\/a>.<\/li>\n\n\n\n<li>1 photo d\u2019identit\u00e9, de moins de 3&nbsp;mois, non d\u00e9coup\u00e9e et sans pliure, prise de face, yeux ouverts, bouche ferm\u00e9e, visage d\u00e9gag\u00e9, t\u00eate nue, sans ombre port\u00e9e, sans lunettes, sur fond clair et uni (non blanc), de format 3,5cm X 4,5cm. La taille du visage doit imp\u00e9rativement \u00eatre comprise entre 3,2cm et 3,6cm.&nbsp;Photos num\u00e9riques personnelles non accept\u00e9es.<\/li>\n\n\n\n<li>Un justificatif de domicile en original (ou impression internet) dat\u00e9 de moins de 3 mois,&nbsp;au&nbsp;nom du ou des parents chez le(s)quel(s) l\u2019enfant r\u00e9side&nbsp;(facture d\u2019eau, d\u2019\u00e9lectricit\u00e9, de gaz ou de t\u00e9l\u00e9phone fixe ou mobile, avis d\u2019imposition ou de non-imposition sur les revenus ou sur l\u2019habitation).<br>Pour les enfants de parents divorc\u00e9s ou s\u00e9par\u00e9s r\u00e9sidant de mani\u00e8re altern\u00e9e chez leurs deux parents&nbsp;:&nbsp;fournir un justificatif de domicile de moins de 3 mois&nbsp;au nom de chacun des parents.Si le parent est h\u00e9berg\u00e9 avec son enfant chez quelqu\u2019un&nbsp;OU&nbsp;s\u2019il est majeur et qu\u2019il habite chez ses parents, fournir un justificatif au nom de l\u2019h\u00e9bergeant, l\u2019original&nbsp;de la pi\u00e8ce d\u2019identit\u00e9 de l\u2019h\u00e9bergeant et une attestation sur l\u2019honneur dat\u00e9e et sign\u00e9e par celui-ci mentionnant son adresse et indiquant que le parent et l\u2019enfant r\u00e9sident depuis plus de trois mois \u00e0 son domicile.<\/li>\n\n\n\n<li>La pi\u00e8ce d\u2019identit\u00e9 originale, en cours de validit\u00e9&nbsp;du parent d\u00e9posant le dossier&nbsp;(carte d\u2019identit\u00e9, passeport ou titre de s\u00e9jour). Pour un&nbsp;enfant de parents non mari\u00e9s, seul un parent qui a reconnu l\u2019enfant moins d\u2019un an apr\u00e8s sa naissance peut d\u00e9poser une demande de carte d\u2019identit\u00e9 pour l\u2019enfant, sauf pr\u00e9sentation d\u2019une d\u00e9claration conjointe d\u2019autorit\u00e9 parentale.<\/li>\n\n\n\n<li>Le cas \u00e9ch\u00e9ant, toutes les d\u00e9cisions de justice rendues concernant l\u2019autorit\u00e9 parentale et la r\u00e9sidence de l\u2019enfant&nbsp;(jugement(s) de divorce ou de s\u00e9paration accompagn\u00e9(s) le cas \u00e9ch\u00e9ant de la convention conclue entre les parents, ordonnance de s\u00e9paration du tribunal si la proc\u00e9dure est en cours, tutelle, d\u00e9l\u00e9gation d\u2019autorit\u00e9 parentale\u2026).<\/li>\n\n\n\n<li>En cas de demande d\u2019apposition, en nom d\u2019usage, du nom des p\u00e8re et m\u00e8re,&nbsp;fournir un&nbsp;accord \u00e9crit, dat\u00e9 et sign\u00e9, du parent ne d\u00e9posant pas le dossier&nbsp;accompagn\u00e9 de&nbsp;la photocopie de sa pi\u00e8ce d\u2019identit\u00e9.<\/li>\n<\/ol>\n","protected":false},"excerpt":{"rendered":"<p>Depuis le 1er mars 2017, les demandes de carte nationale d\u2019identit\u00e9 (CNI) doivent \u00eatre d\u00e9pos\u00e9es aupr\u00e8s des communes \u00e9quip\u00e9es d\u2019un dispositif de prise d\u2019empreintes digitales. Voici la liste des mairies [&hellip;]<\/p>\n","protected":false},"author":1,"featured_media":0,"parent":296,"menu_order":0,"comment_status":"closed","ping_status":"closed","template":"","meta":{"_EventAllDay":false,"_EventTimezone":"","_EventStartDate":"","_EventEndDate":"","_EventStartDateUTC":"","_EventEndDateUTC":"","_EventShowMap":false,"_EventShowMapLink":false,"_EventURL":"","_EventCost":"","_EventCostDescription":"","_EventCurrencySymbol":"","_EventCurrencyCode":"","_EventCurrencyPosition":"","_EventDateTimeSeparator":"","_EventTimeRangeSeparator":"","_EventOrganizerID":[],"_EventVenueID":[],"_OrganizerEmail":"","_OrganizerPhone":"","_OrganizerWebsite":"","_VenueAddress":"","_VenueCity":"","_VenueCountry":"","_VenueProvince":"","_VenueState":"","_VenueZip":"","_VenuePhone":"","_VenueURL":"","_VenueStateProvince":"","_VenueLat":"","_VenueLng":"","_VenueShowMap":false,"_VenueShowMapLink":false,"footnotes":""},"class_list":["post-298","page","type-page","status-publish","hentry"],"_links":{"self":[{"href":"https:\/\/ldv.sace.fr\/index.php\/wp-json\/wp\/v2\/pages\/298","targetHints":{"allow":["GET"]}}],"collection":[{"href":"https:\/\/ldv.sace.fr\/index.php\/wp-json\/wp\/v2\/pages"}],"about":[{"href":"https:\/\/ldv.sace.fr\/index.php\/wp-json\/wp\/v2\/types\/page"}],"author":[{"embeddable":true,"href":"https:\/\/ldv.sace.fr\/index.php\/wp-json\/wp\/v2\/users\/1"}],"replies":[{"embeddable":true,"href":"https:\/\/ldv.sace.fr\/index.php\/wp-json\/wp\/v2\/comments?post=298"}],"version-history":[{"count":7,"href":"https:\/\/ldv.sace.fr\/index.php\/wp-json\/wp\/v2\/pages\/298\/revisions"}],"predecessor-version":[{"id":807,"href":"https:\/\/ldv.sace.fr\/index.php\/wp-json\/wp\/v2\/pages\/298\/revisions\/807"}],"up":[{"embeddable":true,"href":"https:\/\/ldv.sace.fr\/index.php\/wp-json\/wp\/v2\/pages\/296"}],"wp:attachment":[{"href":"https:\/\/ldv.sace.fr\/index.php\/wp-json\/wp\/v2\/media?parent=298"}],"curies":[{"name":"wp","href":"https:\/\/api.w.org\/{rel}","templated":true}]}}