{"id":304,"date":"2024-03-27T09:56:20","date_gmt":"2024-03-27T08:56:20","guid":{"rendered":"https:\/\/ldv.sace.fr\/?page_id=304"},"modified":"2024-03-27T09:58:11","modified_gmt":"2024-03-27T08:58:11","slug":"carte-grise-vehicule","status":"publish","type":"page","link":"https:\/\/ldv.sace.fr\/index.php\/en-pratique\/demarches-administratives\/carte-grise-vehicule\/","title":{"rendered":"Carte grise v\u00e9hicule"},"content":{"rendered":"\n<p>Tous les v\u00e9hicules terrestres \u00e0 moteur (voiture particuli\u00e8re, 2 roues et scooter, y compris de moins de 50 cm<sup>3<\/sup>, moto, quad, cyclomoteur, tricycle, quadricycle, camping-car, camionnette, tracteur et autre engin agricole), ainsi que les remorques dont le&nbsp;PTAC&nbsp;est sup\u00e9rieur \u00e0 500 kg (y compris les remorques agricoles), doivent \u00eatre immatricul\u00e9s pour circuler sur la voie publique.<\/p>\n\n\n\n<p>Toutes vos d\u00e9marches sont \u00e0 effectuer sur le site&nbsp;<a href=\"https:\/\/immatriculation.ants.gouv.fr\/\" target=\"_blank\" rel=\"noreferrer noopener\">https:\/\/immatriculation.ants.gouv.fr<\/a><\/p>\n\n\n\n<p>Si vous souhaitez b\u00e9n\u00e9ficier d\u2019un accompagnement, vous pouvez vous adresser \u00e0 un garagiste agr\u00e9e par la Pr\u00e9fecture.<\/p>\n","protected":false},"excerpt":{"rendered":"<p>Tous les v\u00e9hicules terrestres \u00e0 moteur (voiture particuli\u00e8re, 2 roues et scooter, y compris de moins de 50 cm3, moto, quad, cyclomoteur, tricycle, quadricycle, camping-car, camionnette, tracteur et autre engin [&hellip;]<\/p>\n","protected":false},"author":1,"featured_media":0,"parent":296,"menu_order":0,"comment_status":"closed","ping_status":"closed","template":"","meta":{"_EventAllDay":false,"_EventTimezone":"","_EventStartDate":"","_EventEndDate":"","_EventStartDateUTC":"","_EventEndDateUTC":"","_EventShowMap":false,"_EventShowMapLink":false,"_EventURL":"","_EventCost":"","_EventCostDescription":"","_EventCurrencySymbol":"","_EventCurrencyCode":"","_EventCurrencyPosition":"","_EventDateTimeSeparator":"","_EventTimeRangeSeparator":"","_EventOrganizerID":[],"_EventVenueID":[],"_OrganizerEmail":"","_OrganizerPhone":"","_OrganizerWebsite":"","_VenueAddress":"","_VenueCity":"","_VenueCountry":"","_VenueProvince":"","_VenueState":"","_VenueZip":"","_VenuePhone":"","_VenueURL":"","_VenueStateProvince":"","_VenueLat":"","_VenueLng":"","_VenueShowMap":false,"_VenueShowMapLink":false,"footnotes":""},"class_list":["post-304","page","type-page","status-publish","hentry"],"_links":{"self":[{"href":"https:\/\/ldv.sace.fr\/index.php\/wp-json\/wp\/v2\/pages\/304","targetHints":{"allow":["GET"]}}],"collection":[{"href":"https:\/\/ldv.sace.fr\/index.php\/wp-json\/wp\/v2\/pages"}],"about":[{"href":"https:\/\/ldv.sace.fr\/index.php\/wp-json\/wp\/v2\/types\/page"}],"author":[{"embeddable":true,"href":"https:\/\/ldv.sace.fr\/index.php\/wp-json\/wp\/v2\/users\/1"}],"replies":[{"embeddable":true,"href":"https:\/\/ldv.sace.fr\/index.php\/wp-json\/wp\/v2\/comments?post=304"}],"version-history":[{"count":1,"href":"https:\/\/ldv.sace.fr\/index.php\/wp-json\/wp\/v2\/pages\/304\/revisions"}],"predecessor-version":[{"id":305,"href":"https:\/\/ldv.sace.fr\/index.php\/wp-json\/wp\/v2\/pages\/304\/revisions\/305"}],"up":[{"embeddable":true,"href":"https:\/\/ldv.sace.fr\/index.php\/wp-json\/wp\/v2\/pages\/296"}],"wp:attachment":[{"href":"https:\/\/ldv.sace.fr\/index.php\/wp-json\/wp\/v2\/media?parent=304"}],"curies":[{"name":"wp","href":"https:\/\/api.w.org\/{rel}","templated":true}]}}