{"id":306,"date":"2024-03-27T09:59:50","date_gmt":"2024-03-27T08:59:50","guid":{"rendered":"https:\/\/ldv.sace.fr\/?page_id=306"},"modified":"2024-03-27T10:05:45","modified_gmt":"2024-03-27T09:05:45","slug":"conciliateur-de-justice","status":"publish","type":"page","link":"https:\/\/ldv.sace.fr\/index.php\/en-pratique\/demarches-administratives\/conciliateur-de-justice\/","title":{"rendered":"Conciliateur de Justice"},"content":{"rendered":"\n<p>A compter du 1er octobre 2015, M. SILORET Paul a \u00e9t\u00e9 nomm\u00e9 conciliateur de justice sur notre commune.<\/p>\n\n\n\n<p>Les permanences sont assur\u00e9es le&nbsp;<strong>3\u00e8me mercredi de chaque mois<\/strong><\/p>\n\n\n\n<p class=\"has-text-align-center\">de 09 h 30 \u00e0 12 h 00<\/p>\n\n\n\n<p class=\"has-text-align-center\">\u00e0 Mairie de Chailland<\/p>\n\n\n\n<p class=\"has-text-align-center\">Place de la Mairie<\/p>\n\n\n\n<p class=\"has-text-align-center\">53420 CHAILLAND<\/p>\n\n\n\n<p class=\"has-text-align-center\">T\u00e9l. : 02.43.02.70.11<\/p>\n","protected":false},"excerpt":{"rendered":"<p>A compter du 1er octobre 2015, M. SILORET Paul a \u00e9t\u00e9 nomm\u00e9 conciliateur de justice sur notre commune. Les permanences sont assur\u00e9es le&nbsp;3\u00e8me mercredi de chaque mois de 09 h [&hellip;]<\/p>\n","protected":false},"author":1,"featured_media":0,"parent":296,"menu_order":0,"comment_status":"closed","ping_status":"closed","template":"","meta":{"_EventAllDay":false,"_EventTimezone":"","_EventStartDate":"","_EventEndDate":"","_EventStartDateUTC":"","_EventEndDateUTC":"","_EventShowMap":false,"_EventShowMapLink":false,"_EventURL":"","_EventCost":"","_EventCostDescription":"","_EventCurrencySymbol":"","_EventCurrencyCode":"","_EventCurrencyPosition":"","_EventDateTimeSeparator":"","_EventTimeRangeSeparator":"","_EventOrganizerID":[],"_EventVenueID":[],"_OrganizerEmail":"","_OrganizerPhone":"","_OrganizerWebsite":"","_VenueAddress":"","_VenueCity":"","_VenueCountry":"","_VenueProvince":"","_VenueState":"","_VenueZip":"","_VenuePhone":"","_VenueURL":"","_VenueStateProvince":"","_VenueLat":"","_VenueLng":"","_VenueShowMap":false,"_VenueShowMapLink":false,"footnotes":""},"class_list":["post-306","page","type-page","status-publish","hentry"],"_links":{"self":[{"href":"https:\/\/ldv.sace.fr\/index.php\/wp-json\/wp\/v2\/pages\/306","targetHints":{"allow":["GET"]}}],"collection":[{"href":"https:\/\/ldv.sace.fr\/index.php\/wp-json\/wp\/v2\/pages"}],"about":[{"href":"https:\/\/ldv.sace.fr\/index.php\/wp-json\/wp\/v2\/types\/page"}],"author":[{"embeddable":true,"href":"https:\/\/ldv.sace.fr\/index.php\/wp-json\/wp\/v2\/users\/1"}],"replies":[{"embeddable":true,"href":"https:\/\/ldv.sace.fr\/index.php\/wp-json\/wp\/v2\/comments?post=306"}],"version-history":[{"count":1,"href":"https:\/\/ldv.sace.fr\/index.php\/wp-json\/wp\/v2\/pages\/306\/revisions"}],"predecessor-version":[{"id":307,"href":"https:\/\/ldv.sace.fr\/index.php\/wp-json\/wp\/v2\/pages\/306\/revisions\/307"}],"up":[{"embeddable":true,"href":"https:\/\/ldv.sace.fr\/index.php\/wp-json\/wp\/v2\/pages\/296"}],"wp:attachment":[{"href":"https:\/\/ldv.sace.fr\/index.php\/wp-json\/wp\/v2\/media?parent=306"}],"curies":[{"name":"wp","href":"https:\/\/api.w.org\/{rel}","templated":true}]}}