{"id":308,"date":"2024-03-27T10:07:17","date_gmt":"2024-03-27T09:07:17","guid":{"rendered":"https:\/\/ldv.sace.fr\/?page_id=308"},"modified":"2024-03-27T10:10:49","modified_gmt":"2024-03-27T09:10:49","slug":"elections","status":"publish","type":"page","link":"https:\/\/ldv.sace.fr\/index.php\/en-pratique\/demarches-administratives\/elections\/","title":{"rendered":"\u00a0\u00c9lections"},"content":{"rendered":"\n<h3 class=\"wp-block-heading\">Inscriptions sur la liste \u00e9lectorale de Sac\u00e9<\/h3>\n\n\n\n<p><a href=\"https:\/\/www.sace.fr\/wp-content\/uploads\/2015\/03\/Inscription-liste-electorale-cerfa-12669-02-2021.pdf\" target=\"_blank\" rel=\"noreferrer noopener\">Formulaire inscription sur liste \u00e9lectorale<\/a><\/p>\n\n\n\n<p><em><strong><font color=\"874899\">\u00c9lections pr\u00e9sidentielles<\/font><\/strong><\/em><\/p>\n\n\n\n<p>Pour voter lors de l\u2019\u00e9lection pr\u00e9sidentielle des 10 et 24 avril 2022, vous avez jusqu\u2019au 4 mars 2022 pour vous inscrire sur la liste \u00e9lectorale soit :<\/p>\n\n\n\n<p>en compl\u00e9tant le formulaire ci-dessus<\/p>\n\n\n\n<p>en effectuant votre inscription en ligne au plus tard le 02\/03\/2022 en cliquant&nbsp;<a href=\"https:\/\/www.service-public.fr\/particuliers\/vosdroits\/R16396\" target=\"_blank\" rel=\"noreferrer noopener\">ICI<\/a><\/p>\n\n\n\n<p>Mais vous avez jusqu\u2019au 30 mars 2022, si vous \u00eates dans une situation particuli\u00e8re (jeune majeur, d\u00e9m\u00e9nagement\u2026).<\/p>\n\n\n\n<p><em><strong><font color=\"874899\">Inscription d\u2019office \u00e0 18 ans<\/font><\/strong><\/em><\/p>\n\n\n\n<p>Chaque Fran\u00e7ais qui devient majeur est inscrit automatiquement sur la liste \u00e9lectorale, \u00e0 condition qu\u2019il ait fait son&nbsp;<a href=\"https:\/\/www.service-public.fr\/particuliers\/vosdroits\/F870\">recensement citoyen<\/a>&nbsp;\u00e0 16&nbsp;ans.<\/p>\n\n\n\n<p>Si l\u2019inscription d\u2019office n\u2019a pas pu avoir lieu (recensement tardif, d\u00e9m\u00e9nagement apr\u00e8s le recensement\u2026), il doit demander \u00e0 sa mairie d\u2019\u00eatre inscrit.<\/p>\n","protected":false},"excerpt":{"rendered":"<p>Inscriptions sur la liste \u00e9lectorale de Sac\u00e9 Formulaire inscription sur liste \u00e9lectorale \u00c9lections pr\u00e9sidentielles Pour voter lors de l\u2019\u00e9lection pr\u00e9sidentielle des 10 et 24 avril 2022, vous avez jusqu\u2019au 4 [&hellip;]<\/p>\n","protected":false},"author":1,"featured_media":0,"parent":296,"menu_order":0,"comment_status":"closed","ping_status":"closed","template":"","meta":{"_EventAllDay":false,"_EventTimezone":"","_EventStartDate":"","_EventEndDate":"","_EventStartDateUTC":"","_EventEndDateUTC":"","_EventShowMap":false,"_EventShowMapLink":false,"_EventURL":"","_EventCost":"","_EventCostDescription":"","_EventCurrencySymbol":"","_EventCurrencyCode":"","_EventCurrencyPosition":"","_EventDateTimeSeparator":"","_EventTimeRangeSeparator":"","_EventOrganizerID":[],"_EventVenueID":[],"_OrganizerEmail":"","_OrganizerPhone":"","_OrganizerWebsite":"","_VenueAddress":"","_VenueCity":"","_VenueCountry":"","_VenueProvince":"","_VenueState":"","_VenueZip":"","_VenuePhone":"","_VenueURL":"","_VenueStateProvince":"","_VenueLat":"","_VenueLng":"","_VenueShowMap":false,"_VenueShowMapLink":false,"footnotes":""},"class_list":["post-308","page","type-page","status-publish","hentry"],"_links":{"self":[{"href":"https:\/\/ldv.sace.fr\/index.php\/wp-json\/wp\/v2\/pages\/308","targetHints":{"allow":["GET"]}}],"collection":[{"href":"https:\/\/ldv.sace.fr\/index.php\/wp-json\/wp\/v2\/pages"}],"about":[{"href":"https:\/\/ldv.sace.fr\/index.php\/wp-json\/wp\/v2\/types\/page"}],"author":[{"embeddable":true,"href":"https:\/\/ldv.sace.fr\/index.php\/wp-json\/wp\/v2\/users\/1"}],"replies":[{"embeddable":true,"href":"https:\/\/ldv.sace.fr\/index.php\/wp-json\/wp\/v2\/comments?post=308"}],"version-history":[{"count":3,"href":"https:\/\/ldv.sace.fr\/index.php\/wp-json\/wp\/v2\/pages\/308\/revisions"}],"predecessor-version":[{"id":312,"href":"https:\/\/ldv.sace.fr\/index.php\/wp-json\/wp\/v2\/pages\/308\/revisions\/312"}],"up":[{"embeddable":true,"href":"https:\/\/ldv.sace.fr\/index.php\/wp-json\/wp\/v2\/pages\/296"}],"wp:attachment":[{"href":"https:\/\/ldv.sace.fr\/index.php\/wp-json\/wp\/v2\/media?parent=308"}],"curies":[{"name":"wp","href":"https:\/\/api.w.org\/{rel}","templated":true}]}}