{"id":326,"date":"2024-03-27T10:23:34","date_gmt":"2024-03-27T09:23:34","guid":{"rendered":"https:\/\/ldv.sace.fr\/?page_id=326"},"modified":"2024-03-27T10:25:13","modified_gmt":"2024-03-27T09:25:13","slug":"permis-de-conduire","status":"publish","type":"page","link":"https:\/\/ldv.sace.fr\/index.php\/en-pratique\/demarches-administratives\/permis-de-conduire\/","title":{"rendered":"Permis de conduire"},"content":{"rendered":"\n<p>Pour obtenir des informations sur la disponibilit\u00e9 de votre permis<\/p>\n\n\n\n<p>Agence nationale des titres s\u00e9curis\u00e9s (ANTS) \u2013 Permis de conduire<\/p>\n\n\n\n<p><strong>En ligne<\/strong><\/p>\n\n\n\n<p><a href=\"https:\/\/permisdeconduire.ants.gouv.fr\/\">https:\/\/permisdeconduire.ants.gouv.fr\/<\/a><\/p>\n\n\n\n<p><strong>Par messagerie<\/strong><\/p>\n\n\n\n<p>Acc\u00e8s au&nbsp;<a href=\"https:\/\/permisdeconduire.ants.gouv.fr\/aide-et-contact\" target=\"_blank\" rel=\"noreferrer noopener\">formulaire de contact<\/a><\/p>\n\n\n\n<p><strong>Par t\u00e9l\u00e9phone<\/strong><\/p>\n\n\n\n<p><strong>34 00<\/strong><\/p>\n\n\n\n<p>Du lundi au vendredi de 7h45 \u00e0 19h et le samedi de 8h \u00e0 17h<\/p>\n\n\n\n<p>Co\u00fbt&nbsp;d\u2019un appel local<\/p>\n","protected":false},"excerpt":{"rendered":"<p>Pour obtenir des informations sur la disponibilit\u00e9 de votre permis Agence nationale des titres s\u00e9curis\u00e9s (ANTS) \u2013 Permis de conduire En ligne https:\/\/permisdeconduire.ants.gouv.fr\/ Par messagerie Acc\u00e8s au&nbsp;formulaire de contact Par [&hellip;]<\/p>\n","protected":false},"author":1,"featured_media":0,"parent":296,"menu_order":0,"comment_status":"closed","ping_status":"closed","template":"","meta":{"_EventAllDay":false,"_EventTimezone":"","_EventStartDate":"","_EventEndDate":"","_EventStartDateUTC":"","_EventEndDateUTC":"","_EventShowMap":false,"_EventShowMapLink":false,"_EventURL":"","_EventCost":"","_EventCostDescription":"","_EventCurrencySymbol":"","_EventCurrencyCode":"","_EventCurrencyPosition":"","_EventDateTimeSeparator":"","_EventTimeRangeSeparator":"","_EventOrganizerID":[],"_EventVenueID":[],"_OrganizerEmail":"","_OrganizerPhone":"","_OrganizerWebsite":"","_VenueAddress":"","_VenueCity":"","_VenueCountry":"","_VenueProvince":"","_VenueState":"","_VenueZip":"","_VenuePhone":"","_VenueURL":"","_VenueStateProvince":"","_VenueLat":"","_VenueLng":"","_VenueShowMap":false,"_VenueShowMapLink":false,"footnotes":""},"class_list":["post-326","page","type-page","status-publish","hentry"],"_links":{"self":[{"href":"https:\/\/ldv.sace.fr\/index.php\/wp-json\/wp\/v2\/pages\/326","targetHints":{"allow":["GET"]}}],"collection":[{"href":"https:\/\/ldv.sace.fr\/index.php\/wp-json\/wp\/v2\/pages"}],"about":[{"href":"https:\/\/ldv.sace.fr\/index.php\/wp-json\/wp\/v2\/types\/page"}],"author":[{"embeddable":true,"href":"https:\/\/ldv.sace.fr\/index.php\/wp-json\/wp\/v2\/users\/1"}],"replies":[{"embeddable":true,"href":"https:\/\/ldv.sace.fr\/index.php\/wp-json\/wp\/v2\/comments?post=326"}],"version-history":[{"count":2,"href":"https:\/\/ldv.sace.fr\/index.php\/wp-json\/wp\/v2\/pages\/326\/revisions"}],"predecessor-version":[{"id":328,"href":"https:\/\/ldv.sace.fr\/index.php\/wp-json\/wp\/v2\/pages\/326\/revisions\/328"}],"up":[{"embeddable":true,"href":"https:\/\/ldv.sace.fr\/index.php\/wp-json\/wp\/v2\/pages\/296"}],"wp:attachment":[{"href":"https:\/\/ldv.sace.fr\/index.php\/wp-json\/wp\/v2\/media?parent=326"}],"curies":[{"name":"wp","href":"https:\/\/api.w.org\/{rel}","templated":true}]}}