{"id":329,"date":"2024-03-27T10:26:39","date_gmt":"2024-03-27T09:26:39","guid":{"rendered":"https:\/\/ldv.sace.fr\/?page_id=329"},"modified":"2024-03-27T10:36:54","modified_gmt":"2024-03-27T09:36:54","slug":"sortie-de-territoire","status":"publish","type":"page","link":"https:\/\/ldv.sace.fr\/index.php\/en-pratique\/demarches-administratives\/sortie-de-territoire\/","title":{"rendered":"Sortie de territoire"},"content":{"rendered":"\n<p>L\u2019autorisation de sortie du territoire (AST) d\u2019un mineur non accompagn\u00e9 par un titulaire de l\u2019<strong>autorit\u00e9 parentale sera r\u00e9tablie \u00e0 partir du 15 janvier 2017<\/strong>.<\/p>\n\n\n\n<p>Le formulaire \u00e0 compl\u00e9ter est disponible en cliquant sur le lien ci-dessous :<\/p>\n\n\n\n<h4 class=\"wp-block-heading has-text-align-center\"><strong><a href=\"https:\/\/www.sace.fr\/wp-content\/uploads\/2017\/02\/Autorisation-sortie-de-territoire-cerfa-15646-01-2017.pdf\" target=\"_blank\" rel=\"noreferrer noopener\">Autorisation sortie de territoire<\/a><\/strong><\/h4>\n\n\n\n<p>Le justificatif d\u2019identit\u00e9 demand\u00e9 au signataire peut \u00eatre :<\/p>\n\n\n\n<p>\u2013 pour les titulaires de l\u2019autorit\u00e9 parentale de nationalit\u00e9 fran\u00e7aise, la carte nationale d\u2019identit\u00e9 ou le passeport ;<\/p>\n\n\n\n<p>\u2013 pour les titulaires de l\u2019autorit\u00e9 parentale, citoyens europ\u00e9ens, suisses ou d\u2019un \u00c9tat partie \u00e0 l\u2019accord sur l\u2019Espace \u00e9conomique europ\u00e9en, la carte nationale d\u2019identit\u00e9, le passeport ou un titre autorisant le s\u00e9jour en France ;<\/p>\n\n\n\n<p>\u2013 pour les titulaires de l\u2019autorit\u00e9 parentale non europ\u00e9ens, le passeport, un titre autorisant le s\u00e9jour en France ou un titre d\u2019identit\u00e9 et de voyage pour r\u00e9fugi\u00e9(e) ou apatride.<\/p>\n\n\n\n<p>Ces documents doivent \u00eatre en cours de validit\u00e9 (sauf la carte nationale d\u2019identit\u00e9 et le passeport fran\u00e7ais, qui peuvent \u00eatre pr\u00e9sent\u00e9s en cours de validit\u00e9 ou p\u00e9rim\u00e9s depuis moins de 5 ans).<\/p>\n\n\n\n<p>L\u2019arr\u00eat\u00e9 du 13 d\u00e9cembre 2016 pr\u00e9cise en outre que la photocopie du document officiel justifiant de l\u2019identit\u00e9 du signataire de l\u2019autorisation de sortie du territoire doit \u00eatre lisible et comporter les \u00e9l\u00e9ments suivants :<\/p>\n\n\n\n<p>\u2013 les nom et pr\u00e9noms du titulaire ;<br>\u2013 ses date et lieu de naissance ;<br>\u2013 sa photographie ;<br>\u2013 sa signature ;<br>\u2013 les dates de d\u00e9livrance et de validit\u00e9 du document ainsi que l\u2019autorit\u00e9 de d\u00e9livrance.<\/p>\n\n\n\n<p><a href=\"https:\/\/www.sace.fr\/services\/siaep\/\"><\/a><\/p>\n","protected":false},"excerpt":{"rendered":"<p>L\u2019autorisation de sortie du territoire (AST) d\u2019un mineur non accompagn\u00e9 par un titulaire de l\u2019autorit\u00e9 parentale sera r\u00e9tablie \u00e0 partir du 15 janvier 2017. Le formulaire \u00e0 compl\u00e9ter est disponible [&hellip;]<\/p>\n","protected":false},"author":1,"featured_media":0,"parent":296,"menu_order":0,"comment_status":"closed","ping_status":"closed","template":"","meta":{"_EventAllDay":false,"_EventTimezone":"","_EventStartDate":"","_EventEndDate":"","_EventStartDateUTC":"","_EventEndDateUTC":"","_EventShowMap":false,"_EventShowMapLink":false,"_EventURL":"","_EventCost":"","_EventCostDescription":"","_EventCurrencySymbol":"","_EventCurrencyCode":"","_EventCurrencyPosition":"","_EventDateTimeSeparator":"","_EventTimeRangeSeparator":"","_EventOrganizerID":[],"_EventVenueID":[],"_OrganizerEmail":"","_OrganizerPhone":"","_OrganizerWebsite":"","_VenueAddress":"","_VenueCity":"","_VenueCountry":"","_VenueProvince":"","_VenueState":"","_VenueZip":"","_VenuePhone":"","_VenueURL":"","_VenueStateProvince":"","_VenueLat":"","_VenueLng":"","_VenueShowMap":false,"_VenueShowMapLink":false,"footnotes":""},"class_list":["post-329","page","type-page","status-publish","hentry"],"_links":{"self":[{"href":"https:\/\/ldv.sace.fr\/index.php\/wp-json\/wp\/v2\/pages\/329","targetHints":{"allow":["GET"]}}],"collection":[{"href":"https:\/\/ldv.sace.fr\/index.php\/wp-json\/wp\/v2\/pages"}],"about":[{"href":"https:\/\/ldv.sace.fr\/index.php\/wp-json\/wp\/v2\/types\/page"}],"author":[{"embeddable":true,"href":"https:\/\/ldv.sace.fr\/index.php\/wp-json\/wp\/v2\/users\/1"}],"replies":[{"embeddable":true,"href":"https:\/\/ldv.sace.fr\/index.php\/wp-json\/wp\/v2\/comments?post=329"}],"version-history":[{"count":3,"href":"https:\/\/ldv.sace.fr\/index.php\/wp-json\/wp\/v2\/pages\/329\/revisions"}],"predecessor-version":[{"id":332,"href":"https:\/\/ldv.sace.fr\/index.php\/wp-json\/wp\/v2\/pages\/329\/revisions\/332"}],"up":[{"embeddable":true,"href":"https:\/\/ldv.sace.fr\/index.php\/wp-json\/wp\/v2\/pages\/296"}],"wp:attachment":[{"href":"https:\/\/ldv.sace.fr\/index.php\/wp-json\/wp\/v2\/media?parent=329"}],"curies":[{"name":"wp","href":"https:\/\/api.w.org\/{rel}","templated":true}]}}