{"id":335,"date":"2024-03-27T10:35:56","date_gmt":"2024-03-27T09:35:56","guid":{"rendered":"https:\/\/ldv.sace.fr\/?page_id=335"},"modified":"2024-03-27T10:38:01","modified_gmt":"2024-03-27T09:38:01","slug":"salle-communale","status":"publish","type":"page","link":"https:\/\/ldv.sace.fr\/index.php\/en-pratique\/vie-quotidienne\/salle-communale\/","title":{"rendered":"Salle Communale"},"content":{"rendered":"\n<p>La salle communale de Sac\u00e9 peut \u00eatre lou\u00e9e par les habitants, selon le calendrier des disponibilit\u00e9s ci-dessous. La r\u00e9servation s\u2019effectue aupr\u00e8s de la mairie. Les tarifs sont r\u00e9duits pour les habitants de la commune.<\/p>\n\n\n\n<h2 class=\"wp-block-heading\">Tarifs pour l\u2019ann\u00e9e 2022<\/h2>\n\n\n\n<figure class=\"wp-block-table\"><table><tbody><tr><td><\/td><td>&nbsp;COMMUNE<\/td><td>&nbsp;HORS COMMUNE<\/td><\/tr><tr><td>LOCATION SALLE DES F\u00caTES<\/td><td>120 \u20ac<\/td><td>220 \u20ac<\/td><\/tr><tr><td>FORFAIT LENDEMAIN<\/td><td>60 \u20ac<\/td><td>115 \u20ac<\/td><\/tr><tr><td>&nbsp;LOCATION VAISSELLE\/COUVERTS<\/td><td colspan=\"2\">0,34 \u20ac<\/td><\/tr><tr><td>ELECTRICITE \/ KWH<\/td><td colspan=\"2\">0,28 \u20ac<\/td><\/tr><tr><td>&nbsp;GAZ \/ M3<\/td><td colspan=\"2\">0,04 \u20ac<\/td><\/tr><tr><td>&nbsp;CHAISE<\/td><td colspan=\"2\">0,15 \u20ac<\/td><\/tr><tr><td>&nbsp;TABLE<\/td><td colspan=\"2\">1,65 \u20ac<\/td><\/tr><tr><td>&nbsp;SEPULTURE<\/td><td colspan=\"2\">Gratuite<\/td><\/tr><tr><td>&nbsp;VIN D\u2019HONNEUR \/ REUNION<\/td><td colspan=\"2\">75,00 \u20ac<\/td><\/tr><tr><td>&nbsp;FORFAIT NETTOYAGE SALLE<\/td><td colspan=\"2\">105,00 \u20ac<\/td><\/tr><tr><td>&nbsp;FORFAIT NETTOYAGE VAISSELLE<\/td><td colspan=\"2\">105,00 \u20ac<\/td><\/tr><\/tbody><\/table><\/figure>\n","protected":false},"excerpt":{"rendered":"<p>La salle communale de Sac\u00e9 peut \u00eatre lou\u00e9e par les habitants, selon le calendrier des disponibilit\u00e9s ci-dessous. La r\u00e9servation s\u2019effectue aupr\u00e8s de la mairie. Les tarifs sont r\u00e9duits pour les [&hellip;]<\/p>\n","protected":false},"author":1,"featured_media":0,"parent":333,"menu_order":0,"comment_status":"closed","ping_status":"closed","template":"","meta":{"_EventAllDay":false,"_EventTimezone":"","_EventStartDate":"","_EventEndDate":"","_EventStartDateUTC":"","_EventEndDateUTC":"","_EventShowMap":false,"_EventShowMapLink":false,"_EventURL":"","_EventCost":"","_EventCostDescription":"","_EventCurrencySymbol":"","_EventCurrencyCode":"","_EventCurrencyPosition":"","_EventDateTimeSeparator":"","_EventTimeRangeSeparator":"","_EventOrganizerID":[],"_EventVenueID":[],"_OrganizerEmail":"","_OrganizerPhone":"","_OrganizerWebsite":"","_VenueAddress":"","_VenueCity":"","_VenueCountry":"","_VenueProvince":"","_VenueState":"","_VenueZip":"","_VenuePhone":"","_VenueURL":"","_VenueStateProvince":"","_VenueLat":"","_VenueLng":"","_VenueShowMap":false,"_VenueShowMapLink":false,"footnotes":""},"class_list":["post-335","page","type-page","status-publish","hentry"],"_links":{"self":[{"href":"https:\/\/ldv.sace.fr\/index.php\/wp-json\/wp\/v2\/pages\/335","targetHints":{"allow":["GET"]}}],"collection":[{"href":"https:\/\/ldv.sace.fr\/index.php\/wp-json\/wp\/v2\/pages"}],"about":[{"href":"https:\/\/ldv.sace.fr\/index.php\/wp-json\/wp\/v2\/types\/page"}],"author":[{"embeddable":true,"href":"https:\/\/ldv.sace.fr\/index.php\/wp-json\/wp\/v2\/users\/1"}],"replies":[{"embeddable":true,"href":"https:\/\/ldv.sace.fr\/index.php\/wp-json\/wp\/v2\/comments?post=335"}],"version-history":[{"count":1,"href":"https:\/\/ldv.sace.fr\/index.php\/wp-json\/wp\/v2\/pages\/335\/revisions"}],"predecessor-version":[{"id":336,"href":"https:\/\/ldv.sace.fr\/index.php\/wp-json\/wp\/v2\/pages\/335\/revisions\/336"}],"up":[{"embeddable":true,"href":"https:\/\/ldv.sace.fr\/index.php\/wp-json\/wp\/v2\/pages\/333"}],"wp:attachment":[{"href":"https:\/\/ldv.sace.fr\/index.php\/wp-json\/wp\/v2\/media?parent=335"}],"curies":[{"name":"wp","href":"https:\/\/api.w.org\/{rel}","templated":true}]}}