{"id":337,"date":"2024-03-27T11:07:29","date_gmt":"2024-03-27T10:07:29","guid":{"rendered":"https:\/\/ldv.sace.fr\/?page_id=337"},"modified":"2024-05-21T15:09:49","modified_gmt":"2024-05-21T13:09:49","slug":"salle-communale","status":"publish","type":"page","link":"https:\/\/ldv.sace.fr\/index.php\/la-vie-communale\/projets\/salle-communale\/","title":{"rendered":"Salle communale"},"content":{"rendered":"\n<p>Depuis plusieurs ann\u00e9es, l\u2019\u00e9quipe municipale de Sac\u00e9 r\u00e9fl\u00e9chit \u00e0 la r\u00e9novation de la salle, qui est devenue obsol\u00e8te et insuffisante pour r\u00e9pondre aux besoins de la commune.<\/p>\n\n\n\n<p>Apr\u00e8s de nombreuses visites d\u2019autres communes, l\u2019\u00e9quipe \u00e9lue en 2020 a men\u00e9 les \u00e9tudes. Le permis de construire a \u00e9t\u00e9 d\u00e9pos\u00e9 fin 2022, les travaux vont d\u00e9marrer avant l\u2019\u00e9t\u00e9 2023 et dureront jusqu\u2019en 2024.&nbsp;<strong>La salle passera de 250 \u00e0 400m\u00b2 avec une accessibilit\u00e9 et des \u00e9quipements au meilleur niveau<\/strong>.<\/p>\n\n\n\n<figure class=\"wp-block-image\"><img decoding=\"async\" src=\"https:\/\/www.sace.fr\/wp-content\/uploads\/2023\/01\/salle_site-internet.jpg\" alt=\"\" class=\"wp-image-12599\"\/><\/figure>\n\n\n\n<p><br>Par ailleurs, la salle sera \u00e9quip\u00e9e en g\u00e9othermie et en photovolta\u00efque, de m\u00eame que l\u2019\u00e9cole et la mairie voisines. L\u2019ensemble de ces \u00e9quipements permettront \u00e0 la commune de&nbsp;<strong>devenir autonome et \u00e0 100% en \u00e9nergies renouvelables sur tous les b\u00e2timents publics<\/strong>.<\/p>\n\n\n\n<figure class=\"wp-block-image\"><a href=\"https:\/\/www.sace.fr\/wp-content\/uploads\/2023\/01\/salle-energie_site-internet.jpg\"><img decoding=\"async\" src=\"https:\/\/www.sace.fr\/wp-content\/uploads\/2023\/01\/salle-energie_site-internet-1024x444.jpg\" alt=\"\" class=\"wp-image-12600\"\/><\/a><\/figure>\n\n\n\n<figure class=\"wp-block-image\"><img decoding=\"async\" src=\"https:\/\/www.sace.fr\/wp-content\/uploads\/2023\/01\/construction_jeunes.jpg\" alt=\"\" class=\"wp-image-12601\"\/><\/figure>\n\n\n\n<p>Enfin, pour faire le lien avec l\u2019histoire atypique de&nbsp;<strong>cette salle qui a \u00e9t\u00e9 construite par les habitants il y a 40 ans<\/strong>, nous proposons un financement participatif qui permet de contribuer au projet en d\u00e9fiscalisant une partie de votre don.<\/p>\n\n\n\n<p>Vous trouverez ci-dessous la plaquette de pr\u00e9sentation du m\u00e9c\u00e9nat, vous pouvez contacter la mairie pour plus de pr\u00e9cisions.<\/p>\n\n\n\n<p><a href=\"https:\/\/www.sace.fr\/wp-content\/uploads\/2023\/01\/Depliant-particuliers_bd.pdf\" target=\"_blank\" rel=\"noreferrer noopener\"><strong>T\u00e9l\u00e9charger<\/strong><\/a><\/p>\n","protected":false},"excerpt":{"rendered":"<p>Depuis plusieurs ann\u00e9es, l\u2019\u00e9quipe municipale de Sac\u00e9 r\u00e9fl\u00e9chit \u00e0 la r\u00e9novation de la salle, qui est devenue obsol\u00e8te et insuffisante pour r\u00e9pondre aux besoins de la commune. Apr\u00e8s de nombreuses [&hellip;]<\/p>\n","protected":false},"author":1,"featured_media":0,"parent":363,"menu_order":0,"comment_status":"closed","ping_status":"closed","template":"","meta":{"_EventAllDay":false,"_EventTimezone":"","_EventStartDate":"","_EventEndDate":"","_EventStartDateUTC":"","_EventEndDateUTC":"","_EventShowMap":false,"_EventShowMapLink":false,"_EventURL":"","_EventCost":"","_EventCostDescription":"","_EventCurrencySymbol":"","_EventCurrencyCode":"","_EventCurrencyPosition":"","_EventDateTimeSeparator":"","_EventTimeRangeSeparator":"","_EventOrganizerID":[],"_EventVenueID":[],"_OrganizerEmail":"","_OrganizerPhone":"","_OrganizerWebsite":"","_VenueAddress":"","_VenueCity":"","_VenueCountry":"","_VenueProvince":"","_VenueState":"","_VenueZip":"","_VenuePhone":"","_VenueURL":"","_VenueStateProvince":"","_VenueLat":"","_VenueLng":"","_VenueShowMap":false,"_VenueShowMapLink":false,"footnotes":""},"class_list":["post-337","page","type-page","status-publish","hentry"],"_links":{"self":[{"href":"https:\/\/ldv.sace.fr\/index.php\/wp-json\/wp\/v2\/pages\/337","targetHints":{"allow":["GET"]}}],"collection":[{"href":"https:\/\/ldv.sace.fr\/index.php\/wp-json\/wp\/v2\/pages"}],"about":[{"href":"https:\/\/ldv.sace.fr\/index.php\/wp-json\/wp\/v2\/types\/page"}],"author":[{"embeddable":true,"href":"https:\/\/ldv.sace.fr\/index.php\/wp-json\/wp\/v2\/users\/1"}],"replies":[{"embeddable":true,"href":"https:\/\/ldv.sace.fr\/index.php\/wp-json\/wp\/v2\/comments?post=337"}],"version-history":[{"count":3,"href":"https:\/\/ldv.sace.fr\/index.php\/wp-json\/wp\/v2\/pages\/337\/revisions"}],"predecessor-version":[{"id":706,"href":"https:\/\/ldv.sace.fr\/index.php\/wp-json\/wp\/v2\/pages\/337\/revisions\/706"}],"up":[{"embeddable":true,"href":"https:\/\/ldv.sace.fr\/index.php\/wp-json\/wp\/v2\/pages\/363"}],"wp:attachment":[{"href":"https:\/\/ldv.sace.fr\/index.php\/wp-json\/wp\/v2\/media?parent=337"}],"curies":[{"name":"wp","href":"https:\/\/api.w.org\/{rel}","templated":true}]}}