{"id":339,"date":"2024-03-27T10:44:29","date_gmt":"2024-03-27T09:44:29","guid":{"rendered":"https:\/\/ldv.sace.fr\/?page_id=339"},"modified":"2024-03-27T10:46:01","modified_gmt":"2024-03-27T09:46:01","slug":"dechetteries","status":"publish","type":"page","link":"https:\/\/ldv.sace.fr\/index.php\/en-pratique\/vie-quotidienne\/dechetteries\/","title":{"rendered":"D\u00e9chetteries"},"content":{"rendered":"\n<p>Les d\u00e9chetteries sont g\u00e9r\u00e9es par Mayenne Communaut\u00e9. La plus proche de Sac\u00e9 est celle de Martign\u00e9, sinon celle de Parign\u00e9 propose les horaires les plus larges de tout le territoire.<\/p>\n\n\n\n<figure class=\"wp-block-image size-full is-resized\"><img loading=\"lazy\" decoding=\"async\" width=\"422\" height=\"651\" src=\"https:\/\/ldv.sace.fr\/wp-content\/uploads\/2024\/03\/dechetteries.jpg\" alt=\"\" class=\"wp-image-341\" style=\"width:616px;height:auto\" srcset=\"https:\/\/ldv.sace.fr\/wp-content\/uploads\/2024\/03\/dechetteries.jpg 422w, https:\/\/ldv.sace.fr\/wp-content\/uploads\/2024\/03\/dechetteries-194x300.jpg 194w\" sizes=\"auto, (max-width: 422px) 100vw, 422px\" \/><\/figure>\n\n\n\n<p>Les d\u00e9chets accept\u00e9s sont les suivants :<\/p>\n\n\n\n<figure class=\"wp-block-image size-full is-resized\"><img loading=\"lazy\" decoding=\"async\" width=\"752\" height=\"689\" src=\"https:\/\/ldv.sace.fr\/wp-content\/uploads\/2024\/03\/dechets.jpg\" alt=\"\" class=\"wp-image-340\" style=\"width:568px;height:auto\" srcset=\"https:\/\/ldv.sace.fr\/wp-content\/uploads\/2024\/03\/dechets.jpg 752w, https:\/\/ldv.sace.fr\/wp-content\/uploads\/2024\/03\/dechets-300x275.jpg 300w\" sizes=\"auto, (max-width: 752px) 100vw, 752px\" \/><\/figure>\n\n\n\n<p><strong>RAPPEL SUR LES BRUITS DE VOISINAGE<\/strong><\/p>\n\n\n\n<p>Tondre son gazon en faisant attention \u00e0 la r\u00e9glementation, c\u2019est garder de bonnes relations de voisinage EN AGGLOMERATION&nbsp; et EN CAMPAGNE :<\/p>\n\n\n\n<h2 class=\"wp-block-heading\">HORAIRES DE TONTE AUTORISES<\/h2>\n\n\n\n<p><em>Arr\u00eat\u00e9 pr\u00e9fectoral n\u00b0 93-0144 du 17 F\u00e9vrier 1993 \u2013 Article 5<\/em><\/p>\n\n\n\n<ul class=\"wp-block-list\">\n<li>Jours ouvrables 08 h 30 \u2013 12 h 00 et 14 h 30 \u2013 19 h 30<\/li>\n\n\n\n<li>Samedi &amp; mercredi 09 h 00 \u2013 12 h 00 et 15 h 00 \u2013 19 h 00<\/li>\n\n\n\n<li>Dimanche &amp; jours f\u00e9ri\u00e9s 10 h 00 \u2013 12 h 00<\/li>\n<\/ul>\n","protected":false},"excerpt":{"rendered":"<p>Les d\u00e9chetteries sont g\u00e9r\u00e9es par Mayenne Communaut\u00e9. La plus proche de Sac\u00e9 est celle de Martign\u00e9, sinon celle de Parign\u00e9 propose les horaires les plus larges de tout le territoire. [&hellip;]<\/p>\n","protected":false},"author":1,"featured_media":0,"parent":333,"menu_order":0,"comment_status":"closed","ping_status":"closed","template":"","meta":{"_EventAllDay":false,"_EventTimezone":"","_EventStartDate":"","_EventEndDate":"","_EventStartDateUTC":"","_EventEndDateUTC":"","_EventShowMap":false,"_EventShowMapLink":false,"_EventURL":"","_EventCost":"","_EventCostDescription":"","_EventCurrencySymbol":"","_EventCurrencyCode":"","_EventCurrencyPosition":"","_EventDateTimeSeparator":"","_EventTimeRangeSeparator":"","_EventOrganizerID":[],"_EventVenueID":[],"_OrganizerEmail":"","_OrganizerPhone":"","_OrganizerWebsite":"","_VenueAddress":"","_VenueCity":"","_VenueCountry":"","_VenueProvince":"","_VenueState":"","_VenueZip":"","_VenuePhone":"","_VenueURL":"","_VenueStateProvince":"","_VenueLat":"","_VenueLng":"","_VenueShowMap":false,"_VenueShowMapLink":false,"footnotes":""},"class_list":["post-339","page","type-page","status-publish","hentry"],"_links":{"self":[{"href":"https:\/\/ldv.sace.fr\/index.php\/wp-json\/wp\/v2\/pages\/339","targetHints":{"allow":["GET"]}}],"collection":[{"href":"https:\/\/ldv.sace.fr\/index.php\/wp-json\/wp\/v2\/pages"}],"about":[{"href":"https:\/\/ldv.sace.fr\/index.php\/wp-json\/wp\/v2\/types\/page"}],"author":[{"embeddable":true,"href":"https:\/\/ldv.sace.fr\/index.php\/wp-json\/wp\/v2\/users\/1"}],"replies":[{"embeddable":true,"href":"https:\/\/ldv.sace.fr\/index.php\/wp-json\/wp\/v2\/comments?post=339"}],"version-history":[{"count":1,"href":"https:\/\/ldv.sace.fr\/index.php\/wp-json\/wp\/v2\/pages\/339\/revisions"}],"predecessor-version":[{"id":342,"href":"https:\/\/ldv.sace.fr\/index.php\/wp-json\/wp\/v2\/pages\/339\/revisions\/342"}],"up":[{"embeddable":true,"href":"https:\/\/ldv.sace.fr\/index.php\/wp-json\/wp\/v2\/pages\/333"}],"wp:attachment":[{"href":"https:\/\/ldv.sace.fr\/index.php\/wp-json\/wp\/v2\/media?parent=339"}],"curies":[{"name":"wp","href":"https:\/\/api.w.org\/{rel}","templated":true}]}}