{"id":348,"date":"2024-03-27T10:51:15","date_gmt":"2024-03-27T09:51:15","guid":{"rendered":"https:\/\/ldv.sace.fr\/?page_id=348"},"modified":"2024-03-27T10:52:00","modified_gmt":"2024-03-27T09:52:00","slug":"siaep-de-lanxure-et-de-la-perche","status":"publish","type":"page","link":"https:\/\/ldv.sace.fr\/index.php\/en-pratique\/vie-quotidienne\/siaep-de-lanxure-et-de-la-perche\/","title":{"rendered":"SIAEP de l\u2019Anxure et de la Perche"},"content":{"rendered":"\n<p>Depuis le 1er janvier 2019, la comp\u00e9tence d\u2019eau potable de la commune de Sac\u00e9 est transf\u00e9r\u00e9e au :<\/p>\n\n\n\n<p class=\"has-text-align-center\"><strong>SIAEP de l\u2019Anxure et de la Perche<\/strong><br>20 bis rue Principale<br>53100 CONTEST<br>T\u00e9l. : 02.43.00.78.94<\/p>\n\n\n\n<p>Sur ce lien vous trouverez le r\u00e9sultat des derni\u00e8res analyses d\u2019eau potable :<\/p>\n\n\n\n<p><a href=\"https:\/\/www.sace.fr\/wp-content\/uploads\/2016\/03\/SIAEP-ANXURE-analyses-mars-2019.pdf\" target=\"_blank\" rel=\"noreferrer noopener\">SIAEP ANXURE (analyses mars 2019)<\/a><\/p>\n\n\n\n<p><strong><u>Pour les foyers ayant choisi la mensualisation<\/u>&nbsp;:&nbsp;<\/strong>Pr\u00e9l\u00e8vement sur 10 mois de :<\/p>\n\n\n\n<p>*&nbsp;<em>Janvier \u00e0 mai<\/em>&nbsp;(6 mois de l\u2019estimation de nov\/d\u00e9c N-1 que nous remettons sur 5 mois)<\/p>\n\n\n\n<p>*&nbsp;<em>Juillet \u00e0 Novembre<\/em>&nbsp;( 6 mois remis sur 5 mois avec le relev\u00e9 de compteur qui se fait par les agents du syndicat en avril\/mai de chaque ann\u00e9e)<\/p>\n\n\n\n<p>*&nbsp;<em>Fin novembre :&nbsp;<\/em>solde de l\u2019ann\u00e9e<\/p>\n\n\n\n<p>Pour les maisons situ\u00e9es dans le centre-bourg, l\u2019assainissement collectif est factur\u00e9 directement par la commmune de Sac\u00e9.<\/p>\n","protected":false},"excerpt":{"rendered":"<p>Depuis le 1er janvier 2019, la comp\u00e9tence d\u2019eau potable de la commune de Sac\u00e9 est transf\u00e9r\u00e9e au : SIAEP de l\u2019Anxure et de la Perche20 bis rue Principale53100 CONTESTT\u00e9l. : [&hellip;]<\/p>\n","protected":false},"author":1,"featured_media":0,"parent":333,"menu_order":0,"comment_status":"closed","ping_status":"closed","template":"","meta":{"_EventAllDay":false,"_EventTimezone":"","_EventStartDate":"","_EventEndDate":"","_EventStartDateUTC":"","_EventEndDateUTC":"","_EventShowMap":false,"_EventShowMapLink":false,"_EventURL":"","_EventCost":"","_EventCostDescription":"","_EventCurrencySymbol":"","_EventCurrencyCode":"","_EventCurrencyPosition":"","_EventDateTimeSeparator":"","_EventTimeRangeSeparator":"","_EventOrganizerID":[],"_EventVenueID":[],"_OrganizerEmail":"","_OrganizerPhone":"","_OrganizerWebsite":"","_VenueAddress":"","_VenueCity":"","_VenueCountry":"","_VenueProvince":"","_VenueState":"","_VenueZip":"","_VenuePhone":"","_VenueURL":"","_VenueStateProvince":"","_VenueLat":"","_VenueLng":"","_VenueShowMap":false,"_VenueShowMapLink":false,"footnotes":""},"class_list":["post-348","page","type-page","status-publish","hentry"],"_links":{"self":[{"href":"https:\/\/ldv.sace.fr\/index.php\/wp-json\/wp\/v2\/pages\/348","targetHints":{"allow":["GET"]}}],"collection":[{"href":"https:\/\/ldv.sace.fr\/index.php\/wp-json\/wp\/v2\/pages"}],"about":[{"href":"https:\/\/ldv.sace.fr\/index.php\/wp-json\/wp\/v2\/types\/page"}],"author":[{"embeddable":true,"href":"https:\/\/ldv.sace.fr\/index.php\/wp-json\/wp\/v2\/users\/1"}],"replies":[{"embeddable":true,"href":"https:\/\/ldv.sace.fr\/index.php\/wp-json\/wp\/v2\/comments?post=348"}],"version-history":[{"count":1,"href":"https:\/\/ldv.sace.fr\/index.php\/wp-json\/wp\/v2\/pages\/348\/revisions"}],"predecessor-version":[{"id":349,"href":"https:\/\/ldv.sace.fr\/index.php\/wp-json\/wp\/v2\/pages\/348\/revisions\/349"}],"up":[{"embeddable":true,"href":"https:\/\/ldv.sace.fr\/index.php\/wp-json\/wp\/v2\/pages\/333"}],"wp:attachment":[{"href":"https:\/\/ldv.sace.fr\/index.php\/wp-json\/wp\/v2\/media?parent=348"}],"curies":[{"name":"wp","href":"https:\/\/api.w.org\/{rel}","templated":true}]}}