{"id":350,"date":"2024-03-27T10:53:18","date_gmt":"2024-03-27T09:53:18","guid":{"rendered":"https:\/\/ldv.sace.fr\/?page_id=350"},"modified":"2024-04-02T16:10:12","modified_gmt":"2024-04-02T14:10:12","slug":"randonnees","status":"publish","type":"page","link":"https:\/\/ldv.sace.fr\/index.php\/en-pratique\/vie-quotidienne\/randonnees\/","title":{"rendered":"Randonn\u00e9es"},"content":{"rendered":"\n<p>Voici un itin\u00e9raire de randonn\u00e9e balis\u00e9 et entretenu par la commmunaut\u00e9 de communes. Le d\u00e9part des 14km se situe face au bar associatif dans le bourg.<\/p>\n\n\n\n<p>Plus de d\u00e9tails sont disponibles sur le site de l\u2019office de tourisme, vous y trouverez aussi un fichier au format GPX pour charger sur un GPS :<br><a href=\"https:\/\/www.mayenne-tourisme.com\/offres\/sace-bocage-et-rivieres-sace-fr-2594873\/#reviews\" rel=\"noreferrer noopener\" target=\"_blank\">https:\/\/www.mayenne-tourisme.com\/offres\/sace-bocage-et-rivieres-sace-fr-2594873\/#reviews<\/a><\/p>\n\n\n\n<figure class=\"wp-block-image size-full is-resized\"><a href=\"https:\/\/ldv.sace.fr\/wp-content\/uploads\/2024\/03\/image-1.png\" target=\"_blank\" rel=\"noreferrer noopener\"><img loading=\"lazy\" decoding=\"async\" width=\"768\" height=\"543\" src=\"https:\/\/ldv.sace.fr\/wp-content\/uploads\/2024\/03\/image-1.png\" alt=\"\" class=\"wp-image-360\" style=\"width:386px;height:auto\" srcset=\"https:\/\/ldv.sace.fr\/wp-content\/uploads\/2024\/03\/image-1.png 768w, https:\/\/ldv.sace.fr\/wp-content\/uploads\/2024\/03\/image-1-300x212.png 300w\" sizes=\"auto, (max-width: 768px) 100vw, 768px\" \/><\/a><\/figure>\n\n\n\n<figure class=\"wp-block-image size-full is-resized\"><a href=\"https:\/\/ldv.sace.fr\/wp-content\/uploads\/2024\/03\/depliant_rando_SACE_p2_BD-768x543-1.jpg\"><img loading=\"lazy\" decoding=\"async\" width=\"768\" height=\"543\" src=\"https:\/\/ldv.sace.fr\/wp-content\/uploads\/2024\/03\/depliant_rando_SACE_p2_BD-768x543-1.jpg\" alt=\"\" class=\"wp-image-358\" style=\"width:385px;height:auto\" srcset=\"https:\/\/ldv.sace.fr\/wp-content\/uploads\/2024\/03\/depliant_rando_SACE_p2_BD-768x543-1.jpg 768w, https:\/\/ldv.sace.fr\/wp-content\/uploads\/2024\/03\/depliant_rando_SACE_p2_BD-768x543-1-300x212.jpg 300w\" sizes=\"auto, (max-width: 768px) 100vw, 768px\" \/><\/a><\/figure>\n","protected":false},"excerpt":{"rendered":"<p>Voici un itin\u00e9raire de randonn\u00e9e balis\u00e9 et entretenu par la commmunaut\u00e9 de communes. Le d\u00e9part des 14km se situe face au bar associatif dans le bourg. Plus de d\u00e9tails sont [&hellip;]<\/p>\n","protected":false},"author":1,"featured_media":0,"parent":333,"menu_order":0,"comment_status":"closed","ping_status":"closed","template":"","meta":{"_EventAllDay":false,"_EventTimezone":"","_EventStartDate":"","_EventEndDate":"","_EventStartDateUTC":"","_EventEndDateUTC":"","_EventShowMap":false,"_EventShowMapLink":false,"_EventURL":"","_EventCost":"","_EventCostDescription":"","_EventCurrencySymbol":"","_EventCurrencyCode":"","_EventCurrencyPosition":"","_EventDateTimeSeparator":"","_EventTimeRangeSeparator":"","_EventOrganizerID":[],"_EventVenueID":[],"_OrganizerEmail":"","_OrganizerPhone":"","_OrganizerWebsite":"","_VenueAddress":"","_VenueCity":"","_VenueCountry":"","_VenueProvince":"","_VenueState":"","_VenueZip":"","_VenuePhone":"","_VenueURL":"","_VenueStateProvince":"","_VenueLat":"","_VenueLng":"","_VenueShowMap":false,"_VenueShowMapLink":false,"footnotes":""},"class_list":["post-350","page","type-page","status-publish","hentry"],"_links":{"self":[{"href":"https:\/\/ldv.sace.fr\/index.php\/wp-json\/wp\/v2\/pages\/350","targetHints":{"allow":["GET"]}}],"collection":[{"href":"https:\/\/ldv.sace.fr\/index.php\/wp-json\/wp\/v2\/pages"}],"about":[{"href":"https:\/\/ldv.sace.fr\/index.php\/wp-json\/wp\/v2\/types\/page"}],"author":[{"embeddable":true,"href":"https:\/\/ldv.sace.fr\/index.php\/wp-json\/wp\/v2\/users\/1"}],"replies":[{"embeddable":true,"href":"https:\/\/ldv.sace.fr\/index.php\/wp-json\/wp\/v2\/comments?post=350"}],"version-history":[{"count":8,"href":"https:\/\/ldv.sace.fr\/index.php\/wp-json\/wp\/v2\/pages\/350\/revisions"}],"predecessor-version":[{"id":423,"href":"https:\/\/ldv.sace.fr\/index.php\/wp-json\/wp\/v2\/pages\/350\/revisions\/423"}],"up":[{"embeddable":true,"href":"https:\/\/ldv.sace.fr\/index.php\/wp-json\/wp\/v2\/pages\/333"}],"wp:attachment":[{"href":"https:\/\/ldv.sace.fr\/index.php\/wp-json\/wp\/v2\/media?parent=350"}],"curies":[{"name":"wp","href":"https:\/\/api.w.org\/{rel}","templated":true}]}}