{"id":365,"date":"2024-03-27T11:05:29","date_gmt":"2024-03-27T10:05:29","guid":{"rendered":"https:\/\/ldv.sace.fr\/?page_id=365"},"modified":"2024-04-02T17:02:14","modified_gmt":"2024-04-02T15:02:14","slug":"nouveau-lotissement","status":"publish","type":"page","link":"https:\/\/ldv.sace.fr\/index.php\/la-vie-communale\/projets\/nouveau-lotissement\/","title":{"rendered":"Nouveau lotissement"},"content":{"rendered":"\n<p>La viabilisation a \u00e9t\u00e9 faite \u00e0 l\u2019automne 2022 pour ce nouveau lotissement, \u00e0 proximit\u00e9 imm\u00e9diate de l\u2019\u00e9cole.<br><br>9 parcelles de 285 \u00e0 1030 m\u00b2 sont disponibles \u00e0 la construction au prix de 67,50 \u20ac TTC le m\u00b2. Il y aura \u00e9galement 4 logements locatifs construits par Mayenne Habitat en 2024. A la fin des constructions, une aire de jeux sera r\u00e9alis\u00e9e au centre de ce lotissement.<\/p>\n\n\n\n<p>Voici le plan de l\u2019op\u00e9ration, la mairie se tient \u00e0 votre disposition pour tout renseignement :<\/p>\n\n\n\n<figure class=\"wp-block-image size-large\"><a href=\"https:\/\/ldv.sace.fr\/wp-content\/uploads\/2024\/04\/SACE-Lotissement-Le-Corbinu.jpg\"><img loading=\"lazy\" decoding=\"async\" width=\"1024\" height=\"673\" src=\"https:\/\/ldv.sace.fr\/wp-content\/uploads\/2024\/04\/SACE-Lotissement-Le-Corbinu-1024x673.jpg\" alt=\"\" class=\"wp-image-440\" srcset=\"https:\/\/ldv.sace.fr\/wp-content\/uploads\/2024\/04\/SACE-Lotissement-Le-Corbinu-1024x673.jpg 1024w, https:\/\/ldv.sace.fr\/wp-content\/uploads\/2024\/04\/SACE-Lotissement-Le-Corbinu-300x197.jpg 300w, https:\/\/ldv.sace.fr\/wp-content\/uploads\/2024\/04\/SACE-Lotissement-Le-Corbinu-768x505.jpg 768w, https:\/\/ldv.sace.fr\/wp-content\/uploads\/2024\/04\/SACE-Lotissement-Le-Corbinu.jpg 1327w\" sizes=\"auto, (max-width: 1024px) 100vw, 1024px\" \/><\/a><\/figure>\n","protected":false},"excerpt":{"rendered":"<p>La viabilisation a \u00e9t\u00e9 faite \u00e0 l\u2019automne 2022 pour ce nouveau lotissement, \u00e0 proximit\u00e9 imm\u00e9diate de l\u2019\u00e9cole. 9 parcelles de 285 \u00e0 1030 m\u00b2 sont disponibles \u00e0 la construction au [&hellip;]<\/p>\n","protected":false},"author":1,"featured_media":0,"parent":363,"menu_order":0,"comment_status":"closed","ping_status":"closed","template":"","meta":{"_EventAllDay":false,"_EventTimezone":"","_EventStartDate":"","_EventEndDate":"","_EventStartDateUTC":"","_EventEndDateUTC":"","_EventShowMap":false,"_EventShowMapLink":false,"_EventURL":"","_EventCost":"","_EventCostDescription":"","_EventCurrencySymbol":"","_EventCurrencyCode":"","_EventCurrencyPosition":"","_EventDateTimeSeparator":"","_EventTimeRangeSeparator":"","_EventOrganizerID":[],"_EventVenueID":[],"_OrganizerEmail":"","_OrganizerPhone":"","_OrganizerWebsite":"","_VenueAddress":"","_VenueCity":"","_VenueCountry":"","_VenueProvince":"","_VenueState":"","_VenueZip":"","_VenuePhone":"","_VenueURL":"","_VenueStateProvince":"","_VenueLat":"","_VenueLng":"","_VenueShowMap":false,"_VenueShowMapLink":false,"footnotes":""},"class_list":["post-365","page","type-page","status-publish","hentry"],"_links":{"self":[{"href":"https:\/\/ldv.sace.fr\/index.php\/wp-json\/wp\/v2\/pages\/365","targetHints":{"allow":["GET"]}}],"collection":[{"href":"https:\/\/ldv.sace.fr\/index.php\/wp-json\/wp\/v2\/pages"}],"about":[{"href":"https:\/\/ldv.sace.fr\/index.php\/wp-json\/wp\/v2\/types\/page"}],"author":[{"embeddable":true,"href":"https:\/\/ldv.sace.fr\/index.php\/wp-json\/wp\/v2\/users\/1"}],"replies":[{"embeddable":true,"href":"https:\/\/ldv.sace.fr\/index.php\/wp-json\/wp\/v2\/comments?post=365"}],"version-history":[{"count":2,"href":"https:\/\/ldv.sace.fr\/index.php\/wp-json\/wp\/v2\/pages\/365\/revisions"}],"predecessor-version":[{"id":442,"href":"https:\/\/ldv.sace.fr\/index.php\/wp-json\/wp\/v2\/pages\/365\/revisions\/442"}],"up":[{"embeddable":true,"href":"https:\/\/ldv.sace.fr\/index.php\/wp-json\/wp\/v2\/pages\/363"}],"wp:attachment":[{"href":"https:\/\/ldv.sace.fr\/index.php\/wp-json\/wp\/v2\/media?parent=365"}],"curies":[{"name":"wp","href":"https:\/\/api.w.org\/{rel}","templated":true}]}}