{"id":642,"date":"2024-04-17T11:00:58","date_gmt":"2024-04-17T09:00:58","guid":{"rendered":"https:\/\/ldv.sace.fr\/?page_id=642"},"modified":"2024-04-17T11:00:59","modified_gmt":"2024-04-17T09:00:59","slug":"politique-de-confidentialite","status":"publish","type":"page","link":"https:\/\/ldv.sace.fr\/index.php\/politique-de-confidentialite\/","title":{"rendered":"Politique de confidentialit\u00e9"},"content":{"rendered":"\n<h4 class=\"wp-block-heading\"><strong>1.Collecte de l\u2019information<\/strong><\/h4>\n\n\n\n<p>Nous recueillons des informations lorsque vous nous contacter via le formulaire contact et de prise de contacte. Les informations recueillies incluent votre nom, votre adresse e-mail, num\u00e9ro de t\u00e9l\u00e9phone.<br><br>En outre, nous recevons et enregistrons automatiquement des informations \u00e0 partir de votre ordinateur et navigateur, y compris votre adresse IP, vos logiciels et votre mat\u00e9riel, et la page que vous demandez.<br>\t<\/p>\n\n\n\n<h4 class=\"wp-block-heading\"><strong><br>2. Utilisation des informations<\/strong><\/h4>\n\n\n\n<p>Toutes les informations que nous recueillons aupr\u00e8s de vous peuvent \u00eatre utilis\u00e9es pour :<br><br>-R\u00e9pondre \u00e0 vos besoins individuels<br>&#8211; Am\u00e9liorer notre site<br>&#8211; Vous contacter par e-mail<br><br>\t<\/p>\n\n\n\n<h4 class=\"wp-block-heading\"><strong><br>3. Confidentialit\u00e9 du commerce en ligne<\/strong><\/h4>\n\n\n\n<p>Nous sommes les seuls propri\u00e9taires des informations recueillies sur ce site. Vos informations personnelles ne seront pas vendues, \u00e9chang\u00e9es, transf\u00e9r\u00e9es, ou donn\u00e9es \u00e0 une autre soci\u00e9t\u00e9 pour n\u2019importe quelle raison, sans votre consentement, en dehors de ce qui est n\u00e9cessaire pour r\u00e9pondre \u00e0 une demande.<br>\t<\/p>\n\n\n\n<h4 class=\"wp-block-heading\"><strong><br>4. Divulgation \u00e0 des tiers<\/strong><\/h4>\n\n\n\n<p>Nous ne vendons, n\u2019\u00e9changeons et ne transf\u00e9rons pas vos informations personnelles identifiables \u00e0 des tiers. Cela ne comprend pas les tierce parties de confiance qui nous aident \u00e0 exploiter notre site Web ou \u00e0 mener nos affaires, tant que ces parties conviennent de garder ces informations confidentielles.\n\nNous pensons qu\u2019il est n\u00e9cessaire de partager des informations afin d\u2019enqu\u00eater, de pr\u00e9venir ou de prendre des mesures concernant des activit\u00e9s ill\u00e9gales, fraudes pr\u00e9sum\u00e9es, situations impliquant des menaces potentielles \u00e0 la s\u00e9curit\u00e9 physique de toute personne, violations de nos conditions d\u2019utilisation, ou quand la loi nous y contraint.\n\nLes informations non-priv\u00e9es, cependant, peuvent \u00eatre fournies \u00e0 d\u2019autres parties pour le marketing, la publicit\u00e9, ou d\u2019autres utilisations.\n\t<\/p>\n\n\n\n<h4 class=\"wp-block-heading\"><strong><br>5. Protection des informations<\/strong><\/h4>\n\n\n\n<p>Nous mettons en \u0153uvre une vari\u00e9t\u00e9 de mesures de s\u00e9curit\u00e9 pour pr\u00e9server la s\u00e9curit\u00e9 de vos informations personnelles. Nous utilisons un cryptage \u00e0 la pointe de la technologie pour prot\u00e9ger les informations sensibles transmises en ligne. Nous prot\u00e9geons \u00e9galement vos informations hors ligne. Seuls les employ\u00e9s qui ont besoin d\u2019effectuer un travail sp\u00e9cifique ont acc\u00e8s aux informations personnelles identifiables. Les ordinateurs et serveurs utilis\u00e9s pour stocker des informations personnelles identifiables sont conserv\u00e9s dans un environnement s\u00e9curis\u00e9.<br>\t<\/p>\n\n\n\n<h5 class=\"wp-block-heading\"><strong>Est-ce que nous utilisons des cookies ?<\/strong><\/h5>\n\n\n\n<p>Nos cookies am\u00e9liorent l\u2019acc\u00e8s \u00e0 notre site et identifient les visiteurs r\u00e9guliers. En outre, nos cookies am\u00e9liorent l\u2019exp\u00e9rience d\u2019utilisateur gr\u00e2ce au suivi et au ciblage de ses int\u00e9r\u00eats. Cependant, cette utilisation des cookies n\u2019est en aucune fa\u00e7on li\u00e9e \u00e0 des informations personnelles identifiables sur notre site.\n\t<\/p>\n\n\n\n<h4 class=\"wp-block-heading\"><strong><br><br>7. Consentement<\/strong><\/h4>\n\n\n\n<p>En utilisant notre site, vous consentez \u00e0 notre politique de confidentialit\u00e9.\n\t<\/p>\n","protected":false},"excerpt":{"rendered":"<p>1.Collecte de l\u2019information Nous recueillons des informations lorsque vous nous contacter via le formulaire contact et de prise de contacte. Les informations recueillies incluent votre nom, votre adresse e-mail, num\u00e9ro [&hellip;]<\/p>\n","protected":false},"author":1,"featured_media":0,"parent":0,"menu_order":0,"comment_status":"closed","ping_status":"closed","template":"","meta":{"_EventAllDay":false,"_EventTimezone":"","_EventStartDate":"","_EventEndDate":"","_EventStartDateUTC":"","_EventEndDateUTC":"","_EventShowMap":false,"_EventShowMapLink":false,"_EventURL":"","_EventCost":"","_EventCostDescription":"","_EventCurrencySymbol":"","_EventCurrencyCode":"","_EventCurrencyPosition":"","_EventDateTimeSeparator":"","_EventTimeRangeSeparator":"","_EventOrganizerID":[],"_EventVenueID":[],"_OrganizerEmail":"","_OrganizerPhone":"","_OrganizerWebsite":"","_VenueAddress":"","_VenueCity":"","_VenueCountry":"","_VenueProvince":"","_VenueState":"","_VenueZip":"","_VenuePhone":"","_VenueURL":"","_VenueStateProvince":"","_VenueLat":"","_VenueLng":"","_VenueShowMap":false,"_VenueShowMapLink":false,"footnotes":""},"class_list":["post-642","page","type-page","status-publish","hentry"],"_links":{"self":[{"href":"https:\/\/ldv.sace.fr\/index.php\/wp-json\/wp\/v2\/pages\/642","targetHints":{"allow":["GET"]}}],"collection":[{"href":"https:\/\/ldv.sace.fr\/index.php\/wp-json\/wp\/v2\/pages"}],"about":[{"href":"https:\/\/ldv.sace.fr\/index.php\/wp-json\/wp\/v2\/types\/page"}],"author":[{"embeddable":true,"href":"https:\/\/ldv.sace.fr\/index.php\/wp-json\/wp\/v2\/users\/1"}],"replies":[{"embeddable":true,"href":"https:\/\/ldv.sace.fr\/index.php\/wp-json\/wp\/v2\/comments?post=642"}],"version-history":[{"count":1,"href":"https:\/\/ldv.sace.fr\/index.php\/wp-json\/wp\/v2\/pages\/642\/revisions"}],"predecessor-version":[{"id":643,"href":"https:\/\/ldv.sace.fr\/index.php\/wp-json\/wp\/v2\/pages\/642\/revisions\/643"}],"wp:attachment":[{"href":"https:\/\/ldv.sace.fr\/index.php\/wp-json\/wp\/v2\/media?parent=642"}],"curies":[{"name":"wp","href":"https:\/\/api.w.org\/{rel}","templated":true}]}}