{"id":657,"date":"2024-04-17T11:17:47","date_gmt":"2024-04-17T09:17:47","guid":{"rendered":"https:\/\/ldv.sace.fr\/?page_id=657"},"modified":"2024-04-17T11:17:47","modified_gmt":"2024-04-17T09:17:47","slug":"mentions-legales","status":"publish","type":"page","link":"https:\/\/ldv.sace.fr\/index.php\/mentions-legales\/","title":{"rendered":"Mentions l\u00e9gales"},"content":{"rendered":"\n<h2 class=\"wp-block-heading\">Acceptation des conditions d\u2019utilisation<\/h2>\n\n\n\n<p>La \u00a0marie de Sac\u00e9\u00a0met \u00e0 votre disposition sur ce site web des informations, documents, et divers services soumis aux termes et conditions pr\u00e9sent\u00e9s dans ce document (les \u00ab\u00a0conditions d\u2019utilisation\u00a0\u00bb). En acc\u00e9dant \u00e0 ce site, vous en acceptez les conditions d\u2019utilisation. La marie de Sac\u00e9\u00a0se r\u00e9serve le droit de modifier les conditions d\u2019utilisation de temps \u00e0 autre, \u00e0 sa seule discr\u00e9tion. Votre utilisation du site sera soumise \u00e0 la version la plus r\u00e9cente des conditions d\u2019utilisation post\u00e9es sur le site au moment de cette utilisation. De plus, lors de l\u2019utilisation des services, vous serez soumis aux \u00e9ventuelles directives ou r\u00e8gles post\u00e9es sur le site et applicables \u00e0 ceux-ci, pouvant contenir des termes et conditions qui s\u2019ajoutent aux conditions d\u2019utilisation. Toutes ces directives ou r\u00e8gles sont ci-apr\u00e8s incluses par r\u00e9f\u00e9rence dans les conditions d\u2019utilisation. Le non-respect de l\u2019une ou l\u2019autre des conditions d\u2019utilisation met automatiquement fin \u00e0 votre autorisation d\u2019utiliser ce site.<\/p>\n\n\n\n<h2 class=\"wp-block-heading\">Droits d\u2019auteur<\/h2>\n\n\n\n<p>Les informations, documents et services de ce site sont prot\u00e9g\u00e9s par les lois sur les droits d\u2019auteur et\/ou la propri\u00e9t\u00e9 intellectuelle. Toute utilisation non-autoris\u00e9e de ceux-ci peut constituer une violation de ces lois.<br>Sauf disposition explicite dans le pr\u00e9sent document, aucune partie des informations et documents du site ne peut \u00eatre reproduite sous quelque forme que ce soit et par quelque moyen que ce soit sans l\u2019autorisation \u00e9crite pr\u00e9alable de la maire de Sac\u00e9.<\/p>\n\n\n\n<h2 class=\"wp-block-heading\">Utilisation des informations du site<\/h2>\n\n\n\n<p>Sauf indication contraire \u00e0 tout autre endroit sur le Site, vous \u00eates autoris\u00e9 \u00e0 consulter, t\u00e9l\u00e9charger et imprimer les documents et informations disponibles sur ce site aux conditions suivantes :<\/p>\n\n\n\n<ul class=\"wp-block-list\">\n<li>Les documents ne peuvent \u00eatre utilis\u00e9s qu\u2019\u00e0 titre personnel, pour information, en interne et dans un but non lucratif<\/li>\n\n\n\n<li>Les documents et informations ne peuvent \u00eatre modifi\u00e9s de quelque mani\u00e8re que ce soit<\/li>\n\n\n\n<li>Les documents et informations du Site ne peuvent \u00eatre diffus\u00e9s<\/li>\n\n\n\n<li>Vous ne devez en aucun cas supprimer les droits d\u2019auteur et autres indications de propri\u00e9t\u00e9 que contiennent les documents et informations<\/li>\n\n\n\n<li>La mairie de Sac\u00e9 se r\u00e9serve le droit de supprimer l\u2019autorisation de consulter, t\u00e9l\u00e9charger et imprimer les documents et informations du site \u00e0 tout moment. Tout usage des droits susmentionn\u00e9s doit cesser imm\u00e9diatement sur avis \u00e9crit de la mairie de Sac\u00e9.<\/li>\n\n\n\n<li>Les droits qui vous sont accord\u00e9s constituent une licence et non un transfert de propri\u00e9t\u00e9<\/li>\n<\/ul>\n\n\n\n<p>Les droits ci-dessus mentionn\u00e9s concernant la consultation, le t\u00e9l\u00e9chargement et l\u2019impression des documents et informations propos\u00e9s sur le site ne s\u2019appliquent pas \u00e0 la conception ou la mise en page du site.<\/p>\n\n\n\n<h2 class=\"wp-block-heading\">Informatique et libert\u00e9s<\/h2>\n\n\n\n<p>Il est ici rappel\u00e9 que conform\u00e9ment \u00e0 la loi n\u00b0 78-17 du 6 janvier 1978, dite loi informatique et libert\u00e9, qu\u2019aucune information saisie ne sera divulgu\u00e9e \u00e0 un tiers. Vous disposez d\u2019un droit d\u2019acc\u00e8s, de modification, de rectification et de suppression des donn\u00e9es qui vous concernent (art. 34 de la loi \u00ab&nbsp;Informatique et Libert\u00e9s&nbsp;\u00bb). Pour l\u2019exercer, contactez-nous.<\/p>\n","protected":false},"excerpt":{"rendered":"<p>Acceptation des conditions d\u2019utilisation La \u00a0marie de Sac\u00e9\u00a0met \u00e0 votre disposition sur ce site web des informations, documents, et divers services soumis aux termes et conditions pr\u00e9sent\u00e9s dans ce document [&hellip;]<\/p>\n","protected":false},"author":1,"featured_media":0,"parent":0,"menu_order":0,"comment_status":"closed","ping_status":"closed","template":"","meta":{"_EventAllDay":false,"_EventTimezone":"","_EventStartDate":"","_EventEndDate":"","_EventStartDateUTC":"","_EventEndDateUTC":"","_EventShowMap":false,"_EventShowMapLink":false,"_EventURL":"","_EventCost":"","_EventCostDescription":"","_EventCurrencySymbol":"","_EventCurrencyCode":"","_EventCurrencyPosition":"","_EventDateTimeSeparator":"","_EventTimeRangeSeparator":"","_EventOrganizerID":[],"_EventVenueID":[],"_OrganizerEmail":"","_OrganizerPhone":"","_OrganizerWebsite":"","_VenueAddress":"","_VenueCity":"","_VenueCountry":"","_VenueProvince":"","_VenueState":"","_VenueZip":"","_VenuePhone":"","_VenueURL":"","_VenueStateProvince":"","_VenueLat":"","_VenueLng":"","_VenueShowMap":false,"_VenueShowMapLink":false,"footnotes":""},"class_list":["post-657","page","type-page","status-publish","hentry"],"_links":{"self":[{"href":"https:\/\/ldv.sace.fr\/index.php\/wp-json\/wp\/v2\/pages\/657","targetHints":{"allow":["GET"]}}],"collection":[{"href":"https:\/\/ldv.sace.fr\/index.php\/wp-json\/wp\/v2\/pages"}],"about":[{"href":"https:\/\/ldv.sace.fr\/index.php\/wp-json\/wp\/v2\/types\/page"}],"author":[{"embeddable":true,"href":"https:\/\/ldv.sace.fr\/index.php\/wp-json\/wp\/v2\/users\/1"}],"replies":[{"embeddable":true,"href":"https:\/\/ldv.sace.fr\/index.php\/wp-json\/wp\/v2\/comments?post=657"}],"version-history":[{"count":1,"href":"https:\/\/ldv.sace.fr\/index.php\/wp-json\/wp\/v2\/pages\/657\/revisions"}],"predecessor-version":[{"id":658,"href":"https:\/\/ldv.sace.fr\/index.php\/wp-json\/wp\/v2\/pages\/657\/revisions\/658"}],"wp:attachment":[{"href":"https:\/\/ldv.sace.fr\/index.php\/wp-json\/wp\/v2\/media?parent=657"}],"curies":[{"name":"wp","href":"https:\/\/api.w.org\/{rel}","templated":true}]}}